{"id":54257,"date":"2024-01-04T18:56:43","date_gmt":"2024-01-04T11:56:43","guid":{"rendered":"https:\/\/mouldking.store\/shop\/caco-s012-peanuts-snoopy-bakery-shop-with-427-pieces\/"},"modified":"2024-01-04T18:56:43","modified_gmt":"2024-01-04T11:56:43","slug":"caco-s012-peanuts-snoopy-bakery-shop-with-427-pieces","status":"publish","type":"product","link":"https:\/\/mouldking.store\/hu\/shop\/caco-s012-peanuts-snoopy-bakery-shop-with-427-pieces\/","title":{"rendered":"CACO S012 Peanuts Snoopy p\u00e9ks\u00e9g 427 darabbal"},"content":{"rendered":"<div>\u2705CACO S012 Peanuts Snoopy Bakery Shop<br \/>&nbsp;<br \/>\u2705Snoopy is a beloved fictional character from the Peanuts comic strip created by Charles M. Schulz. The Peanuts comic strip, which ran from 1950 to 2000, featured a group of child characters, with Snoopy being one of the most iconic.<br \/>&nbsp;<br \/>\ud83d\udeab FONTOS!&nbsp;<br \/>&nbsp;<br \/>Product Name: Peanuts Snoopy Bakery Shop<br \/>&nbsp;<br \/>Kateg\u00f3ria: Alkot\u00f3&nbsp;<br \/>&nbsp;<br \/>This Kit Contains: CACO S012&nbsp;<br \/>&nbsp;<br \/>427 pcs Good Quality Bricks&nbsp;<br \/>&nbsp;<br \/>K\u00e9zi utas\u00edt\u00e1sok&nbsp;<br \/>&nbsp;<br \/>\ud83d\udcccA f\u0151szerepl\u0151 term\u00e9szete&nbsp;<br \/>&nbsp;<br \/>Introducing our proud collection named \u201cPeanuts Snoopy Bakery Shop\u201d you should not miss.&nbsp;<br \/>&nbsp;<br \/>Snoopy is a beagle dog who is Charlie Brown&#8217;s pet. He is known for his vivid imagination and often engages in various fantasy roles, such as a World War I flying ace or Joe Cool, his alter ego. Despite being a dog, Snoopy is highly anthropomorphized, displaying human-like thoughts and actions.<\/div>","protected":false},"excerpt":{"rendered":"<p>M\u00e1rka: CACO<br \/>\nNem: Uniszex<br \/>\nKoroszt\u00e1ly: &gt; 6 \u00e9v<br \/>\nModel Number: S012<br \/>\nBesorol\u00e1s: \u00d6sszeszerel\u00e9s<br \/>\nM\u0171anyag blokk forma: \u00f6nz\u00e1r\u00f3 t\u00e9gla<br \/>\nAnyaga: M\u0171anyag<br \/>\nM\u0171anyag t\u00edpus: ABS<br \/>\nBricks Blocks: 427 +<br \/>\nEredeti doboza nincs<\/p>","protected":false},"featured_media":54255,"comment_status":"open","ping_status":"closed","template":"","meta":{"_acf_changed":false},"product_cat":[1365,371,581,1408],"product_tag":[8594,11072,8452,434,12975,1711,12976],"class_list":["product","first","instock","shipping-taxable","purchasable","product-type-simple"],"acf":[],"_links":{"self":[{"href":"https:\/\/mouldking.store\/hu\/wp-json\/wp\/v2\/product\/54257","targetHints":{"allow":["GET"]}}],"collection":[{"href":"https:\/\/mouldking.store\/hu\/wp-json\/wp\/v2\/product"}],"about":[{"href":"https:\/\/mouldking.store\/hu\/wp-json\/wp\/v2\/types\/product"}],"replies":[{"embeddable":true,"href":"https:\/\/mouldking.store\/hu\/wp-json\/wp\/v2\/comments?post=54257"}],"wp:featuredmedia":[{"embeddable":true,"href":"https:\/\/mouldking.store\/hu\/wp-json\/wp\/v2\/media\/54255"}],"wp:attachment":[{"href":"https:\/\/mouldking.store\/hu\/wp-json\/wp\/v2\/media?parent=54257"}],"wp:term":[{"taxonomy":"product_cat","embeddable":true,"href":"https:\/\/mouldking.store\/hu\/wp-json\/wp\/v2\/product_cat?post=54257"},{"taxonomy":"product_tag","embeddable":true,"href":"https:\/\/mouldking.store\/hu\/wp-json\/wp\/v2\/product_tag?post=54257"}],"curies":[{"name":"wp","href":"https:\/\/api.w.org\/{rel}","templated":true}]}}