{"id":54291,"date":"2024-01-04T18:57:41","date_gmt":"2024-01-04T11:57:41","guid":{"rendered":"https:\/\/mouldking.store\/shop\/caco-s010-snoopy-gingerbread-house-with-593-pieces\/"},"modified":"2024-01-04T18:57:41","modified_gmt":"2024-01-04T11:57:41","slug":"caco-s010-snoopy-gingerbread-house-with-593-pieces","status":"publish","type":"product","link":"https:\/\/mouldking.store\/hu\/shop\/caco-s010-snoopy-gingerbread-house-with-593-pieces\/","title":{"rendered":"CACO S010 Snoopy Gingerbread House with 593 Pieces"},"content":{"rendered":"<div>\u2705 CACO S010 Snoopy Gingerbread House<br \/>&nbsp;<br \/>\u2705Snoopy is a beagle dog who is Charlie Brown&#8217;s pet. He is known for his vivid imagination and often engages in various fantasy roles, such as a World War I flying ace or Joe Cool, his alter ego. Despite being a dog, Snoopy is highly anthropomorphized, displaying human-like thoughts and actions.<br \/>&nbsp;<br \/>\ud83d\udeab FONTOS!&nbsp;<br \/>&nbsp;<br \/>Product Name: Snoopy Gingerbread House<br \/>&nbsp;<br \/>Kateg\u00f3ria: Film<br \/>&nbsp;<br \/>This Kit Contains:&nbsp; CACO S010<br \/>&nbsp;<br \/>593 pcs Good Quality Bricks&nbsp;<br \/>&nbsp;<br \/>Size:14.4 x 10.7 x 21.9cm&nbsp;<br \/>&nbsp;<br \/>K\u00e9zi utas\u00edt\u00e1sok&nbsp;<br \/>&nbsp;<br \/>\ud83d\udcccA f\u0151szerepl\u0151 term\u00e9szete&nbsp;<br \/>&nbsp;<br \/>Introducing our proud collection named \u201cSnoopy Gingerbread House\u201d you should not miss.&nbsp;<br \/>&nbsp;<br \/>A gingerbread house is a festive and edible decoration made from gingerbread cookie dough. These delightful creations are often associated with the holiday season, especially Christmas. Building and decorating gingerbread houses is a popular holiday tradition in many cultures. It is often done as a family or group activity, bringing people together to celebrate the festive season.<\/div>","protected":false},"excerpt":{"rendered":"<p>M\u00e1rka: CACO<br \/>\nNem: Uniszex<br \/>\nKoroszt\u00e1ly: &gt; 6 \u00e9v<br \/>\nModel Number: S010<br \/>\nBesorol\u00e1s: \u00d6sszeszerel\u00e9s<br \/>\nM\u0171anyag blokk forma: \u00f6nz\u00e1r\u00f3 t\u00e9gla<br \/>\nAnyaga: M\u0171anyag<br \/>\nM\u0171anyag t\u00edpus: ABS<br \/>\nBricks Blocks: 593 +<br \/>\nEredeti doboza nincs<\/p>","protected":false},"featured_media":54285,"comment_status":"open","ping_status":"closed","template":"","meta":{"_acf_changed":false},"product_cat":[1365,371,581,1408],"product_tag":[1066,11072,8452,7499,7502,434,12976],"class_list":["product","first","instock","shipping-taxable","purchasable","product-type-simple"],"acf":[],"_links":{"self":[{"href":"https:\/\/mouldking.store\/hu\/wp-json\/wp\/v2\/product\/54291","targetHints":{"allow":["GET"]}}],"collection":[{"href":"https:\/\/mouldking.store\/hu\/wp-json\/wp\/v2\/product"}],"about":[{"href":"https:\/\/mouldking.store\/hu\/wp-json\/wp\/v2\/types\/product"}],"replies":[{"embeddable":true,"href":"https:\/\/mouldking.store\/hu\/wp-json\/wp\/v2\/comments?post=54291"}],"wp:featuredmedia":[{"embeddable":true,"href":"https:\/\/mouldking.store\/hu\/wp-json\/wp\/v2\/media\/54285"}],"wp:attachment":[{"href":"https:\/\/mouldking.store\/hu\/wp-json\/wp\/v2\/media?parent=54291"}],"wp:term":[{"taxonomy":"product_cat","embeddable":true,"href":"https:\/\/mouldking.store\/hu\/wp-json\/wp\/v2\/product_cat?post=54291"},{"taxonomy":"product_tag","embeddable":true,"href":"https:\/\/mouldking.store\/hu\/wp-json\/wp\/v2\/product_tag?post=54291"}],"curies":[{"name":"wp","href":"https:\/\/api.w.org\/{rel}","templated":true}]}}