{"id":54419,"date":"2024-01-17T12:47:59","date_gmt":"2024-01-17T05:47:59","guid":{"rendered":"https:\/\/mouldking.store\/shop\/mould-king-21074-the-republic-attacked-the-cruiser-with-1320-pieces\/"},"modified":"2024-02-20T18:28:54","modified_gmt":"2024-02-20T11:28:54","slug":"mould-king-21074-the-republic-attacked-the-cruiser-with-1320-pieces","status":"publish","type":"product","link":"https:\/\/mouldking.store\/hu\/shop\/mould-king-21074-the-republic-attacked-the-cruiser-with-1320-pieces\/","title":{"rendered":"MOULD KING 21074 The Republic Attacked The Cruiser with 1320 Pieces"},"content":{"rendered":"<div>\u2705Mould King 21074 The Republic Attacked The Cruiser<br \/>&nbsp;<br \/>\u2705&#8221;The Republic attacked the cruiser&#8221; appears to refer to a fictional or historical event within the context of the Star Wars universe. In Star Wars, the Galactic Republic and the Separatists (Confederacy of Independent Systems) were two opposing factions engaged in a galactic conflict known as the Clone Wars.<br \/>&nbsp;<br \/>\ud83d\udeab FONTOS!&nbsp;<br \/>&nbsp;<br \/>Product Name: The Republic Attacked The Cruiser<br \/>&nbsp;<br \/>Kateg\u00f3ria: Star Wars<br \/>&nbsp;<br \/>This Kit Contains: Mould King 21074<br \/>&nbsp;<br \/>1320 pcs Good Quality Bricks&nbsp;<br \/>&nbsp;<br \/>Size: 45 \u00d7 23 \u00d7 18.5 cm<br \/>&nbsp;<br \/>K\u00e9zi utas\u00edt\u00e1sok&nbsp;<br \/>&nbsp;<br \/>\ud83d\udcccA f\u0151szerepl\u0151 term\u00e9szete&nbsp;<br \/>&nbsp;<br \/>Introducing our proud collection named \u201cThe Republic Attacked The Cruiser\u201d you should not miss.&nbsp;<br \/>&nbsp;<br \/>During the Clone Wars, various space battles occurred between the Republic and Separatist forces. Republic cruisers, such as Venator-class Star Destroyers, were commonly used in these engagements. Separatist cruisers, such as the Munificent-class star frigates, were also prominent in their fleet.<\/div>","protected":false},"excerpt":{"rendered":"<p>M\u00e1rka: MOLD KING<br \/>\nNem: Uniszex<br \/>\nKoroszt\u00e1ly: 8 \u00e9v felett<br \/>\nModel Number: 21074<br \/>\nBesorol\u00e1s: \u00d6sszeszerel\u00e9s<br \/>\nM\u0171anyag blokk forma: \u00f6nz\u00e1r\u00f3 t\u00e9gla<br \/>\nAnyaga: M\u0171anyag<br \/>\nM\u0171anyag t\u00edpus: ABS<br \/>\nBricks Blocks: 1320 +<br \/>\nEredeti doboza nincs<\/p>","protected":false},"featured_media":54410,"comment_status":"open","ping_status":"closed","template":"","meta":{"_acf_changed":false},"product_cat":[1357,6016,415,364],"product_tag":[5541,3443,2276,436,389],"class_list":["product","first","outofstock","shipping-taxable","purchasable","product-type-simple"],"acf":[],"_links":{"self":[{"href":"https:\/\/mouldking.store\/hu\/wp-json\/wp\/v2\/product\/54419","targetHints":{"allow":["GET"]}}],"collection":[{"href":"https:\/\/mouldking.store\/hu\/wp-json\/wp\/v2\/product"}],"about":[{"href":"https:\/\/mouldking.store\/hu\/wp-json\/wp\/v2\/types\/product"}],"replies":[{"embeddable":true,"href":"https:\/\/mouldking.store\/hu\/wp-json\/wp\/v2\/comments?post=54419"}],"wp:featuredmedia":[{"embeddable":true,"href":"https:\/\/mouldking.store\/hu\/wp-json\/wp\/v2\/media\/54410"}],"wp:attachment":[{"href":"https:\/\/mouldking.store\/hu\/wp-json\/wp\/v2\/media?parent=54419"}],"wp:term":[{"taxonomy":"product_cat","embeddable":true,"href":"https:\/\/mouldking.store\/hu\/wp-json\/wp\/v2\/product_cat?post=54419"},{"taxonomy":"product_tag","embeddable":true,"href":"https:\/\/mouldking.store\/hu\/wp-json\/wp\/v2\/product_tag?post=54419"}],"curies":[{"name":"wp","href":"https:\/\/api.w.org\/{rel}","templated":true}]}}