{"id":54422,"date":"2024-01-17T12:48:01","date_gmt":"2024-01-17T05:48:01","guid":{"rendered":"https:\/\/mouldking.store\/shop\/mould-king-21073-imperial-class-star-destroyer-with-1845-pieces\/"},"modified":"2025-06-19T17:46:31","modified_gmt":"2025-06-19T10:46:31","slug":"mould-king-21073-imperial-class-star-destroyer-with-1845-pieces","status":"publish","type":"product","link":"https:\/\/mouldking.store\/hu\/shop\/mould-king-21073-imperial-class-star-destroyer-with-1845-pieces\/","title":{"rendered":"MOLD KING 21073 Imperial Class csillagrombol\u00f3 1845 darabbal"},"content":{"rendered":"<div>\u2705Mould King 21073 Imperial Class Star Destroyer<br \/>&nbsp;<br \/>\u2705<br \/>The Imperial-class Star Destroyer is an iconic capital ship in the Star Wars universe, known for its imposing size and role within the Imperial Navy. These massive warships serve as both battleships and command ships for the Galactic Empire.&nbsp;<br \/>&nbsp;<br \/>\ud83d\udeab FONTOS!&nbsp;<br \/>&nbsp;<br \/>Product Name: Imperial Class Star Destroyer<br \/>&nbsp;<br \/>Kateg\u00f3ria: Star Wars<br \/>&nbsp;<br \/>This Kit Contains: Mould King 21073<br \/>&nbsp;<br \/>1845 pcs Good Quality Bricks&nbsp;<\/p>\n<p>Size:&nbsp; 42 \u00d7 27 \u00d7 19.5 cm<br \/>&nbsp;<br \/>K\u00e9zi utas\u00edt\u00e1sok&nbsp;<br \/>&nbsp;<br \/>\ud83d\udcccA f\u0151szerepl\u0151 term\u00e9szete&nbsp;<br \/>&nbsp;<br \/>Introducing our proud collection named \u201c Imperial Class Star Destroyer\u201d you should not miss.&nbsp;<br \/>&nbsp;<br \/>The Imperial-class Star Destroyer has a distinctive dagger-shaped design with a prominent command tower. Its hull is adorned with heavy armor and features various weapons systems. The typical length of an Imperial-class Star Destroyer is around 1,600 meters (about 1 mile). This massive size contributes to its dominance on the battlefield. Imperial-class Star Destroyers serve as the backbone of the Imperial Navy, projecting the Empire&#8217;s military power across the galaxy. They are used for space superiority, planetary bombardment, and as command ships for fleet operations.<\/div>","protected":false},"excerpt":{"rendered":"<p>M\u00e1rka: MOLD KING<br \/>\nNem: Uniszex<br \/>\nKoroszt\u00e1ly: 8 \u00e9v felett<br \/>\nModel Number: 21073<br \/>\nBesorol\u00e1s: \u00d6sszeszerel\u00e9s<br \/>\nM\u0171anyag blokk forma: \u00f6nz\u00e1r\u00f3 t\u00e9gla<br \/>\nAnyaga: M\u0171anyag<br \/>\nM\u0171anyag t\u00edpus: ABS<br \/>\nBricks Blocks: 1845 +<br \/>\nEredeti doboza nincs<\/p>","protected":false},"featured_media":54416,"comment_status":"open","ping_status":"closed","template":"","meta":{"_acf_changed":false},"product_cat":[1357,6016,415,364],"product_tag":[682,8443,2276,673,436,389],"class_list":["product","first","outofstock","shipping-taxable","purchasable","product-type-simple"],"acf":[],"_links":{"self":[{"href":"https:\/\/mouldking.store\/hu\/wp-json\/wp\/v2\/product\/54422","targetHints":{"allow":["GET"]}}],"collection":[{"href":"https:\/\/mouldking.store\/hu\/wp-json\/wp\/v2\/product"}],"about":[{"href":"https:\/\/mouldking.store\/hu\/wp-json\/wp\/v2\/types\/product"}],"replies":[{"embeddable":true,"href":"https:\/\/mouldking.store\/hu\/wp-json\/wp\/v2\/comments?post=54422"}],"wp:featuredmedia":[{"embeddable":true,"href":"https:\/\/mouldking.store\/hu\/wp-json\/wp\/v2\/media\/54416"}],"wp:attachment":[{"href":"https:\/\/mouldking.store\/hu\/wp-json\/wp\/v2\/media?parent=54422"}],"wp:term":[{"taxonomy":"product_cat","embeddable":true,"href":"https:\/\/mouldking.store\/hu\/wp-json\/wp\/v2\/product_cat?post=54422"},{"taxonomy":"product_tag","embeddable":true,"href":"https:\/\/mouldking.store\/hu\/wp-json\/wp\/v2\/product_tag?post=54422"}],"curies":[{"name":"wp","href":"https:\/\/api.w.org\/{rel}","templated":true}]}}