{"id":54440,"date":"2024-01-17T12:48:21","date_gmt":"2024-01-17T05:48:21","guid":{"rendered":"https:\/\/mouldking.store\/shop\/mould-king-21072-renaissance-class-star-destroyer-with-1751-pieces\/"},"modified":"2025-02-19T11:02:32","modified_gmt":"2025-02-19T04:02:32","slug":"mould-king-21072-renaissance-class-star-destroyer-with-1751-pieces","status":"publish","type":"product","link":"https:\/\/mouldking.store\/hu\/shop\/mould-king-21072-renaissance-class-star-destroyer-with-1751-pieces\/","title":{"rendered":"MOULD KING 21072 Renaissance Class Star Destroyer with 1751 Pieces"},"content":{"rendered":"<div>\u2705Mould King 21072 Renaissance Class Star Destroyer<br \/>&nbsp;<br \/>\u2705The Resurgent-class is a type of Star Destroyer that was introduced in the Star Wars sequel trilogy era. One of the most notable ships of this class is the Finalizer, which serves as the flagship of the First Order in the movie &#8220;Star Wars: Episode VII &#8211; The Force Awakens.&#8221;<br \/>&nbsp;<br \/>\ud83d\udeab FONTOS!&nbsp;<br \/>&nbsp;<br \/>Product Name: Renaissance Class Star Destroyer<br \/>&nbsp;<br \/>Kateg\u00f3ria: Star Wars<br \/>&nbsp;<br \/>This Kit Contains: Mould King 21072<br \/>&nbsp;<br \/>1751 pcs Good Quality Bricks&nbsp;<br \/>&nbsp;<br \/>Size: 18.4 \u00d7 27.2 \u00d7 46.9 cm<br \/>&nbsp;<br \/>K\u00e9zi utas\u00edt\u00e1sok&nbsp;<br \/>&nbsp;<br \/>\ud83d\udcccA f\u0151szerepl\u0151 term\u00e9szete&nbsp;<br \/>&nbsp;<br \/>Introducing our proud collection named \u201cRenaissance Class Star Destroyer\u201d you should not miss.&nbsp;<br \/>&nbsp;<br \/>The Resurgent-class Star Destroyer is a product of the First Order, which emerged as a successor to the Galactic Empire in the sequel trilogy. Similar to the Imperial-class Star Destroyer of the Galactic Empire, the Resurgent-class is a massive warship, boasting a length of over 2,900 meters. It serves as the capital ship and command vessel for the First Order&#8217;s fleet. These Star Destroyers play a central role in projecting the military power of the First Order across the galaxy.<\/div>","protected":false},"excerpt":{"rendered":"<p>M\u00e1rka: MOLD KING<br \/>\nNem: Uniszex<br \/>\nKoroszt\u00e1ly: 8 \u00e9v felett<br \/>\nModel Number: 21072<br \/>\nBesorol\u00e1s: \u00d6sszeszerel\u00e9s<br \/>\nM\u0171anyag blokk forma: \u00f6nz\u00e1r\u00f3 t\u00e9gla<br \/>\nAnyaga: M\u0171anyag<br \/>\nM\u0171anyag t\u00edpus: ABS<br \/>\nBricks Blocks: 1751 +<br \/>\nEredeti doboza nincs<\/p>","protected":false},"featured_media":54430,"comment_status":"open","ping_status":"closed","template":"","meta":{"_acf_changed":false},"product_cat":[1357,6016,415,364],"product_tag":[682,12985,2276,673,436,389],"class_list":["product","first","outofstock","shipping-taxable","purchasable","product-type-simple"],"acf":[],"_links":{"self":[{"href":"https:\/\/mouldking.store\/hu\/wp-json\/wp\/v2\/product\/54440","targetHints":{"allow":["GET"]}}],"collection":[{"href":"https:\/\/mouldking.store\/hu\/wp-json\/wp\/v2\/product"}],"about":[{"href":"https:\/\/mouldking.store\/hu\/wp-json\/wp\/v2\/types\/product"}],"replies":[{"embeddable":true,"href":"https:\/\/mouldking.store\/hu\/wp-json\/wp\/v2\/comments?post=54440"}],"wp:featuredmedia":[{"embeddable":true,"href":"https:\/\/mouldking.store\/hu\/wp-json\/wp\/v2\/media\/54430"}],"wp:attachment":[{"href":"https:\/\/mouldking.store\/hu\/wp-json\/wp\/v2\/media?parent=54440"}],"wp:term":[{"taxonomy":"product_cat","embeddable":true,"href":"https:\/\/mouldking.store\/hu\/wp-json\/wp\/v2\/product_cat?post=54440"},{"taxonomy":"product_tag","embeddable":true,"href":"https:\/\/mouldking.store\/hu\/wp-json\/wp\/v2\/product_tag?post=54440"}],"curies":[{"name":"wp","href":"https:\/\/api.w.org\/{rel}","templated":true}]}}