{"id":54467,"date":"2024-01-17T12:49:10","date_gmt":"2024-01-17T05:49:10","guid":{"rendered":"https:\/\/mouldking.store\/shop\/mould-king-11007-frozen-entrance-with-1098-pieces-2\/"},"modified":"2024-01-17T12:49:10","modified_gmt":"2024-01-17T05:49:10","slug":"mould-king-11007-frozen-entrance-with-1098-pieces-2","status":"publish","type":"product","link":"https:\/\/mouldking.store\/hu\/shop\/mould-king-11007-frozen-entrance-with-1098-pieces-2\/","title":{"rendered":"MOULD KING 11007 J\u00e9gvar\u00e1zs bej\u00e1rat 1098 darabbal"},"content":{"rendered":"<div>\u2705 MouldKing 11007 Fagyott bej\u00e1rat<br \/>&nbsp;<br \/>\ud83d\udeab FONTOS!&nbsp;<br \/>&nbsp;<br \/>Term\u00e9k neve: Fagyott bej\u00e1rat<br \/>&nbsp;<br \/>Kateg\u00f3ria: Modul\u00e1ris \u00e9p\u00fclet<br \/>&nbsp;<br \/>A k\u00e9szlet tartalma: MouldKing 11007<br \/>&nbsp;<br \/>1098 db j\u00f3 min\u0151s\u00e9g\u0171 t\u00e9gla&nbsp;<br \/>&nbsp;<br \/>K\u00e9zi utas\u00edt\u00e1sok&nbsp;<br \/>&nbsp;<br \/>\ud83d\udcccA f\u0151szerepl\u0151 term\u00e9szete&nbsp;<br \/>&nbsp;<br \/>Bemutatjuk b\u00fcszke kollekci\u00f3nkat, a \u201eFrozen Entrance\u201d-t, amit nem szabad kihagynod.&nbsp;<br \/>&nbsp;<br \/>A Fantasy Castle: Frozen Entrance a tematikus \u00e9p\u00edt\u0151kocka-k\u00e9szletek sorozat\u00e1hoz tartozik. A teljes k\u00e9szlet 1098 \u00e9p\u00edt\u0151kocka-r\u00e9szecsk\u00e9t tartalmaz. El\u0151sz\u00f6r 2021-ben jelent meg.<\/div>","protected":false},"excerpt":{"rendered":"<p>M\u00e1rka: MOLD KING<br \/>\nNem: Uniszex<br \/>\nKoroszt\u00e1ly: &gt; 6 \u00e9v<br \/>\nModellsz\u00e1m: 11007<br \/>\nBesorol\u00e1s: \u00d6sszeszerel\u00e9s<br \/>\nM\u0171anyag blokk forma: \u00f6nz\u00e1r\u00f3 t\u00e9gla<br \/>\nAnyaga: M\u0171anyag<br \/>\nM\u0171anyag t\u00edpus: ABS<br \/>\nT\u00e9gl\u00e1k Blokkok: 1098 +<br \/>\nEredeti doboza nincs<\/p>","protected":false},"featured_media":54461,"comment_status":"open","ping_status":"closed","template":"","meta":{"_acf_changed":false},"product_cat":[1365,1395,1532,371,390],"product_tag":[787,11072,8452,11185,4705,1478,392],"class_list":["product","first","instock","shipping-taxable","purchasable","product-type-simple"],"acf":[],"_links":{"self":[{"href":"https:\/\/mouldking.store\/hu\/wp-json\/wp\/v2\/product\/54467","targetHints":{"allow":["GET"]}}],"collection":[{"href":"https:\/\/mouldking.store\/hu\/wp-json\/wp\/v2\/product"}],"about":[{"href":"https:\/\/mouldking.store\/hu\/wp-json\/wp\/v2\/types\/product"}],"replies":[{"embeddable":true,"href":"https:\/\/mouldking.store\/hu\/wp-json\/wp\/v2\/comments?post=54467"}],"wp:featuredmedia":[{"embeddable":true,"href":"https:\/\/mouldking.store\/hu\/wp-json\/wp\/v2\/media\/54461"}],"wp:attachment":[{"href":"https:\/\/mouldking.store\/hu\/wp-json\/wp\/v2\/media?parent=54467"}],"wp:term":[{"taxonomy":"product_cat","embeddable":true,"href":"https:\/\/mouldking.store\/hu\/wp-json\/wp\/v2\/product_cat?post=54467"},{"taxonomy":"product_tag","embeddable":true,"href":"https:\/\/mouldking.store\/hu\/wp-json\/wp\/v2\/product_tag?post=54467"}],"curies":[{"name":"wp","href":"https:\/\/api.w.org\/{rel}","templated":true}]}}