{"id":54484,"date":"2024-01-17T12:49:37","date_gmt":"2024-01-17T05:49:37","guid":{"rendered":"https:\/\/mouldking.store\/shop\/mould-king-15082-brandon-interstellar-three-transformation-rc-robots-with-536-pieces\/"},"modified":"2024-01-17T12:49:37","modified_gmt":"2024-01-17T05:49:37","slug":"mould-king-15082-brandon-interstellar-three-transformation-rc-robots-with-536-pieces","status":"publish","type":"product","link":"https:\/\/mouldking.store\/hu\/shop\/mould-king-15082-brandon-interstellar-three-transformation-rc-robots-with-536-pieces\/","title":{"rendered":"MOULD KING 15082 Brandon Interstellar Three-transformation RC Robots with 536 Pieces"},"content":{"rendered":"<div>\u2705 Mould King 15082 Brandon Interstellar Three-transformation RC Robots<br \/>&nbsp;<br \/>\u2705RC robots come with a remote control or transmitter that allows users to maneuver the robot wirelessly. The remote control typically has buttons or joysticks for controlling the robot&#8217;s movements and functions.<br \/>&nbsp;<br \/>\ud83d\udeab FONTOS!&nbsp;<br \/>&nbsp;<br \/>Product Name: Brandon Interstellar Three-transformation RC Robots<br \/>&nbsp;<br \/>Kateg\u00f3ria: M\u0171szaki<br \/>&nbsp;<br \/>This Kit Contains:&nbsp; Mould King 15082&nbsp;<br \/>&nbsp;<br \/>536 pcs Good Quality Bricks&nbsp;<br \/>&nbsp;<br \/>Size: 15.3 \u00d7 13.4 \u00d7 22.2 cm<br \/>&nbsp;<br \/>K\u00e9zi utas\u00edt\u00e1sok&nbsp;<br \/>&nbsp;<br \/>\ud83d\udcccA f\u0151szerepl\u0151 term\u00e9szete&nbsp;<br \/>&nbsp;<br \/>Introducing our proud collection named \u201c Brandon Interstellar Three-transformation RC Robots\u201d you should not miss.&nbsp;<br \/>&nbsp;<br \/>RC robots can have different forms of mobility, including wheels, tracks, legs, or a combination of these. The design depends on the intended use and the type of terrain the robot is meant to navigate.<\/div>","protected":false},"excerpt":{"rendered":"<p>M\u00e1rka: MOLD KING<br \/>\nNem: Uniszex<br \/>\nKoroszt\u00e1ly: 8 \u00e9v felett<br \/>\nModel Number: 15082<br \/>\nBesorol\u00e1s: \u00d6sszeszerel\u00e9s<br \/>\nM\u0171anyag blokk forma: \u00f6nz\u00e1r\u00f3 t\u00e9gla<br \/>\nAnyaga: M\u0171anyag<br \/>\nM\u0171anyag t\u00edpus: ABS<br \/>\nBricks Blocks: 536 +<br \/>\nEredeti doboza nincs<\/p>","protected":false},"featured_media":54475,"comment_status":"open","ping_status":"closed","template":"","meta":{"_acf_changed":false},"product_cat":[1357,364],"product_tag":[12991,590,389,11080,12211],"class_list":["product","first","instock","shipping-taxable","purchasable","product-type-simple"],"acf":[],"_links":{"self":[{"href":"https:\/\/mouldking.store\/hu\/wp-json\/wp\/v2\/product\/54484","targetHints":{"allow":["GET"]}}],"collection":[{"href":"https:\/\/mouldking.store\/hu\/wp-json\/wp\/v2\/product"}],"about":[{"href":"https:\/\/mouldking.store\/hu\/wp-json\/wp\/v2\/types\/product"}],"replies":[{"embeddable":true,"href":"https:\/\/mouldking.store\/hu\/wp-json\/wp\/v2\/comments?post=54484"}],"wp:featuredmedia":[{"embeddable":true,"href":"https:\/\/mouldking.store\/hu\/wp-json\/wp\/v2\/media\/54475"}],"wp:attachment":[{"href":"https:\/\/mouldking.store\/hu\/wp-json\/wp\/v2\/media?parent=54484"}],"wp:term":[{"taxonomy":"product_cat","embeddable":true,"href":"https:\/\/mouldking.store\/hu\/wp-json\/wp\/v2\/product_cat?post=54484"},{"taxonomy":"product_tag","embeddable":true,"href":"https:\/\/mouldking.store\/hu\/wp-json\/wp\/v2\/product_tag?post=54484"}],"curies":[{"name":"wp","href":"https:\/\/api.w.org\/{rel}","templated":true}]}}