{"id":54499,"date":"2024-01-17T12:50:02","date_gmt":"2024-01-17T05:50:02","guid":{"rendered":"https:\/\/mouldking.store\/shop\/mould-king-10077-constellation-mecha-aquarius-with-548-pieces\/"},"modified":"2024-04-28T18:01:09","modified_gmt":"2024-04-28T11:01:09","slug":"mould-king-10077-constellation-mecha-aquarius-with-548-pieces","status":"publish","type":"product","link":"https:\/\/mouldking.store\/hu\/shop\/mould-king-10077-constellation-mecha-aquarius-with-548-pieces\/","title":{"rendered":"MOULD KING 10077 Mecha V\u00edz\u00f6nt\u0151 csillagk\u00e9p 548 darabbal"},"content":{"rendered":"<div>\u2705 Mould King 10077 Constellation Mecha Aquarius<br \/>&nbsp;<br \/>\u2705 &#8220;Constellation Mecha&#8221; refers to a concept or theme in a piece of entertainment media, such as an anime, manga, movie, or video game. In some cases, mecha refers to giant humanoid robots often featured in science fiction.<br \/>&nbsp;<br \/>\ud83d\udeab FONTOS!&nbsp;<br \/>&nbsp;<br \/>Product Name: Constellation Mecha Aquarius<br \/>&nbsp;<br \/>Kateg\u00f3ria: Alkot\u00f3&nbsp;<br \/>&nbsp;<br \/>This Kit Contains:&nbsp; Mould King 10077&nbsp;<br \/>&nbsp;<br \/>548&nbsp; pcs Good Quality Bricks&nbsp;<br \/>&nbsp;<br \/>Size:12.7 \u00d7 7.4 \u00d7 34.8 cm<br \/>&nbsp;<br \/>K\u00e9zi utas\u00edt\u00e1sok&nbsp;<br \/>&nbsp;<br \/>\ud83d\udcccA f\u0151szerepl\u0151 term\u00e9szete&nbsp;<br \/>&nbsp;<br \/>Introducing our proud collection named \u201cConstellation Mecha Aquarius\u201d you should not miss.&nbsp;<br \/>&nbsp;<br \/>&nbsp;In astrology, Aquarius is one of the twelve zodiac signs. It is associated with people born between January 20 and February 18. Individuals born under the sign of Aquarius are believed to have characteristics associated with the air element and are ruled by the planet Uranus. Aquarius is also the name of a constellation in the celestial sphere. It is one of the zodiac constellations and is commonly associated with the water bearer.<\/div>","protected":false},"excerpt":{"rendered":"<p>M\u00e1rka: MOLD KING<br \/>\nNem: Uniszex<br \/>\nKoroszt\u00e1ly: 8 \u00e9v felett<br \/>\nModel Number: 10077<br \/>\nBesorol\u00e1s: \u00d6sszeszerel\u00e9s<br \/>\nM\u0171anyag blokk forma: \u00f6nz\u00e1r\u00f3 t\u00e9gla<br \/>\nAnyaga: M\u0171anyag<br \/>\nM\u0171anyag t\u00edpus: ABS<br \/>\nT\u00e9gla blokkok: 548 +<br \/>\nEredeti doboza nincs<\/p>","protected":false},"featured_media":54492,"comment_status":"open","ping_status":"closed","template":"","meta":{"_acf_changed":false},"product_cat":[1365,371],"product_tag":[12992,11072,8452,9302],"class_list":["product","first","instock","shipping-taxable","purchasable","product-type-simple"],"acf":[],"_links":{"self":[{"href":"https:\/\/mouldking.store\/hu\/wp-json\/wp\/v2\/product\/54499","targetHints":{"allow":["GET"]}}],"collection":[{"href":"https:\/\/mouldking.store\/hu\/wp-json\/wp\/v2\/product"}],"about":[{"href":"https:\/\/mouldking.store\/hu\/wp-json\/wp\/v2\/types\/product"}],"replies":[{"embeddable":true,"href":"https:\/\/mouldking.store\/hu\/wp-json\/wp\/v2\/comments?post=54499"}],"wp:featuredmedia":[{"embeddable":true,"href":"https:\/\/mouldking.store\/hu\/wp-json\/wp\/v2\/media\/54492"}],"wp:attachment":[{"href":"https:\/\/mouldking.store\/hu\/wp-json\/wp\/v2\/media?parent=54499"}],"wp:term":[{"taxonomy":"product_cat","embeddable":true,"href":"https:\/\/mouldking.store\/hu\/wp-json\/wp\/v2\/product_cat?post=54499"},{"taxonomy":"product_tag","embeddable":true,"href":"https:\/\/mouldking.store\/hu\/wp-json\/wp\/v2\/product_tag?post=54499"}],"curies":[{"name":"wp","href":"https:\/\/api.w.org\/{rel}","templated":true}]}}