{"id":54507,"date":"2024-01-17T12:50:24","date_gmt":"2024-01-17T05:50:24","guid":{"rendered":"https:\/\/mouldking.store\/shop\/mould-king-10078-constellation-mecha-sagittarius-with-938-pieces\/"},"modified":"2024-01-17T12:50:24","modified_gmt":"2024-01-17T05:50:24","slug":"mould-king-10078-constellation-mecha-sagittarius-with-938-pieces","status":"publish","type":"product","link":"https:\/\/mouldking.store\/hu\/shop\/mould-king-10078-constellation-mecha-sagittarius-with-938-pieces\/","title":{"rendered":"MOULD KING 10078 Constellation Mecha Sagittarius with 938 Pieces"},"content":{"rendered":"<div>\u2705 Mould King 10078 Constellation Mecha Sagittarius<br \/>&nbsp;<br \/>\u2705In astrology, Sagittarius is one of the twelve zodiac signs. It is associated with individuals born between November 22 and December 21. People born under the sign of Sagittarius are said to be adventurous, optimistic, and have a love for travel.<br \/>&nbsp;<br \/>\ud83d\udeab FONTOS!&nbsp;<br \/>&nbsp;<br \/>Product Name: Constellation Mecha Sagittarius<br \/>&nbsp;<br \/>Kateg\u00f3ria: Alkot\u00f3&nbsp;<br \/>&nbsp;<br \/>This Kit Contains:&nbsp; Mould King 10078<br \/>&nbsp;<br \/>938&nbsp; pcs Good Quality Bricks&nbsp;<br \/>&nbsp;<br \/>Size: 15.5 \u00d7 31.8 \u00d7 37.6 cm<br \/>&nbsp;<br \/>K\u00e9zi utas\u00edt\u00e1sok&nbsp;<br \/>&nbsp;<br \/>\ud83d\udcccA f\u0151szerepl\u0151 term\u00e9szete&nbsp;<br \/>&nbsp;<br \/>Introducing our proud collection named \u201cConstellation Mecha Sagittarius\u201d you should not miss.&nbsp;<br \/>&nbsp;<br \/>Sagittarius is also the name of a constellation in the southern hemisphere. It is depicted as a centaur (half-human, half-horse) aiming a bow and arrow. In mythology, the Sagittarius constellation is often associated with Chiron, a centaur known for his wisdom and knowledge of medicine.<\/div>","protected":false},"excerpt":{"rendered":"<p>M\u00e1rka: MOLD KING<br \/>\nNem: Uniszex<br \/>\nKoroszt\u00e1ly: 8 \u00e9v felett<br \/>\nModel Number: 10078<br \/>\nBesorol\u00e1s: \u00d6sszeszerel\u00e9s<br \/>\nM\u0171anyag blokk forma: \u00f6nz\u00e1r\u00f3 t\u00e9gla<br \/>\nAnyaga: M\u0171anyag<br \/>\nM\u0171anyag t\u00edpus: ABS<br \/>\nBricks Blocks: 938 +<br \/>\nEredeti doboza nincs<\/p>","protected":false},"featured_media":54500,"comment_status":"open","ping_status":"closed","template":"","meta":{"_acf_changed":false},"product_cat":[1365,371],"product_tag":[12992,11072,8452,9302,8002],"class_list":["product","first","instock","shipping-taxable","purchasable","product-type-simple"],"acf":[],"_links":{"self":[{"href":"https:\/\/mouldking.store\/hu\/wp-json\/wp\/v2\/product\/54507","targetHints":{"allow":["GET"]}}],"collection":[{"href":"https:\/\/mouldking.store\/hu\/wp-json\/wp\/v2\/product"}],"about":[{"href":"https:\/\/mouldking.store\/hu\/wp-json\/wp\/v2\/types\/product"}],"replies":[{"embeddable":true,"href":"https:\/\/mouldking.store\/hu\/wp-json\/wp\/v2\/comments?post=54507"}],"wp:featuredmedia":[{"embeddable":true,"href":"https:\/\/mouldking.store\/hu\/wp-json\/wp\/v2\/media\/54500"}],"wp:attachment":[{"href":"https:\/\/mouldking.store\/hu\/wp-json\/wp\/v2\/media?parent=54507"}],"wp:term":[{"taxonomy":"product_cat","embeddable":true,"href":"https:\/\/mouldking.store\/hu\/wp-json\/wp\/v2\/product_cat?post=54507"},{"taxonomy":"product_tag","embeddable":true,"href":"https:\/\/mouldking.store\/hu\/wp-json\/wp\/v2\/product_tag?post=54507"}],"curies":[{"name":"wp","href":"https:\/\/api.w.org\/{rel}","templated":true}]}}