{"id":54532,"date":"2024-01-17T12:51:33","date_gmt":"2024-01-17T05:51:33","guid":{"rendered":"https:\/\/mouldking.store\/shop\/mould-king-12026-hxn-3-diesel-locomotive-with-motor-with-1090-pieces\/"},"modified":"2024-01-17T12:51:33","modified_gmt":"2024-01-17T05:51:33","slug":"mould-king-12026-hxn-3-diesel-locomotive-with-motor-with-1090-pieces","status":"publish","type":"product","link":"https:\/\/mouldking.store\/hu\/shop\/mould-king-12026-hxn-3-diesel-locomotive-with-motor-with-1090-pieces\/","title":{"rendered":"MOULD KING 12026 HXN 3 Diesel Locomotive With Motor with 1090 Pieces"},"content":{"rendered":"<div>\u2705Mould King 12026 HXN 3 Diesel Locomotive With Motor<br \/>&nbsp;<br \/>\u2705A diesel locomotive is a type of railway locomotive that is powered by an onboard diesel engine. Diesel locomotives are widely used in the transportation of freight and passengers on railroads around the world.&nbsp;<br \/>&nbsp;<br \/>\ud83d\udeab FONTOS!&nbsp;<br \/>&nbsp;<br \/>Product Name: HXN 3 Diesel Locomotive With Motor<br \/>&nbsp;<br \/>Kateg\u00f3ria: M\u0171szaki<br \/>&nbsp;<br \/>This Kit Contains: Mould King 12026<br \/>&nbsp;<br \/>1090 pcs Good Quality Bricks&nbsp;<br \/>&nbsp;<br \/>Size: 51.3 \u00d7 7.2 \u00d7 10.1 cm<br \/>&nbsp;<br \/>K\u00e9zi utas\u00edt\u00e1sok&nbsp;<br \/>&nbsp;<br \/>\ud83d\udcccA f\u0151szerepl\u0151 term\u00e9szete&nbsp;<br \/>&nbsp;<br \/>Introducing our proud collection named \u201cHXN 3 Diesel Locomotive With Motor\u201d you should not miss.&nbsp;<br \/>&nbsp;<br \/>Diesel locomotives are powered by diesel engines, which are internal combustion engines that burn diesel fuel to generate mechanical power. While diesel engines provide the primary source of power, many diesel locomotives use an electric transmission system. The diesel engine drives an electric generator, which produces electricity. This electricity is then used to power electric traction motors that drive the locomotive&#8217;s wheels.<\/div>","protected":false},"excerpt":{"rendered":"<p>M\u00e1rka: MOLD KING<br \/>\nNem: Uniszex<br \/>\nKorhat\u00e1r: 14 \u00e9v felett<br \/>\nModel Number: 12026<br \/>\nBesorol\u00e1s: \u00d6sszeszerel\u00e9s<br \/>\nM\u0171anyag blokk forma: \u00f6nz\u00e1r\u00f3 t\u00e9gla<br \/>\nAnyaga: M\u0171anyag<br \/>\nM\u0171anyag t\u00edpus: ABS<br \/>\nBricks Blocks: 1090 +<br \/>\nEredeti doboza nincs<\/p>","protected":false},"featured_media":54529,"comment_status":"open","ping_status":"closed","template":"","meta":{"_acf_changed":false},"product_cat":[1357,364],"product_tag":[12996,11524,12998,2635,389,11080],"class_list":["product","first","instock","shipping-taxable","purchasable","product-type-simple"],"acf":[],"_links":{"self":[{"href":"https:\/\/mouldking.store\/hu\/wp-json\/wp\/v2\/product\/54532","targetHints":{"allow":["GET"]}}],"collection":[{"href":"https:\/\/mouldking.store\/hu\/wp-json\/wp\/v2\/product"}],"about":[{"href":"https:\/\/mouldking.store\/hu\/wp-json\/wp\/v2\/types\/product"}],"replies":[{"embeddable":true,"href":"https:\/\/mouldking.store\/hu\/wp-json\/wp\/v2\/comments?post=54532"}],"wp:featuredmedia":[{"embeddable":true,"href":"https:\/\/mouldking.store\/hu\/wp-json\/wp\/v2\/media\/54529"}],"wp:attachment":[{"href":"https:\/\/mouldking.store\/hu\/wp-json\/wp\/v2\/media?parent=54532"}],"wp:term":[{"taxonomy":"product_cat","embeddable":true,"href":"https:\/\/mouldking.store\/hu\/wp-json\/wp\/v2\/product_cat?post=54532"},{"taxonomy":"product_tag","embeddable":true,"href":"https:\/\/mouldking.store\/hu\/wp-json\/wp\/v2\/product_tag?post=54532"}],"curies":[{"name":"wp","href":"https:\/\/api.w.org\/{rel}","templated":true}]}}