{"id":54543,"date":"2024-01-17T12:59:56","date_gmt":"2024-01-17T05:59:56","guid":{"rendered":"https:\/\/mouldking.store\/shop\/moc-factory-1523-antikythera-device-with-3715-pieces\/"},"modified":"2025-12-16T20:59:16","modified_gmt":"2025-12-16T13:59:16","slug":"moc-factory-1523-antikythera-device-with-3715-pieces","status":"publish","type":"product","link":"https:\/\/mouldking.store\/hu\/shop\/moc-factory-1523-antikythera-device-with-3715-pieces\/","title":{"rendered":"MOC Factory 1523 Antikythera Device with 3715 Pieces"},"content":{"rendered":"<div>\u2705 MOC-1523 Antikythera Device<\/p>\n<p>\u2705The Antikythera mechanism, often referred to as the Antikythera device, is an ancient Greek analog astronomical calculator. It was discovered in 1901 in the Antikythera shipwreck off the coast of the Greek island of Antikythera.<\/p>\n<p>\ud83d\udeab FONTOS!<\/p>\n<p>Product Name: Antikythera Device<\/p>\n<p>Kateg\u00f3ria: M\u0171szaki<\/p>\n<p>This Kit Contains:&nbsp; MOC-1523&nbsp;<\/p>\n<p>&nbsp;3715&nbsp; pcs Good Quality Bricks<\/p>\n<p>PDF \u00datmutat\u00f3<\/p>\n<p>\ud83d\udcccA f\u0151szerepl\u0151 term\u00e9szete<\/p>\n<p>Introducing our proud collection named \u201cAntikythera Device\u201d you should not miss.<\/p>\n<p>The device is believed to have been constructed around 150-100 BCE and is considered one of the most complex mechanical devices from antiquity. The purpose of the Antikythera mechanism was to predict astronomical positions and eclipses for calendrical and astrological purposes. It consisted of a complex system of gears and dials, and its sophistication suggests a level of technological knowledge in ancient Greece that was not previously thought to exist.<\/p><\/div>","protected":false},"excerpt":{"rendered":"<p>M\u00e1rka: MOC Factory<br \/>\nNem: Uniszex<br \/>\nKoroszt\u00e1ly: 8 \u00e9v felett<br \/>\nModel Number: 1523<br \/>\nBesorol\u00e1s: \u00d6sszeszerel\u00e9s<br \/>\nM\u0171anyag blokk forma: \u00f6nz\u00e1r\u00f3 t\u00e9gla<br \/>\nAnyaga: M\u0171anyag<br \/>\nM\u0171anyag t\u00edpus: ABS<br \/>\nBricks Blocks: 3715 +<br \/>\nEredeti doboza nincs<\/p>","protected":false},"featured_media":54542,"comment_status":"open","ping_status":"closed","template":"","meta":{"_acf_changed":false},"product_cat":[1357,364],"product_tag":[12993,12615,389,11080],"class_list":["product","first","instock","shipping-taxable","purchasable","product-type-simple"],"acf":[],"_links":{"self":[{"href":"https:\/\/mouldking.store\/hu\/wp-json\/wp\/v2\/product\/54543","targetHints":{"allow":["GET"]}}],"collection":[{"href":"https:\/\/mouldking.store\/hu\/wp-json\/wp\/v2\/product"}],"about":[{"href":"https:\/\/mouldking.store\/hu\/wp-json\/wp\/v2\/types\/product"}],"replies":[{"embeddable":true,"href":"https:\/\/mouldking.store\/hu\/wp-json\/wp\/v2\/comments?post=54543"}],"wp:featuredmedia":[{"embeddable":true,"href":"https:\/\/mouldking.store\/hu\/wp-json\/wp\/v2\/media\/54542"}],"wp:attachment":[{"href":"https:\/\/mouldking.store\/hu\/wp-json\/wp\/v2\/media?parent=54543"}],"wp:term":[{"taxonomy":"product_cat","embeddable":true,"href":"https:\/\/mouldking.store\/hu\/wp-json\/wp\/v2\/product_cat?post=54543"},{"taxonomy":"product_tag","embeddable":true,"href":"https:\/\/mouldking.store\/hu\/wp-json\/wp\/v2\/product_tag?post=54543"}],"curies":[{"name":"wp","href":"https:\/\/api.w.org\/{rel}","templated":true}]}}