{"id":54658,"date":"2024-01-31T18:34:13","date_gmt":"2024-01-31T11:34:13","guid":{"rendered":"https:\/\/mouldking.store\/shop\/moc-factory-89189-troop-vehicle-upgraded-version-with-704-pieces\/"},"modified":"2025-12-16T20:59:16","modified_gmt":"2025-12-16T13:59:16","slug":"moc-factory-89189-troop-vehicle-upgraded-version-with-704-pieces","status":"publish","type":"product","link":"https:\/\/mouldking.store\/hu\/shop\/moc-factory-89189-troop-vehicle-upgraded-version-with-704-pieces\/","title":{"rendered":"MOC Factory 89189 Troop Vehicle-Upgraded Version with 704 Pieces"},"content":{"rendered":"<div>\u2705 MOC-89189 Troop Vehicle-Upgraded Version<\/p>\n<p>\u2705A troop vehicle typically refers to a type of military vehicle designed to transport soldiers and their equipment on the battlefield. These vehicles vary widely in size, shape, and capabilities depending on the specific needs of the military.&nbsp;<\/p>\n<p>\ud83d\udeab FONTOS!<\/p>\n<p>Product Name: Troop Vehicle-Upgraded Version<\/p>\n<p>Kateg\u00f3ria: M\u0171szaki<\/p>\n<p>This Kit Contains: F-C9645<\/p>\n<p>704 pcs Good Quality Bricks<\/p>\n<p>Size: 1.8 inch<\/p>\n<p>Weight: 0.67 kg<\/p>\n<p>PDF \u00datmutat\u00f3<\/p>\n<p>\ud83d\udcccA f\u0151szerepl\u0151 term\u00e9szete<\/p>\n<p>Introducing our proud collection named \u201cTroop Vehicle-Upgraded Version\u201d you should not miss.<\/p>\n<p>Some common types include armored personnel carriers (APCs), infantry fighting vehicles (IFVs), and transport trucks. Troop vehicles are essential for ensuring the mobility and protection of military personnel during operations in various environments.<\/p><\/div>","protected":false},"excerpt":{"rendered":"<p>M\u00e1rka: MOC Factory<br \/>\nNem: Uniszex<br \/>\nKoroszt\u00e1ly: &gt; 6 \u00e9v<br \/>\nModel Number: 89189<br \/>\nBesorol\u00e1s: \u00d6sszeszerel\u00e9s<br \/>\nM\u0171anyag blokk forma: \u00f6nz\u00e1r\u00f3 t\u00e9gla<br \/>\nAnyaga: M\u0171anyag<br \/>\nM\u0171anyag t\u00edpus: ABS<br \/>\nBricks Blocks: 704 +<\/p>","protected":false},"featured_media":54657,"comment_status":"open","ping_status":"closed","template":"","meta":{"_acf_changed":false},"product_cat":[1384,1357,364],"product_tag":[389,11080,11187,12620,2803],"class_list":["product","first","instock","shipping-taxable","purchasable","product-type-simple"],"acf":[],"_links":{"self":[{"href":"https:\/\/mouldking.store\/hu\/wp-json\/wp\/v2\/product\/54658","targetHints":{"allow":["GET"]}}],"collection":[{"href":"https:\/\/mouldking.store\/hu\/wp-json\/wp\/v2\/product"}],"about":[{"href":"https:\/\/mouldking.store\/hu\/wp-json\/wp\/v2\/types\/product"}],"replies":[{"embeddable":true,"href":"https:\/\/mouldking.store\/hu\/wp-json\/wp\/v2\/comments?post=54658"}],"wp:featuredmedia":[{"embeddable":true,"href":"https:\/\/mouldking.store\/hu\/wp-json\/wp\/v2\/media\/54657"}],"wp:attachment":[{"href":"https:\/\/mouldking.store\/hu\/wp-json\/wp\/v2\/media?parent=54658"}],"wp:term":[{"taxonomy":"product_cat","embeddable":true,"href":"https:\/\/mouldking.store\/hu\/wp-json\/wp\/v2\/product_cat?post=54658"},{"taxonomy":"product_tag","embeddable":true,"href":"https:\/\/mouldking.store\/hu\/wp-json\/wp\/v2\/product_tag?post=54658"}],"curies":[{"name":"wp","href":"https:\/\/api.w.org\/{rel}","templated":true}]}}