{"id":54680,"date":"2024-02-01T18:50:36","date_gmt":"2024-02-01T11:50:36","guid":{"rendered":"https:\/\/mouldking.store\/shop\/zhegao-00427-hokkaido-port-with-3321-pieces\/"},"modified":"2024-02-01T18:50:42","modified_gmt":"2024-02-01T11:50:42","slug":"zhegao-00427-hokkaido-port-with-3321-pieces","status":"publish","type":"product","link":"https:\/\/mouldking.store\/hu\/shop\/zhegao-00427-hokkaido-port-with-3321-pieces\/","title":{"rendered":"ZHEGAO 00427 Hokkaido Port with 3321 Pieces"},"content":{"rendered":"<div>\u2705 ZHEGAO 00427 Hokkaido Port<br \/>&nbsp;<br \/>\u2705Hokkaido, the northernmost island of Japan, is home to several important ports that serve as vital hubs for transportation, trade, and commerce.&nbsp;<br \/>&nbsp;<br \/>\ud83d\udeab FONTOS!&nbsp;<br \/>&nbsp;<br \/>Product Name: Hokkaido Port<br \/>&nbsp;<br \/>Kateg\u00f3ria: Modul\u00e1ris \u00e9p\u00fclet<br \/>&nbsp;<br \/>This Kit Contains: ZHEGAO 00427&nbsp;<br \/>&nbsp;<br \/>3321 pcs Good Quality Bricks&nbsp;<br \/>&nbsp;<br \/>Size: 29.6 \u00d7 38.6 \u00d7 19.9 cm<br \/>&nbsp;<br \/>K\u00e9zi utas\u00edt\u00e1sok&nbsp;<br \/>&nbsp;<br \/>\ud83d\udcccA f\u0151szerepl\u0151 term\u00e9szete&nbsp;<br \/>&nbsp;<br \/>Introducing our proud collection named \u201cHokkaido Port\u201d you should not miss.&nbsp;<br \/>&nbsp;<br \/>Located in the city of Hakodate on the southern coast of Hokkaido, Hakodate Port is one of the oldest and most historically significant ports in Japan. It played a key role in Japan&#8217;s opening to foreign trade in the 19th century and continues to be an important hub for domestic and international shipping, fishing, and tourism. Hakodate Port offers ferry services to destinations such as Aomori on the main island of Honshu and Otaru on Hokkaido.<\/div>","protected":false},"excerpt":{"rendered":"<p>M\u00e1rka: ZHEGAO<br \/>\nNem: Uniszex<br \/>\nKoroszt\u00e1ly: &gt; 6 \u00e9v<br \/>\nModel Number: 00427<br \/>\nBesorol\u00e1s: \u00d6sszeszerel\u00e9s<br \/>\nM\u0171anyag blokk forma: \u00f6nz\u00e1r\u00f3 t\u00e9gla<br \/>\nAnyaga: M\u0171anyag<br \/>\nM\u0171anyag t\u00edpus: ABS<br \/>\nBricks Blocks: 3321 +<br \/>\nEredeti doboza nincs<\/p>","protected":false},"featured_media":54679,"comment_status":"open","ping_status":"closed","template":"","meta":{"_acf_changed":false},"product_cat":[1349,1395,1502,390],"product_tag":[4883,13002,392,12397,11174],"class_list":["product","first","instock","shipping-taxable","purchasable","product-type-simple"],"acf":[],"_links":{"self":[{"href":"https:\/\/mouldking.store\/hu\/wp-json\/wp\/v2\/product\/54680","targetHints":{"allow":["GET"]}}],"collection":[{"href":"https:\/\/mouldking.store\/hu\/wp-json\/wp\/v2\/product"}],"about":[{"href":"https:\/\/mouldking.store\/hu\/wp-json\/wp\/v2\/types\/product"}],"replies":[{"embeddable":true,"href":"https:\/\/mouldking.store\/hu\/wp-json\/wp\/v2\/comments?post=54680"}],"wp:featuredmedia":[{"embeddable":true,"href":"https:\/\/mouldking.store\/hu\/wp-json\/wp\/v2\/media\/54679"}],"wp:attachment":[{"href":"https:\/\/mouldking.store\/hu\/wp-json\/wp\/v2\/media?parent=54680"}],"wp:term":[{"taxonomy":"product_cat","embeddable":true,"href":"https:\/\/mouldking.store\/hu\/wp-json\/wp\/v2\/product_cat?post=54680"},{"taxonomy":"product_tag","embeddable":true,"href":"https:\/\/mouldking.store\/hu\/wp-json\/wp\/v2\/product_tag?post=54680"}],"curies":[{"name":"wp","href":"https:\/\/api.w.org\/{rel}","templated":true}]}}