{"id":54686,"date":"2024-02-01T18:50:56","date_gmt":"2024-02-01T11:50:56","guid":{"rendered":"https:\/\/mouldking.store\/shop\/jiestar-jj9046-tropical-flower-bouquet-with-891-pieces\/"},"modified":"2024-02-01T18:51:03","modified_gmt":"2024-02-01T11:51:03","slug":"jiestar-jj9046-tropical-flower-bouquet-with-891-pieces","status":"publish","type":"product","link":"https:\/\/mouldking.store\/hu\/shop\/jiestar-jj9046-tropical-flower-bouquet-with-891-pieces\/","title":{"rendered":"JIESTAR JJ9046 Tropical Flower Bouquet with 891 Pieces"},"content":{"rendered":"<div>\u2705 JIESTAR JJ9046 Tropical Flower Bouquet<br \/>&nbsp;<br \/>\u2705A tropical flower bouquet is a vibrant and exotic arrangement of flowers typically found in tropical regions. These bouquets are known for their bold colors, unique shapes, and lush foliage, evoking the beauty and vibrancy of tropical landscapes.&nbsp;<br \/>&nbsp;<br \/>\ud83d\udeab FONTOS!&nbsp;<br \/>&nbsp;<br \/>Product Name: Tropical Flower Bouquet<br \/>&nbsp;<br \/>Kateg\u00f3ria: Alkot\u00f3&nbsp;<br \/>&nbsp;<br \/>This Kit Contains:&nbsp; JIESTAR JJ9046&nbsp;<br \/>&nbsp;<br \/>891 pcs Good Quality Bricks&nbsp;<br \/>&nbsp;<br \/>K\u00e9zi utas\u00edt\u00e1sok&nbsp;<br \/>&nbsp;<br \/>\ud83d\udcccA f\u0151szerepl\u0151 term\u00e9szete&nbsp;<br \/>&nbsp;<br \/>Introducing our proud collection named \u201cTropical Flower Bouquet\u201d you should not miss.&nbsp;<br \/>&nbsp;<br \/>A tropical flower bouquet is a stunning and exotic gift for special occasions or as a way to bring a touch of paradise into your home. With their vibrant colors and unique textures, these bouquets capture the essence of tropical beauty and add a splash of excitement to any space.<\/div>","protected":false},"excerpt":{"rendered":"<p>M\u00e1rka: JIESTAR<br \/>\nNem: Uniszex<br \/>\nKoroszt\u00e1ly: 8 \u00e9v felett<br \/>\nModel Number: JJ9046<br \/>\nBesorol\u00e1s: \u00d6sszeszerel\u00e9s<br \/>\nM\u0171anyag blokk forma: \u00f6nz\u00e1r\u00f3 t\u00e9gla<br \/>\nAnyaga: M\u0171anyag<br \/>\nM\u0171anyag t\u00edpus: ABS<br \/>\nBricks Blocks: 891 +<br \/>\nEredeti doboza nincs<\/p>","protected":false},"featured_media":54685,"comment_status":"open","ping_status":"closed","template":"","meta":{"_acf_changed":false},"product_cat":[1365,371],"product_tag":[2617,11072,8452,11106,13003],"class_list":["product","first","instock","shipping-taxable","purchasable","product-type-simple"],"acf":[],"_links":{"self":[{"href":"https:\/\/mouldking.store\/hu\/wp-json\/wp\/v2\/product\/54686","targetHints":{"allow":["GET"]}}],"collection":[{"href":"https:\/\/mouldking.store\/hu\/wp-json\/wp\/v2\/product"}],"about":[{"href":"https:\/\/mouldking.store\/hu\/wp-json\/wp\/v2\/types\/product"}],"replies":[{"embeddable":true,"href":"https:\/\/mouldking.store\/hu\/wp-json\/wp\/v2\/comments?post=54686"}],"wp:featuredmedia":[{"embeddable":true,"href":"https:\/\/mouldking.store\/hu\/wp-json\/wp\/v2\/media\/54685"}],"wp:attachment":[{"href":"https:\/\/mouldking.store\/hu\/wp-json\/wp\/v2\/media?parent=54686"}],"wp:term":[{"taxonomy":"product_cat","embeddable":true,"href":"https:\/\/mouldking.store\/hu\/wp-json\/wp\/v2\/product_cat?post=54686"},{"taxonomy":"product_tag","embeddable":true,"href":"https:\/\/mouldking.store\/hu\/wp-json\/wp\/v2\/product_tag?post=54686"}],"curies":[{"name":"wp","href":"https:\/\/api.w.org\/{rel}","templated":true}]}}