{"id":54728,"date":"2024-02-01T18:52:37","date_gmt":"2024-02-01T11:52:37","guid":{"rendered":"https:\/\/mouldking.store\/shop\/decool-jisi-20513a-three-kingdoms-siege-chariot-6-types-of-troop-carriers-with-300-pieces\/"},"modified":"2024-02-01T18:52:39","modified_gmt":"2024-02-01T11:52:39","slug":"decool-jisi-20513a-three-kingdoms-siege-chariot-6-types-of-troop-carriers-with-300-pieces","status":"publish","type":"product","link":"https:\/\/mouldking.store\/hu\/shop\/decool-jisi-20513a-three-kingdoms-siege-chariot-6-types-of-troop-carriers-with-300-pieces\/","title":{"rendered":"DECOOL \/ JiSi 20513A Three Kingdoms Siege Chariot 6 Types Of Troop Carriers with 300 Pieces"},"content":{"rendered":"<div>\u2705 DECOOL 20513A Three Kingdoms Siege Chariot 6 Types Of Troop Carriers<br \/>&nbsp;<br \/>\u2705During the Three Kingdoms period in ancient China, various types of troop carriers and siege chariots were used in warfare to transport soldiers, equipment, and supplies, as well as to breach enemy defenses during sieges.<br \/>&nbsp;<br \/>\ud83d\udeab FONTOS!&nbsp;<br \/>&nbsp;<br \/>Product Name: Three Kingdoms Siege Chariot 6 Types Of Troop Carriers<br \/>&nbsp;<br \/>Kateg\u00f3ria: Katonai<br \/>&nbsp;<br \/>This Kit Contains: DECOOL 20513A&nbsp;<br \/>&nbsp;<br \/>300 pcs Good Quality Bricks&nbsp;<br \/>&nbsp;<br \/>K\u00e9zi utas\u00edt\u00e1sok&nbsp;<br \/>&nbsp;<br \/>\ud83d\udcccA f\u0151szerepl\u0151 term\u00e9szete&nbsp;<br \/>&nbsp;<br \/>Introducing our proud collection named \u201cThree Kingdoms Siege Chariot 6 Types Of Troop Carriers\u201d you should not miss.&nbsp;<br \/>&nbsp;<br \/>These six types of troop carriers and siege chariots were instrumental in ancient Chinese warfare during the Three Kingdoms period, playing key roles in both offensive and defensive military operations.<\/div>","protected":false},"excerpt":{"rendered":"<p>M\u00e1rka: DECOOL \/ JiSi<br \/>\nNem: Uniszex<br \/>\nKoroszt\u00e1ly: 8 \u00e9v felett<br \/>\nModel Number: 20513A<br \/>\nBesorol\u00e1s: \u00d6sszeszerel\u00e9s<br \/>\nM\u0171anyag blokk forma: \u00f6nz\u00e1r\u00f3 t\u00e9gla<br \/>\nAnyaga: M\u0171anyag<br \/>\nM\u0171anyag t\u00edpus: ABS<br \/>\nBricks Blocks: 300 +<br \/>\nEredeti doboza nincs<br \/>\nPieces may changes<\/p>","protected":false},"featured_media":54727,"comment_status":"open","ping_status":"closed","template":"","meta":{"_acf_changed":false},"product_cat":[1365,1350,1395,1357,372,390,364],"product_tag":[13010,8452,374,392,13009,389,13008,11187],"class_list":["product","first","instock","shipping-taxable","purchasable","product-type-simple"],"acf":[],"_links":{"self":[{"href":"https:\/\/mouldking.store\/hu\/wp-json\/wp\/v2\/product\/54728","targetHints":{"allow":["GET"]}}],"collection":[{"href":"https:\/\/mouldking.store\/hu\/wp-json\/wp\/v2\/product"}],"about":[{"href":"https:\/\/mouldking.store\/hu\/wp-json\/wp\/v2\/types\/product"}],"replies":[{"embeddable":true,"href":"https:\/\/mouldking.store\/hu\/wp-json\/wp\/v2\/comments?post=54728"}],"wp:featuredmedia":[{"embeddable":true,"href":"https:\/\/mouldking.store\/hu\/wp-json\/wp\/v2\/media\/54727"}],"wp:attachment":[{"href":"https:\/\/mouldking.store\/hu\/wp-json\/wp\/v2\/media?parent=54728"}],"wp:term":[{"taxonomy":"product_cat","embeddable":true,"href":"https:\/\/mouldking.store\/hu\/wp-json\/wp\/v2\/product_cat?post=54728"},{"taxonomy":"product_tag","embeddable":true,"href":"https:\/\/mouldking.store\/hu\/wp-json\/wp\/v2\/product_tag?post=54728"}],"curies":[{"name":"wp","href":"https:\/\/api.w.org\/{rel}","templated":true}]}}