{"id":54734,"date":"2024-02-01T18:53:05","date_gmt":"2024-02-01T11:53:05","guid":{"rendered":"https:\/\/mouldking.store\/shop\/taigaole-t5042b-ford-gt-supercar-with-motor-with-3056-pieces\/"},"modified":"2024-02-01T18:53:13","modified_gmt":"2024-02-01T11:53:13","slug":"taigaole-t5042b-ford-gt-supercar-with-motor-with-3056-pieces","status":"publish","type":"product","link":"https:\/\/mouldking.store\/hu\/shop\/taigaole-t5042b-ford-gt-supercar-with-motor-with-3056-pieces\/","title":{"rendered":"TaiGaoLe T5042B Ford GT Supercar With Motor with 3056 Pieces"},"content":{"rendered":"<div>\u2705TGL T5042B Ford GT Supercar With Motor<br \/>&nbsp;<br \/>\u2705The Ford GT is a high-performance supercar produced by Ford Motor Company. Inspired by the iconic GT40 race cars of the 1960s, the modern Ford GT is a cutting-edge sports car that combines advanced engineering, aerodynamics, and performance.<br \/>&nbsp;<br \/>\ud83d\udeab FONTOS!&nbsp;<br \/>&nbsp;<br \/>Product Name: Ford GT Supercar With Motor<br \/>&nbsp;<br \/>Kateg\u00f3ria: M\u0171szaki<br \/>&nbsp;<br \/>This Kit Contains: TGL T5042B<br \/>&nbsp;<br \/>3056 pcs Good Quality Bricks&nbsp;<br \/>&nbsp;<br \/>Size: 59.5 \u00d7 31 \u00d7 15.5 cm<br \/>&nbsp;<br \/>K\u00e9zi utas\u00edt\u00e1sok&nbsp;<br \/>&nbsp;<br \/>\ud83d\udcccA f\u0151szerepl\u0151 term\u00e9szete&nbsp;<br \/>&nbsp;<br \/>Introducing our proud collection named \u201cFord GT Supercar With Motor\u201d you should not miss.&nbsp;<br \/>&nbsp;<br \/>The modern Ford GT was unveiled as a concept car at the North American International Auto Show in 2002 to celebrate Ford&#8217;s centennial anniversary. The concept received widespread acclaim, prompting Ford to develop it into a production vehicle. The design of the Ford GT pays homage to the classic GT40 race cars that famously won the 24 Hours of Le Mans race four consecutive times from 1966 to 1969.<\/div>","protected":false},"excerpt":{"rendered":"<p>Brand: TaiGaoLe<br \/>\nNem: Uniszex<br \/>\nKoroszt\u00e1ly: 8 \u00e9v felett<br \/>\nModel Number: T5042B<br \/>\nBesorol\u00e1s: \u00d6sszeszerel\u00e9s<br \/>\nM\u0171anyag blokk forma: \u00f6nz\u00e1r\u00f3 t\u00e9gla<br \/>\nAnyaga: M\u0171anyag<br \/>\nM\u0171anyag t\u00edpus: ABS<br \/>\nBricks Blocks: 3056 +<br \/>\nEredeti doboza nincs<\/p>","protected":false},"featured_media":54733,"comment_status":"open","ping_status":"closed","template":"","meta":{"_acf_changed":false},"product_cat":[1357,364],"product_tag":[1747,588,389,11080],"class_list":["product","first","instock","shipping-taxable","purchasable","product-type-simple"],"acf":[],"_links":{"self":[{"href":"https:\/\/mouldking.store\/hu\/wp-json\/wp\/v2\/product\/54734","targetHints":{"allow":["GET"]}}],"collection":[{"href":"https:\/\/mouldking.store\/hu\/wp-json\/wp\/v2\/product"}],"about":[{"href":"https:\/\/mouldking.store\/hu\/wp-json\/wp\/v2\/types\/product"}],"replies":[{"embeddable":true,"href":"https:\/\/mouldking.store\/hu\/wp-json\/wp\/v2\/comments?post=54734"}],"wp:featuredmedia":[{"embeddable":true,"href":"https:\/\/mouldking.store\/hu\/wp-json\/wp\/v2\/media\/54733"}],"wp:attachment":[{"href":"https:\/\/mouldking.store\/hu\/wp-json\/wp\/v2\/media?parent=54734"}],"wp:term":[{"taxonomy":"product_cat","embeddable":true,"href":"https:\/\/mouldking.store\/hu\/wp-json\/wp\/v2\/product_cat?post=54734"},{"taxonomy":"product_tag","embeddable":true,"href":"https:\/\/mouldking.store\/hu\/wp-json\/wp\/v2\/product_tag?post=54734"}],"curies":[{"name":"wp","href":"https:\/\/api.w.org\/{rel}","templated":true}]}}