{"id":54760,"date":"2024-02-01T18:53:55","date_gmt":"2024-02-01T11:53:55","guid":{"rendered":"https:\/\/mouldking.store\/shop\/pzx-8844-1-batman-rider-with-1300-pieces\/"},"modified":"2024-02-01T18:53:57","modified_gmt":"2024-02-01T11:53:57","slug":"pzx-8844-1-batman-rider-with-1300-pieces","status":"publish","type":"product","link":"https:\/\/mouldking.store\/hu\/shop\/pzx-8844-1-batman-rider-with-1300-pieces\/","title":{"rendered":"PZX 8844-1 Batman Rider with 1300 Pieces"},"content":{"rendered":"<div>\u2705PZX 8844-1 Batman Rider<br \/>&nbsp;<br \/>\u2705Batman is one of the most iconic and enduring superheroes in popular culture, known for his dark and brooding persona, his formidable fighting skills, and his arsenal of high-tech gadgets. Created by artist Bob Kane and writer Bill Finger, Batman made his first appearance in Detective Comics #27, published by DC Comics in 1939.&nbsp;<br \/>&nbsp;<br \/>\ud83d\udeab FONTOS!&nbsp;<br \/>&nbsp;<br \/>Product Name: Batman Rider<br \/>&nbsp;<br \/>Kateg\u00f3ria: Alkot\u00f3&nbsp;<br \/>&nbsp;<br \/>This Kit Contains: PZX 8844-1<br \/>&nbsp;<br \/>1300&nbsp; pcs Good Quality Bricks&nbsp;<br \/>&nbsp;<br \/>Size: 9.2 x 13.1 x 11.1cm&nbsp;<br \/>&nbsp;<br \/>K\u00e9zi utas\u00edt\u00e1sok&nbsp;<br \/>&nbsp;<br \/>\ud83d\udcccA f\u0151szerepl\u0151 term\u00e9szete&nbsp;<br \/>&nbsp;<br \/>Introducing our proud collection named \u201c Batman Rider\u201d you should not miss.&nbsp;<br \/>&nbsp;<br \/>Batman has been featured in countless comic books, graphic novels, television shows, animated series, films, and video games, cementing his status as a cultural icon. The character&#8217;s enduring popularity has inspired numerous adaptations and spin-offs, as well as a dedicated fan base known as &#8220;Batman fans&#8221; or &#8220;Bat-fans.&#8221;<\/div>","protected":false},"excerpt":{"rendered":"<p>M\u00e1rka: PZX<br \/>\nNem: Uniszex<br \/>\nKoroszt\u00e1ly: &gt; 6 \u00e9v<br \/>\nModel Number: 8844-1<br \/>\nBesorol\u00e1s: \u00d6sszeszerel\u00e9s<br \/>\nM\u0171anyag blokk forma: \u00f6nz\u00e1r\u00f3 t\u00e9gla<br \/>\nAnyaga: M\u0171anyag<br \/>\nM\u0171anyag t\u00edpus: ABS<br \/>\nBricks Blocks: 1300 +<br \/>\nEredeti doboza nincs<\/p>","protected":false},"featured_media":54759,"comment_status":"open","ping_status":"closed","template":"","meta":{"_acf_changed":false},"product_cat":[1365,371,581,1408],"product_tag":[11397,11072,8452,434,13013],"class_list":["product","first","instock","shipping-taxable","purchasable","product-type-simple"],"acf":[],"_links":{"self":[{"href":"https:\/\/mouldking.store\/hu\/wp-json\/wp\/v2\/product\/54760","targetHints":{"allow":["GET"]}}],"collection":[{"href":"https:\/\/mouldking.store\/hu\/wp-json\/wp\/v2\/product"}],"about":[{"href":"https:\/\/mouldking.store\/hu\/wp-json\/wp\/v2\/types\/product"}],"replies":[{"embeddable":true,"href":"https:\/\/mouldking.store\/hu\/wp-json\/wp\/v2\/comments?post=54760"}],"wp:featuredmedia":[{"embeddable":true,"href":"https:\/\/mouldking.store\/hu\/wp-json\/wp\/v2\/media\/54759"}],"wp:attachment":[{"href":"https:\/\/mouldking.store\/hu\/wp-json\/wp\/v2\/media?parent=54760"}],"wp:term":[{"taxonomy":"product_cat","embeddable":true,"href":"https:\/\/mouldking.store\/hu\/wp-json\/wp\/v2\/product_cat?post=54760"},{"taxonomy":"product_tag","embeddable":true,"href":"https:\/\/mouldking.store\/hu\/wp-json\/wp\/v2\/product_tag?post=54760"}],"curies":[{"name":"wp","href":"https:\/\/api.w.org\/{rel}","templated":true}]}}