{"id":54764,"date":"2024-02-01T18:54:05","date_gmt":"2024-02-01T11:54:05","guid":{"rendered":"https:\/\/mouldking.store\/shop\/pzx-8844-2-superman-rider-with-1300-pieces\/"},"modified":"2024-02-01T18:54:07","modified_gmt":"2024-02-01T11:54:07","slug":"pzx-8844-2-superman-rider-with-1300-pieces","status":"publish","type":"product","link":"https:\/\/mouldking.store\/hu\/shop\/pzx-8844-2-superman-rider-with-1300-pieces\/","title":{"rendered":"PZX 8844-2 Superman Rider with 1300 Pieces"},"content":{"rendered":"<div>\u2705 PZX 8844-2 Superman Rider<\/p>\n<p>&nbsp;\u2705 Superman&#8217;s most iconic mode of transportation is his ability to fly at incredible speeds using his superhuman strength and the ability to manipulate gravitational fields. He can travel through the air with ease, soaring high above the ground and traversing vast distances in a matter of moments.<br \/>&nbsp;<br \/>\ud83d\udeab FONTOS!&nbsp;<br \/>&nbsp;<br \/>Product Name: Superman Rider<br \/>&nbsp;<br \/>Kateg\u00f3ria: Alkot\u00f3&nbsp;<br \/>&nbsp;<br \/>This Kit Contains:&nbsp; PZX 8844-2<br \/>&nbsp;<br \/>1300 pcs Good Quality Bricks&nbsp;<br \/>&nbsp;<br \/>Size: 5.7 x 11.5 x 12.2 cm&nbsp;<br \/>&nbsp;<br \/>K\u00e9zi utas\u00edt\u00e1sok&nbsp;<br \/>&nbsp;<br \/>\ud83d\udcccA f\u0151szerepl\u0151 term\u00e9szete&nbsp;<br \/>&nbsp;<br \/>Introducing our proud collection named \u201cSuperman Rider\u201d you should not miss.&nbsp;<br \/>&nbsp;<br \/>In some storylines, Superman has teamed up with other heroes or characters who possess specialized vehicles or equipment. For example, Superman has been known to work alongside characters like Batman, Green Lantern, and the Justice League, who may provide him with access to advanced technology or vehicles when needed.<\/div>","protected":false},"excerpt":{"rendered":"<p>M\u00e1rka: PZX<br \/>\nNem: Uniszex<br \/>\nKoroszt\u00e1ly: &gt; 6 \u00e9v<br \/>\nModel Number: 8844-2<br \/>\nBesorol\u00e1s: \u00d6sszeszerel\u00e9s<br \/>\nM\u0171anyag blokk forma: \u00f6nz\u00e1r\u00f3 t\u00e9gla<br \/>\nAnyaga: M\u0171anyag<br \/>\nM\u0171anyag t\u00edpus: ABS<br \/>\nBricks Blocks: 1300 +<br \/>\nEredeti doboza nincs<\/p>","protected":false},"featured_media":54763,"comment_status":"open","ping_status":"closed","template":"","meta":{"_acf_changed":false},"product_cat":[1365,371],"product_tag":[11072,8452,13013,12857],"class_list":["product","first","instock","shipping-taxable","purchasable","product-type-simple"],"acf":[],"_links":{"self":[{"href":"https:\/\/mouldking.store\/hu\/wp-json\/wp\/v2\/product\/54764","targetHints":{"allow":["GET"]}}],"collection":[{"href":"https:\/\/mouldking.store\/hu\/wp-json\/wp\/v2\/product"}],"about":[{"href":"https:\/\/mouldking.store\/hu\/wp-json\/wp\/v2\/types\/product"}],"replies":[{"embeddable":true,"href":"https:\/\/mouldking.store\/hu\/wp-json\/wp\/v2\/comments?post=54764"}],"wp:featuredmedia":[{"embeddable":true,"href":"https:\/\/mouldking.store\/hu\/wp-json\/wp\/v2\/media\/54763"}],"wp:attachment":[{"href":"https:\/\/mouldking.store\/hu\/wp-json\/wp\/v2\/media?parent=54764"}],"wp:term":[{"taxonomy":"product_cat","embeddable":true,"href":"https:\/\/mouldking.store\/hu\/wp-json\/wp\/v2\/product_cat?post=54764"},{"taxonomy":"product_tag","embeddable":true,"href":"https:\/\/mouldking.store\/hu\/wp-json\/wp\/v2\/product_tag?post=54764"}],"curies":[{"name":"wp","href":"https:\/\/api.w.org\/{rel}","templated":true}]}}