{"id":54823,"date":"2024-02-01T19:00:58","date_gmt":"2024-02-01T12:00:58","guid":{"rendered":"https:\/\/mouldking.store\/shop\/jiestar-jj9043-garden-square-with-2397-pieces\/"},"modified":"2024-02-01T19:01:05","modified_gmt":"2024-02-01T12:01:05","slug":"jiestar-jj9043-garden-square-with-2397-pieces","status":"publish","type":"product","link":"https:\/\/mouldking.store\/hu\/shop\/jiestar-jj9043-garden-square-with-2397-pieces\/","title":{"rendered":"JIESTAR JJ9043 Garden Square with 2397 Pieces"},"content":{"rendered":"<div>\u2705JIESTAR JJ9043 Garden Square<br \/>&nbsp;<br \/>\u2705Garden Square is the name of a public square or plaza in a city or town. It could be a well-maintained area with flower beds, trees, benches, and pathways, providing a pleasant outdoor space for relaxation, recreation, and community events.<br \/>&nbsp;<br \/>\ud83d\udeab FONTOS!&nbsp;<br \/>&nbsp;<br \/>Product Name: Garden Square<br \/>&nbsp;<br \/>Kateg\u00f3ria: Modul\u00e1ris \u00e9p\u00fclet<br \/>&nbsp;<br \/>This Kit Contains: JIESTAR JJ9043<br \/>&nbsp;<br \/>2397 pcs Good Quality Bricks&nbsp;<br \/>&nbsp;<br \/>Size: 52.6 \u00d7 27.8 \u00d7 23 cm<br \/>&nbsp;<br \/>K\u00e9zi utas\u00edt\u00e1sok&nbsp;<br \/>&nbsp;<br \/>\ud83d\udcccA f\u0151szerepl\u0151 term\u00e9szete&nbsp;<br \/>&nbsp;<br \/>Introducing our proud collection named \u201cGarden Square\u201d you should not miss.&nbsp;<br \/>&nbsp;<br \/>Garden Square could also be the name of a residential neighborhood or housing development known for its green spaces and landscaped gardens. Such a community might prioritize outdoor living and communal areas, fostering a sense of community among residents.<\/div>","protected":false},"excerpt":{"rendered":"<p>M\u00e1rka: JIESTAR<br \/>\nNem: Uniszex<br \/>\nAge Range: &gt; 10 years old<br \/>\nModel Number: JJ9043<br \/>\nBesorol\u00e1s: \u00d6sszeszerel\u00e9s<br \/>\nM\u0171anyag blokk forma: \u00f6nz\u00e1r\u00f3 t\u00e9gla<br \/>\nAnyaga: M\u0171anyag<br \/>\nM\u0171anyag t\u00edpus: ABS<br \/>\nBricks Blocks: 2397 +<br \/>\nEredeti doboza nincs<\/p>","protected":false},"featured_media":54822,"comment_status":"open","ping_status":"closed","template":"","meta":{"_acf_changed":false},"product_cat":[1395,1502,390],"product_tag":[4883,7572,392,11125],"class_list":["product","first","instock","shipping-taxable","purchasable","product-type-simple"],"acf":[],"_links":{"self":[{"href":"https:\/\/mouldking.store\/hu\/wp-json\/wp\/v2\/product\/54823","targetHints":{"allow":["GET"]}}],"collection":[{"href":"https:\/\/mouldking.store\/hu\/wp-json\/wp\/v2\/product"}],"about":[{"href":"https:\/\/mouldking.store\/hu\/wp-json\/wp\/v2\/types\/product"}],"replies":[{"embeddable":true,"href":"https:\/\/mouldking.store\/hu\/wp-json\/wp\/v2\/comments?post=54823"}],"wp:featuredmedia":[{"embeddable":true,"href":"https:\/\/mouldking.store\/hu\/wp-json\/wp\/v2\/media\/54822"}],"wp:attachment":[{"href":"https:\/\/mouldking.store\/hu\/wp-json\/wp\/v2\/media?parent=54823"}],"wp:term":[{"taxonomy":"product_cat","embeddable":true,"href":"https:\/\/mouldking.store\/hu\/wp-json\/wp\/v2\/product_cat?post=54823"},{"taxonomy":"product_tag","embeddable":true,"href":"https:\/\/mouldking.store\/hu\/wp-json\/wp\/v2\/product_tag?post=54823"}],"curies":[{"name":"wp","href":"https:\/\/api.w.org\/{rel}","templated":true}]}}