{"id":54831,"date":"2024-02-01T19:01:05","date_gmt":"2024-02-01T12:01:05","guid":{"rendered":"https:\/\/mouldking.store\/shop\/k-box-v5014-metamorphic-robotics-with-5692-pieces\/"},"modified":"2024-02-01T19:01:12","modified_gmt":"2024-02-01T12:01:12","slug":"k-box-v5014-metamorphic-robotics-with-5692-pieces","status":"publish","type":"product","link":"https:\/\/mouldking.store\/hu\/shop\/k-box-v5014-metamorphic-robotics-with-5692-pieces\/","title":{"rendered":"K-Box V5014 Metamorf robotika 5692 darabbal"},"content":{"rendered":"<div>\u2705K-Box V5014 Metamorphic Robotics<br \/>&nbsp;<br \/>\u2705Metamorphic robotics is a field of robotics that focuses on designing and developing robots capable of changing their shape, structure, or functionality to adapt to different tasks, environments, or requirements. These robots are inspired by biological organisms that undergo metamorphosis, such as insects, amphibians, or even plants, which can change their form and capabilities over their lifespan.<br \/>&nbsp;<br \/>\ud83d\udeab FONTOS!&nbsp;<br \/>&nbsp;<br \/>Product Name:&nbsp; Metamorphic Robotics<br \/>&nbsp;<br \/>Kateg\u00f3ria: Film<br \/>&nbsp;<br \/>This Kit Contains: K-Box V5014&nbsp;<br \/>&nbsp;<br \/>5692 pcs Good Quality Bricks&nbsp;<br \/>&nbsp;<br \/>Size: 54.5 \u00d7 28.2 \u00d7 59.5 cm<br \/>&nbsp;<br \/>K\u00e9zi utas\u00edt\u00e1sok&nbsp;<br \/>&nbsp;<br \/>\ud83d\udcccA f\u0151szerepl\u0151 term\u00e9szete&nbsp;<br \/>&nbsp;<br \/>Introducing our proud collection named \u201cMetamorphic Robotics\u201d you should not miss.&nbsp;<\/p>\n<p>&nbsp;Metamorphic robots are designed to be highly adaptable, capable of morphing their shape or structure to suit different tasks or environments. This adaptability enables them to navigate through complex terrain, manipulate objects of varying sizes and shapes, or perform specialized functions with ease.&nbsp; Many metamorphic robots are composed of modular components that can be rearranged or reconfigured to achieve different functionalities. These modules may include interchangeable limbs, sensors, actuators, or other components that can be combined in different configurations to meet specific requirements.<\/p><\/div>","protected":false},"excerpt":{"rendered":"<p>M\u00e1rka: K-Box<br \/>\nNem: Uniszex<br \/>\nKorhat\u00e1r: 14 \u00e9v felett<br \/>\nModel Number: V5014<br \/>\nBesorol\u00e1s: \u00d6sszeszerel\u00e9s<br \/>\nM\u0171anyag blokk forma: \u00f6nz\u00e1r\u00f3 t\u00e9gla<br \/>\nAnyaga: M\u0171anyag<br \/>\nM\u0171anyag t\u00edpus: ABS<br \/>\nBricks Blocks: 5692 +<br \/>\nEredeti doboza nincs<\/p>","protected":false},"featured_media":54830,"comment_status":"open","ping_status":"closed","template":"","meta":{"_acf_changed":false},"product_cat":[1365,371,581,1408],"product_tag":[6798,11072,8452,8262,13017,434,13018],"class_list":["product","first","instock","shipping-taxable","purchasable","product-type-simple"],"acf":[],"_links":{"self":[{"href":"https:\/\/mouldking.store\/hu\/wp-json\/wp\/v2\/product\/54831","targetHints":{"allow":["GET"]}}],"collection":[{"href":"https:\/\/mouldking.store\/hu\/wp-json\/wp\/v2\/product"}],"about":[{"href":"https:\/\/mouldking.store\/hu\/wp-json\/wp\/v2\/types\/product"}],"replies":[{"embeddable":true,"href":"https:\/\/mouldking.store\/hu\/wp-json\/wp\/v2\/comments?post=54831"}],"wp:featuredmedia":[{"embeddable":true,"href":"https:\/\/mouldking.store\/hu\/wp-json\/wp\/v2\/media\/54830"}],"wp:attachment":[{"href":"https:\/\/mouldking.store\/hu\/wp-json\/wp\/v2\/media?parent=54831"}],"wp:term":[{"taxonomy":"product_cat","embeddable":true,"href":"https:\/\/mouldking.store\/hu\/wp-json\/wp\/v2\/product_cat?post=54831"},{"taxonomy":"product_tag","embeddable":true,"href":"https:\/\/mouldking.store\/hu\/wp-json\/wp\/v2\/product_tag?post=54831"}],"curies":[{"name":"wp","href":"https:\/\/api.w.org\/{rel}","templated":true}]}}