{"id":54853,"date":"2024-02-01T19:01:48","date_gmt":"2024-02-01T12:01:48","guid":{"rendered":"https:\/\/mouldking.store\/shop\/jaki-8225-nutcracker-with-900-pieces\/"},"modified":"2024-02-01T19:01:57","modified_gmt":"2024-02-01T12:01:57","slug":"jaki-8225-nutcracker-with-900-pieces","status":"publish","type":"product","link":"https:\/\/mouldking.store\/hu\/shop\/jaki-8225-nutcracker-with-900-pieces\/","title":{"rendered":"JAKI 8225 Nutcracker with 900 Pieces"},"content":{"rendered":"<div>\u2705JAKI 8225 Nutcracker<br \/>&nbsp;<br \/>\u2705The Nutcracker is also a fairy tale written by E.T.A. Hoffmann, originally titled &#8220;The Nutcracker and the Mouse King&#8221; and published in 1816.&nbsp;<br \/>&nbsp;<br \/>\ud83d\udeab FONTOS!&nbsp;<br \/>&nbsp;<br \/>Product Name: Nutcracker<br \/>&nbsp;<br \/>Kateg\u00f3ria: Alkot\u00f3&nbsp;<br \/>&nbsp;<br \/>This Kit Contains: JAKI 8225&nbsp;<br \/>&nbsp;<br \/>900 db j\u00f3 min\u0151s\u00e9g\u0171 t\u00e9gla&nbsp;<br \/>&nbsp;<br \/>Size: 14.2 \u00d7 17 \u00d7 27.6 cm<br \/>&nbsp;<br \/>K\u00e9zi utas\u00edt\u00e1sok&nbsp;<br \/>&nbsp;<br \/>\ud83d\udcccA f\u0151szerepl\u0151 term\u00e9szete&nbsp;<br \/>&nbsp;<br \/>Introducing our proud collection named \u201cNutcracker\u201d you should not miss.&nbsp;<br \/>&nbsp;<br \/>Tchaikovsky&#8217;s ballet is based on this story, which follows a young girl named Marie who receives a nutcracker doll from her godfather Drosselmeyer and dreams of a fantastical adventure with the Nutcracker Prince battling the evil Mouse King<\/div>","protected":false},"excerpt":{"rendered":"<p>M\u00e1rka: JAKI<br \/>\nNem: Uniszex<br \/>\nKoroszt\u00e1ly: &gt; 6 \u00e9v<br \/>\nModel Number: 8225<br \/>\nBesorol\u00e1s: \u00d6sszeszerel\u00e9s<br \/>\nM\u0171anyag blokk forma: \u00f6nz\u00e1r\u00f3 t\u00e9gla<br \/>\nAnyaga: M\u0171anyag<br \/>\nM\u0171anyag t\u00edpus: ABS<br \/>\nT\u00e9gla T\u00e9gla: 900+<br \/>\nEredeti doboza nincs<\/p>","protected":false},"featured_media":54852,"comment_status":"open","ping_status":"closed","template":"","meta":{"_acf_changed":false},"product_cat":[1365,371],"product_tag":[11072,8452,13019,6723],"class_list":["product","first","instock","shipping-taxable","purchasable","product-type-simple"],"acf":[],"_links":{"self":[{"href":"https:\/\/mouldking.store\/hu\/wp-json\/wp\/v2\/product\/54853","targetHints":{"allow":["GET"]}}],"collection":[{"href":"https:\/\/mouldking.store\/hu\/wp-json\/wp\/v2\/product"}],"about":[{"href":"https:\/\/mouldking.store\/hu\/wp-json\/wp\/v2\/types\/product"}],"replies":[{"embeddable":true,"href":"https:\/\/mouldking.store\/hu\/wp-json\/wp\/v2\/comments?post=54853"}],"wp:featuredmedia":[{"embeddable":true,"href":"https:\/\/mouldking.store\/hu\/wp-json\/wp\/v2\/media\/54852"}],"wp:attachment":[{"href":"https:\/\/mouldking.store\/hu\/wp-json\/wp\/v2\/media?parent=54853"}],"wp:term":[{"taxonomy":"product_cat","embeddable":true,"href":"https:\/\/mouldking.store\/hu\/wp-json\/wp\/v2\/product_cat?post=54853"},{"taxonomy":"product_tag","embeddable":true,"href":"https:\/\/mouldking.store\/hu\/wp-json\/wp\/v2\/product_tag?post=54853"}],"curies":[{"name":"wp","href":"https:\/\/api.w.org\/{rel}","templated":true}]}}