{"id":54857,"date":"2024-02-01T19:01:52","date_gmt":"2024-02-01T12:01:52","guid":{"rendered":"https:\/\/mouldking.store\/shop\/pantasy-85011-retro-food-truck-with-2300-pieces\/"},"modified":"2024-02-01T19:01:58","modified_gmt":"2024-02-01T12:01:58","slug":"pantasy-85011-retro-food-truck-with-2300-pieces","status":"publish","type":"product","link":"https:\/\/mouldking.store\/hu\/shop\/pantasy-85011-retro-food-truck-with-2300-pieces\/","title":{"rendered":"Pantasy 85011 Retro Food Truck with 2300 Pieces"},"content":{"rendered":"<div>\u2705Pantasy 85011 Retro Food Truck&nbsp;<br \/>&nbsp;<br \/>\u2705A &#8220;retro food truck&#8221; typically refers to a mobile food vendor that offers nostalgic or vintage-themed food and beverages, often with a retro-inspired aesthetic and menu. These food trucks combine the convenience and novelty of street food with the charm and nostalgia of past eras, appealing to customers seeking a fun and memorable dining experience.<br \/>&nbsp;<br \/>\ud83d\udeab FONTOS!&nbsp;<br \/>&nbsp;<br \/>Product Name: Retro Food Truck&nbsp;<br \/>&nbsp;<br \/>Kateg\u00f3ria: M\u0171szaki<br \/>&nbsp;<br \/>This Kit Contains: Pantasy 85011&nbsp;<br \/>&nbsp;<br \/>2300 pcs Good Quality Bricks&nbsp;<br \/>&nbsp;<br \/>Size:&nbsp; 40 \u00d7 15.4 \u00d7 18.8 cm<br \/>&nbsp;<br \/>K\u00e9zi utas\u00edt\u00e1sok&nbsp;<br \/>&nbsp;<br \/>\ud83d\udcccA f\u0151szerepl\u0151 term\u00e9szete&nbsp;<br \/>&nbsp;<br \/>Introducing our proud collection named \u201cRetro Food Truck \u201d you should not miss.&nbsp;<br \/>&nbsp;<br \/>The truck itself may have a retro design, reminiscent of classic vehicles from the 1950s, 1960s, or other eras. This could include chrome accents, pastel colors, neon signs, and other vintage-inspired decorations. The menu is likely to feature classic comfort foods and nostalgic treats that evoke memories of childhood or bygone eras. This could include items like gourmet grilled cheese sandwiches, burgers with homemade sauces, hand-cut fries, milkshakes, ice cream floats, and freshly baked cookies or pies.<\/div>","protected":false},"excerpt":{"rendered":"<p>M\u00e1rka: Pantasy<br \/>\nNem: Uniszex<br \/>\nKoroszt\u00e1ly: &gt; 6 \u00e9v<br \/>\nModel Number: 85011<br \/>\nBesorol\u00e1s: \u00d6sszeszerel\u00e9s<br \/>\nM\u0171anyag blokk forma: \u00f6nz\u00e1r\u00f3 t\u00e9gla<br \/>\nAnyaga: M\u0171anyag<br \/>\nM\u0171anyag t\u00edpus: ABS<br \/>\nBricks Blocks: 2300 +<br \/>\nEredeti doboza nincs<\/p>","protected":false},"featured_media":54855,"comment_status":"open","ping_status":"closed","template":"","meta":{"_acf_changed":false},"product_cat":[1357,364],"product_tag":[12533,7457,389,11080,466],"class_list":["product","first","instock","shipping-taxable","purchasable","product-type-simple"],"acf":[],"_links":{"self":[{"href":"https:\/\/mouldking.store\/hu\/wp-json\/wp\/v2\/product\/54857","targetHints":{"allow":["GET"]}}],"collection":[{"href":"https:\/\/mouldking.store\/hu\/wp-json\/wp\/v2\/product"}],"about":[{"href":"https:\/\/mouldking.store\/hu\/wp-json\/wp\/v2\/types\/product"}],"replies":[{"embeddable":true,"href":"https:\/\/mouldking.store\/hu\/wp-json\/wp\/v2\/comments?post=54857"}],"wp:featuredmedia":[{"embeddable":true,"href":"https:\/\/mouldking.store\/hu\/wp-json\/wp\/v2\/media\/54855"}],"wp:attachment":[{"href":"https:\/\/mouldking.store\/hu\/wp-json\/wp\/v2\/media?parent=54857"}],"wp:term":[{"taxonomy":"product_cat","embeddable":true,"href":"https:\/\/mouldking.store\/hu\/wp-json\/wp\/v2\/product_cat?post=54857"},{"taxonomy":"product_tag","embeddable":true,"href":"https:\/\/mouldking.store\/hu\/wp-json\/wp\/v2\/product_tag?post=54857"}],"curies":[{"name":"wp","href":"https:\/\/api.w.org\/{rel}","templated":true}]}}