{"id":54931,"date":"2024-02-06T12:09:25","date_gmt":"2024-02-06T05:09:25","guid":{"rendered":"https:\/\/mouldking.store\/shop\/tank-9222-cyborg-optimus-with-3326-pieces\/"},"modified":"2024-02-06T12:09:30","modified_gmt":"2024-02-06T05:09:30","slug":"tank-9222-cyborg-optimus-with-3326-pieces","status":"publish","type":"product","link":"https:\/\/mouldking.store\/hu\/shop\/tank-9222-cyborg-optimus-with-3326-pieces\/","title":{"rendered":"TANK 9222 Cyborg Optimus with 3326 Pieces"},"content":{"rendered":"<div>\u2705TANK 9222 Cyborg Optimus<br \/>&nbsp;<br \/>\u2705Cyborg Optimus would retain the recognizable red and blue color scheme of Optimus Prime, but with a cybernetic twist. Parts of his body would be augmented with sleek, metallic components, integrating seamlessly with his robotic form. His eyes might glow with a piercing blue light, indicating his enhanced capabilities.<br \/>&nbsp;<br \/>\ud83d\udeab FONTOS!&nbsp;<br \/>&nbsp;<br \/>Product Name: Cyborg Optimus<br \/>&nbsp;<br \/>Kateg\u00f3ria: Film<br \/>&nbsp;<br \/>This Kit Contains: TANK 9222<br \/>&nbsp;<br \/>3326 pcs Good Quality Bricks&nbsp;<br \/>&nbsp;<br \/>Size: 19.5 \u00d7 15 \u00d7 35 cm<br \/>&nbsp;<br \/>K\u00e9zi utas\u00edt\u00e1sok&nbsp;<br \/>&nbsp;<br \/>\ud83d\udcccA f\u0151szerepl\u0151 term\u00e9szete&nbsp;<br \/>&nbsp;<br \/>Introducing our proud collection named \u201cCyborg Optimus\u201d you should not miss.&nbsp;<br \/>&nbsp;<br \/>As a cyborg, Cyborg Optimus would have access to a wide range of advanced abilities. These could include enhanced strength, speed, durability, and agility, thanks to his cybernetic enhancements. Additionally, he might possess built-in weapons systems, advanced sensors for tracking enemies, and the ability to interface directly with technology.<\/div>","protected":false},"excerpt":{"rendered":"<p>Brand: TANK<br \/>\nNem: Uniszex<br \/>\nKoroszt\u00e1ly: &gt; 6 \u00e9v<br \/>\nModel Number: 9222<br \/>\nBesorol\u00e1s: \u00d6sszeszerel\u00e9s<br \/>\nM\u0171anyag blokk forma: \u00f6nz\u00e1r\u00f3 t\u00e9gla<br \/>\nAnyaga: M\u0171anyag<br \/>\nM\u0171anyag t\u00edpus: ABS<br \/>\nBricks Blocks: 3326 +<br \/>\nEredeti doboza nincs<\/p>","protected":false},"featured_media":54930,"comment_status":"open","ping_status":"closed","template":"","meta":{"_acf_changed":false},"product_cat":[1365,371,581,1408],"product_tag":[11072,8452,8262,434,1767,1571,590],"class_list":["product","first","instock","shipping-taxable","purchasable","product-type-simple"],"acf":[],"_links":{"self":[{"href":"https:\/\/mouldking.store\/hu\/wp-json\/wp\/v2\/product\/54931","targetHints":{"allow":["GET"]}}],"collection":[{"href":"https:\/\/mouldking.store\/hu\/wp-json\/wp\/v2\/product"}],"about":[{"href":"https:\/\/mouldking.store\/hu\/wp-json\/wp\/v2\/types\/product"}],"replies":[{"embeddable":true,"href":"https:\/\/mouldking.store\/hu\/wp-json\/wp\/v2\/comments?post=54931"}],"wp:featuredmedia":[{"embeddable":true,"href":"https:\/\/mouldking.store\/hu\/wp-json\/wp\/v2\/media\/54930"}],"wp:attachment":[{"href":"https:\/\/mouldking.store\/hu\/wp-json\/wp\/v2\/media?parent=54931"}],"wp:term":[{"taxonomy":"product_cat","embeddable":true,"href":"https:\/\/mouldking.store\/hu\/wp-json\/wp\/v2\/product_cat?post=54931"},{"taxonomy":"product_tag","embeddable":true,"href":"https:\/\/mouldking.store\/hu\/wp-json\/wp\/v2\/product_tag?post=54931"}],"curies":[{"name":"wp","href":"https:\/\/api.w.org\/{rel}","templated":true}]}}