{"id":54940,"date":"2024-02-06T12:09:49","date_gmt":"2024-02-06T05:09:49","guid":{"rendered":"https:\/\/mouldking.store\/shop\/tank-9220-cyborg-blackened-optimus-prime-with-3226-pieces\/"},"modified":"2024-02-06T12:09:54","modified_gmt":"2024-02-06T05:09:54","slug":"tank-9220-cyborg-blackened-optimus-prime-with-3226-pieces","status":"publish","type":"product","link":"https:\/\/mouldking.store\/hu\/shop\/tank-9220-cyborg-blackened-optimus-prime-with-3226-pieces\/","title":{"rendered":"TANK 9220 Cyborg Blackened Optimus Prime with 3226 Pieces"},"content":{"rendered":"<div>\u2705 TANK 9220 Cyborg Blackened Optimus Prime<br \/>&nbsp;<br \/>\u2705&#8221;Cyborg Blackened Optimus Prime&#8221; suggests a darker and more intense version of the iconic Autobot leader, one whose appearance and demeanor have been altered by cybernetic enhancements and perhaps the trials of battle.&nbsp;<br \/>&nbsp;<br \/>\ud83d\udeab FONTOS!&nbsp;<br \/>&nbsp;<br \/>Product Name: Cyborg Blackened Optimus Prime<br \/>&nbsp;<br \/>Kateg\u00f3ria: Film<br \/>&nbsp;<br \/>This Kit Contains: TANK 9220<br \/>&nbsp;<br \/>3226 pcs Good Quality Bricks&nbsp;<br \/>&nbsp;<br \/>Size: 19.5 \u00d7 15 \u00d7 35 cm<br \/>&nbsp;<br \/>K\u00e9zi utas\u00edt\u00e1sok&nbsp;<br \/>&nbsp;<br \/>\ud83d\udcccA f\u0151szerepl\u0151 term\u00e9szete&nbsp;<br \/>&nbsp;<br \/>Introducing our proud collection named \u201cCyborg Blackened Optimus Prime\u201d you should not miss.&nbsp;<br \/>&nbsp;<br \/>Cyborg Blackened Optimus Prime would have a striking and ominous appearance, with his once vibrant colors replaced by a darker, blackened hue. His exterior would bear scars and battle damage, with patches of exposed circuitry and mechanical components visible beneath the surface. His optics might glow with an intense, fiery light, reflecting the inner turmoil and determination that drive him forward.<\/div>","protected":false},"excerpt":{"rendered":"<p>Brand: TANK<br \/>\nNem: Uniszex<br \/>\nKoroszt\u00e1ly: &gt; 6 \u00e9v<br \/>\nModel Number: 9220<br \/>\nBesorol\u00e1s: \u00d6sszeszerel\u00e9s<br \/>\nM\u0171anyag blokk forma: \u00f6nz\u00e1r\u00f3 t\u00e9gla<br \/>\nAnyaga: M\u0171anyag<br \/>\nM\u0171anyag t\u00edpus: ABS<br \/>\nBricks Blocks: 3226 +<br \/>\nEredeti doboza nincs<\/p>","protected":false},"featured_media":54939,"comment_status":"open","ping_status":"closed","template":"","meta":{"_acf_changed":false},"product_cat":[1365,371,581,1408],"product_tag":[13025,11072,8452,8262,434,1767,1571,590],"class_list":["product","first","instock","shipping-taxable","purchasable","product-type-simple"],"acf":[],"_links":{"self":[{"href":"https:\/\/mouldking.store\/hu\/wp-json\/wp\/v2\/product\/54940","targetHints":{"allow":["GET"]}}],"collection":[{"href":"https:\/\/mouldking.store\/hu\/wp-json\/wp\/v2\/product"}],"about":[{"href":"https:\/\/mouldking.store\/hu\/wp-json\/wp\/v2\/types\/product"}],"replies":[{"embeddable":true,"href":"https:\/\/mouldking.store\/hu\/wp-json\/wp\/v2\/comments?post=54940"}],"wp:featuredmedia":[{"embeddable":true,"href":"https:\/\/mouldking.store\/hu\/wp-json\/wp\/v2\/media\/54939"}],"wp:attachment":[{"href":"https:\/\/mouldking.store\/hu\/wp-json\/wp\/v2\/media?parent=54940"}],"wp:term":[{"taxonomy":"product_cat","embeddable":true,"href":"https:\/\/mouldking.store\/hu\/wp-json\/wp\/v2\/product_cat?post=54940"},{"taxonomy":"product_tag","embeddable":true,"href":"https:\/\/mouldking.store\/hu\/wp-json\/wp\/v2\/product_tag?post=54940"}],"curies":[{"name":"wp","href":"https:\/\/api.w.org\/{rel}","templated":true}]}}