{"id":54945,"date":"2024-02-06T12:10:01","date_gmt":"2024-02-06T05:10:01","guid":{"rendered":"https:\/\/mouldking.store\/shop\/wgc-66035-chevy-barbie-car-with-800-pieces\/"},"modified":"2024-02-06T12:10:06","modified_gmt":"2024-02-06T05:10:06","slug":"wgc-66035-chevy-barbie-car-with-800-pieces","status":"publish","type":"product","link":"https:\/\/mouldking.store\/hu\/shop\/wgc-66035-chevy-barbie-car-with-800-pieces\/","title":{"rendered":"WGC 66035 Chevy Barbie Car with 800 Pieces"},"content":{"rendered":"<div>\u2705WGC 66035 Chevy Barbie Car<br \/>&nbsp;<br \/>\u2705A &#8220;Chevy Barbie Car&#8221; is a whimsical and fun concept\u2014a marriage of iconic Barbie style with the classic American automobile brand Chevrolet.<br \/>&nbsp;<br \/>\ud83d\udeab FONTOS!&nbsp;<br \/>&nbsp;<br \/>Product Name: Chevy Barbie Car<br \/>&nbsp;<br \/>Kateg\u00f3ria: M\u0171szaki<br \/>&nbsp;<br \/>This Kit Contains: WGC 66035&nbsp;<br \/>&nbsp;<br \/>800 pcs Good Quality Bricks&nbsp;<br \/>&nbsp;<br \/>K\u00e9zi utas\u00edt\u00e1sok&nbsp;<br \/>&nbsp;<br \/>\ud83d\udcccA f\u0151szerepl\u0151 term\u00e9szete&nbsp;<br \/>&nbsp;<br \/>Introducing our proud collection named \u201cChevy Barbie Car\u201d you should not miss.&nbsp;<br \/>&nbsp;<br \/>Chevy Barbie Car would be a delightful blend of fashion, fun, and automotive innovation, capturing the spirit of adventure and empowerment that Barbie has embodied for generations.<\/div>","protected":false},"excerpt":{"rendered":"<p>Brand: WGC<br \/>\nNem: Uniszex<br \/>\nKoroszt\u00e1ly: &gt; 6 \u00e9v<br \/>\nModel Number: 66035<br \/>\nBesorol\u00e1s: \u00d6sszeszerel\u00e9s<br \/>\nM\u0171anyag blokk forma: \u00f6nz\u00e1r\u00f3 t\u00e9gla<br \/>\nAnyaga: M\u0171anyag<br \/>\nM\u0171anyag t\u00edpus: ABS<br \/>\nBricks Blocks: 800 +<br \/>\nEredeti doboza nincs<\/p>","protected":false},"featured_media":54944,"comment_status":"open","ping_status":"closed","template":"","meta":{"_acf_changed":false},"product_cat":[1360,1357,364,1875],"product_tag":[457,13026,389,11080],"class_list":["product","first","instock","shipping-taxable","purchasable","product-type-simple"],"acf":[],"_links":{"self":[{"href":"https:\/\/mouldking.store\/hu\/wp-json\/wp\/v2\/product\/54945","targetHints":{"allow":["GET"]}}],"collection":[{"href":"https:\/\/mouldking.store\/hu\/wp-json\/wp\/v2\/product"}],"about":[{"href":"https:\/\/mouldking.store\/hu\/wp-json\/wp\/v2\/types\/product"}],"replies":[{"embeddable":true,"href":"https:\/\/mouldking.store\/hu\/wp-json\/wp\/v2\/comments?post=54945"}],"wp:featuredmedia":[{"embeddable":true,"href":"https:\/\/mouldking.store\/hu\/wp-json\/wp\/v2\/media\/54944"}],"wp:attachment":[{"href":"https:\/\/mouldking.store\/hu\/wp-json\/wp\/v2\/media?parent=54945"}],"wp:term":[{"taxonomy":"product_cat","embeddable":true,"href":"https:\/\/mouldking.store\/hu\/wp-json\/wp\/v2\/product_cat?post=54945"},{"taxonomy":"product_tag","embeddable":true,"href":"https:\/\/mouldking.store\/hu\/wp-json\/wp\/v2\/product_tag?post=54945"}],"curies":[{"name":"wp","href":"https:\/\/api.w.org\/{rel}","templated":true}]}}