{"id":54951,"date":"2024-02-06T12:10:13","date_gmt":"2024-02-06T05:10:13","guid":{"rendered":"https:\/\/mouldking.store\/shop\/rastar-93800-audi-r8-spyder-with-1440-pieces\/"},"modified":"2024-02-06T12:10:27","modified_gmt":"2024-02-06T05:10:27","slug":"rastar-93800-audi-r8-spyder-with-1440-pieces","status":"publish","type":"product","link":"https:\/\/mouldking.store\/hu\/shop\/rastar-93800-audi-r8-spyder-with-1440-pieces\/","title":{"rendered":"Rastar 93800 Audi R8 Spyder 1440 darabos"},"content":{"rendered":"<div>\u2705RASTAR 93800 Audi R8 Spyder<br \/>&nbsp;<br \/>\u2705The Audi R8 Spyder is a sleek and powerful convertible sports car that exudes luxury, performance, and style. The Audi R8 Spyder boasts a stunning design that turns heads wherever it goes. Its low-slung silhouette, aggressive lines, and aerodynamic profile give it a distinctively sporty and futuristic appearance. The convertible top retracts with effortless precision, allowing drivers to enjoy the thrill of open-air driving at the touch of a button.<\/p>\n<p>\ud83d\udeab FONTOS!&nbsp;<br \/>&nbsp;<br \/>Product Name: Audi R8 Spyder<br \/>&nbsp;<br \/>Kateg\u00f3ria: M\u0171szaki<br \/>&nbsp;<br \/>This Kit Contains: RASTAR 93800<br \/>&nbsp;<br \/>1440 pcs Good Quality Bricks&nbsp;<br \/>&nbsp;<br \/>K\u00e9zi utas\u00edt\u00e1sok&nbsp;<br \/>&nbsp;<br \/>\ud83d\udcccA f\u0151szerepl\u0151 term\u00e9szete&nbsp;<br \/>&nbsp;<br \/>Introducing our proud collection named \u201cAudi R8 Spyder\u201d you should not miss.&nbsp;<br \/>&nbsp;<br \/>Step inside the Audi R8 Spyder, and you&#8217;ll find a sumptuously appointed interior that blends comfort with cutting-edge technology. Premium materials, such as fine leather, carbon fiber, and aluminum accents, adorn every surface, creating a luxurious ambiance. High-tech features like Audi&#8217;s virtual cockpit display, advanced driver assistance systems, and smartphone integration elevate the driving experience to new heights.<\/div>","protected":false},"excerpt":{"rendered":"<p>M\u00e1rka: Rastar<br \/>\nNem: Uniszex<br \/>\nKoroszt\u00e1ly: &gt; 6 \u00e9v<br \/>\nModel Number: 93800<br \/>\nBesorol\u00e1s: \u00d6sszeszerel\u00e9s<br \/>\nM\u0171anyag blokk forma: \u00f6nz\u00e1r\u00f3 t\u00e9gla<br \/>\nAnyaga: M\u0171anyag<br \/>\nM\u0171anyag t\u00edpus: ABS<br \/>\nBricks Blocks: 1440 +<br \/>\nEredeti doboza nincs<\/p>","protected":false},"featured_media":54950,"comment_status":"open","ping_status":"closed","template":"","meta":{"_acf_changed":false},"product_cat":[1360,1357,364,1875],"product_tag":[1845,2884,457,2418,389,11080],"class_list":["product","first","instock","shipping-taxable","purchasable","product-type-simple"],"acf":[],"_links":{"self":[{"href":"https:\/\/mouldking.store\/hu\/wp-json\/wp\/v2\/product\/54951","targetHints":{"allow":["GET"]}}],"collection":[{"href":"https:\/\/mouldking.store\/hu\/wp-json\/wp\/v2\/product"}],"about":[{"href":"https:\/\/mouldking.store\/hu\/wp-json\/wp\/v2\/types\/product"}],"replies":[{"embeddable":true,"href":"https:\/\/mouldking.store\/hu\/wp-json\/wp\/v2\/comments?post=54951"}],"wp:featuredmedia":[{"embeddable":true,"href":"https:\/\/mouldking.store\/hu\/wp-json\/wp\/v2\/media\/54950"}],"wp:attachment":[{"href":"https:\/\/mouldking.store\/hu\/wp-json\/wp\/v2\/media?parent=54951"}],"wp:term":[{"taxonomy":"product_cat","embeddable":true,"href":"https:\/\/mouldking.store\/hu\/wp-json\/wp\/v2\/product_cat?post=54951"},{"taxonomy":"product_tag","embeddable":true,"href":"https:\/\/mouldking.store\/hu\/wp-json\/wp\/v2\/product_tag?post=54951"}],"curies":[{"name":"wp","href":"https:\/\/api.w.org\/{rel}","templated":true}]}}