{"id":54973,"date":"2024-02-06T18:26:34","date_gmt":"2024-02-06T11:26:34","guid":{"rendered":"https:\/\/mouldking.store\/shop\/wgc-66009-magic-bookends-with-1488-pieces\/"},"modified":"2024-02-06T18:26:39","modified_gmt":"2024-02-06T11:26:39","slug":"wgc-66009-magic-bookends-with-1488-pieces","status":"publish","type":"product","link":"https:\/\/mouldking.store\/hu\/shop\/wgc-66009-magic-bookends-with-1488-pieces\/","title":{"rendered":"WGC 66009 Magic Bookends with 1488 Pieces"},"content":{"rendered":"<div>\u2705 WGC 66009 Magic Bookends<br \/>&nbsp;<br \/>\u2705Magic bookends could take several forms, each offering a whimsical and enchanting way to display and organize books.<br \/>&nbsp;<br \/>\ud83d\udeab FONTOS!&nbsp;<br \/>&nbsp;<br \/>Product Name: Magic Bookends<br \/>&nbsp;<br \/>Kateg\u00f3ria: Alkot\u00f3&nbsp;<br \/>&nbsp;<br \/>This Kit Contains:&nbsp; WGC 66009<br \/>&nbsp;<br \/>1488 pcs Good Quality Bricks&nbsp;<br \/>&nbsp;<br \/>Size: 30.5 \u00d7 16 \u00d7 21 cm<br \/>&nbsp;<br \/>K\u00e9zi utas\u00edt\u00e1sok&nbsp;<br \/>&nbsp;<br \/>\ud83d\udcccA f\u0151szerepl\u0151 term\u00e9szete&nbsp;<br \/>&nbsp;<br \/>Introducing our proud collection named \u201cMagic Bookends\u201d you should not miss.&nbsp;<br \/>&nbsp;<br \/>Whether they&#8217;re levitating in mid-air, adorned with wizard hats, or shaped like mythical creatures, magic bookends offer a delightful way to showcase books while adding a touch of whimsy and enchantment to any space.<\/div>","protected":false},"excerpt":{"rendered":"<p>Brand: WGC<br \/>\nNem: Uniszex<br \/>\nKoroszt\u00e1ly: 8 \u00e9v felett<br \/>\nModel Number: 66009<br \/>\nBesorol\u00e1s: \u00d6sszeszerel\u00e9s<br \/>\nM\u0171anyag blokk forma: \u00f6nz\u00e1r\u00f3 t\u00e9gla<br \/>\nAnyaga: M\u0171anyag<br \/>\nM\u0171anyag t\u00edpus: ABS<br \/>\nBricks Blocks: 1488 +<br \/>\nEredeti doboza nincs<\/p>","protected":false},"featured_media":54972,"comment_status":"open","ping_status":"closed","template":"","meta":{"_acf_changed":false},"product_cat":[1365,371],"product_tag":[1411,11072,8452,8858],"class_list":["product","first","instock","shipping-taxable","purchasable","product-type-simple"],"acf":[],"_links":{"self":[{"href":"https:\/\/mouldking.store\/hu\/wp-json\/wp\/v2\/product\/54973","targetHints":{"allow":["GET"]}}],"collection":[{"href":"https:\/\/mouldking.store\/hu\/wp-json\/wp\/v2\/product"}],"about":[{"href":"https:\/\/mouldking.store\/hu\/wp-json\/wp\/v2\/types\/product"}],"replies":[{"embeddable":true,"href":"https:\/\/mouldking.store\/hu\/wp-json\/wp\/v2\/comments?post=54973"}],"wp:featuredmedia":[{"embeddable":true,"href":"https:\/\/mouldking.store\/hu\/wp-json\/wp\/v2\/media\/54972"}],"wp:attachment":[{"href":"https:\/\/mouldking.store\/hu\/wp-json\/wp\/v2\/media?parent=54973"}],"wp:term":[{"taxonomy":"product_cat","embeddable":true,"href":"https:\/\/mouldking.store\/hu\/wp-json\/wp\/v2\/product_cat?post=54973"},{"taxonomy":"product_tag","embeddable":true,"href":"https:\/\/mouldking.store\/hu\/wp-json\/wp\/v2\/product_tag?post=54973"}],"curies":[{"name":"wp","href":"https:\/\/api.w.org\/{rel}","templated":true}]}}