{"id":55015,"date":"2024-02-06T18:28:03","date_gmt":"2024-02-06T11:28:03","guid":{"rendered":"https:\/\/mouldking.store\/shop\/mj-13050-dinosaur-rex-monster-with-1388-pieces\/"},"modified":"2024-02-06T18:28:03","modified_gmt":"2024-02-06T11:28:03","slug":"mj-13050-dinosaur-rex-monster-with-1388-pieces","status":"publish","type":"product","link":"https:\/\/mouldking.store\/hu\/shop\/mj-13050-dinosaur-rex-monster-with-1388-pieces\/","title":{"rendered":"MJ 13050 Dinosaur REX Monster with 1388 Pieces"},"content":{"rendered":"<div>\u2705MJI 13050 Dinosaur REX Monster&nbsp;<br \/>&nbsp;<br \/>\u2705The Dinosaur REX Monster would be a formidable and imposing creature, blending the features of a Tyrannosaurus rex (T-Rex) dinosaur and a classic monster from folklore or mythology.&nbsp;<br \/>&nbsp;<br \/>\ud83d\udeab FONTOS!&nbsp;<br \/>&nbsp;<br \/>Product Name: Dinosaur REX Monster&nbsp;<br \/>&nbsp;<br \/>Kateg\u00f3ria: Alkot\u00f3&nbsp;<br \/>&nbsp;<br \/>This Kit Contains: MJI 13050&nbsp;<br \/>&nbsp;<br \/>1388 pcs Good Quality Bricks&nbsp;<br \/>&nbsp;<br \/>Size: 50 \u00d7 15 \u00d7 27 cm<br \/>&nbsp;<br \/>K\u00e9zi utas\u00edt\u00e1sok&nbsp;<br \/>&nbsp;<br \/>\ud83d\udcccA f\u0151szerepl\u0151 term\u00e9szete&nbsp;<br \/>&nbsp;<br \/>Introducing our proud collection named \u201cDinosaur REX Monster \u201d you should not miss.&nbsp;<br \/>&nbsp;<br \/>True to its T-Rex ancestry, the Dinosaur REX Monster would possess immense strength and ferocity. Its razor-sharp teeth and powerful bite force would make it a fearsome predator capable of taking down large prey or challenging other creatures for dominance. Dinosaur REX Monster combines the awe-inspiring majesty of dinosaurs with the fantastical elements of mythical monsters, resulting in a creature of unparalleled strength, terror, and intrigue.<\/div>","protected":false},"excerpt":{"rendered":"<p>M\u00e1rka: MJ<br \/>\nNem: Uniszex<br \/>\nKoroszt\u00e1ly: &gt; 12 \u00e9ves<br \/>\nModel Number: 13050<br \/>\nBesorol\u00e1s: \u00d6sszeszerel\u00e9s<br \/>\nM\u0171anyag blokk forma: \u00f6nz\u00e1r\u00f3 t\u00e9gla<br \/>\nAnyaga: M\u0171anyag<br \/>\nM\u0171anyag t\u00edpus: ABS<br \/>\nBricks Blocks: 1388 +<br \/>\nEredeti doboza nincs<\/p>","protected":false},"featured_media":55014,"comment_status":"open","ping_status":"closed","template":"","meta":{"_acf_changed":false},"product_cat":[1365,371],"product_tag":[11072,8452,2541,468,8565,13029],"class_list":["product","first","instock","shipping-taxable","purchasable","product-type-simple"],"acf":[],"_links":{"self":[{"href":"https:\/\/mouldking.store\/hu\/wp-json\/wp\/v2\/product\/55015","targetHints":{"allow":["GET"]}}],"collection":[{"href":"https:\/\/mouldking.store\/hu\/wp-json\/wp\/v2\/product"}],"about":[{"href":"https:\/\/mouldking.store\/hu\/wp-json\/wp\/v2\/types\/product"}],"replies":[{"embeddable":true,"href":"https:\/\/mouldking.store\/hu\/wp-json\/wp\/v2\/comments?post=55015"}],"wp:featuredmedia":[{"embeddable":true,"href":"https:\/\/mouldking.store\/hu\/wp-json\/wp\/v2\/media\/55014"}],"wp:attachment":[{"href":"https:\/\/mouldking.store\/hu\/wp-json\/wp\/v2\/media?parent=55015"}],"wp:term":[{"taxonomy":"product_cat","embeddable":true,"href":"https:\/\/mouldking.store\/hu\/wp-json\/wp\/v2\/product_cat?post=55015"},{"taxonomy":"product_tag","embeddable":true,"href":"https:\/\/mouldking.store\/hu\/wp-json\/wp\/v2\/product_tag?post=55015"}],"curies":[{"name":"wp","href":"https:\/\/api.w.org\/{rel}","templated":true}]}}