{"id":55048,"date":"2024-02-06T18:29:17","date_gmt":"2024-02-06T11:29:17","guid":{"rendered":"https:\/\/mouldking.store\/shop\/wange-5311-french-country-lodge-with-1298-pieces\/"},"modified":"2024-02-06T18:29:24","modified_gmt":"2024-02-06T11:29:24","slug":"wange-5311-french-country-lodge-with-1298-pieces","status":"publish","type":"product","link":"https:\/\/mouldking.store\/hu\/shop\/wange-5311-french-country-lodge-with-1298-pieces\/","title":{"rendered":"WANGE 5311 French Country Lodge with 1298 Pieces"},"content":{"rendered":"<div>\u2705WANGE 5311 French Country Lodge<br \/>&nbsp;<br \/>\u2705A French Country Lodge evokes images of a charming, rustic retreat nestled in the picturesque countryside of France.<br \/>&nbsp;<br \/>\ud83d\udeab FONTOS!&nbsp;<br \/>&nbsp;<br \/>Product Name:&nbsp; French Country Lodge<br \/>&nbsp;<br \/>Kateg\u00f3ria: Modul\u00e1ris \u00e9p\u00fclet<br \/>&nbsp;<br \/>This Kit Contains: WANGE 5311&nbsp;<br \/>&nbsp;<br \/>1298 pcs Good Quality Bricks&nbsp;<br \/>&nbsp;<br \/>K\u00e9zi utas\u00edt\u00e1sok&nbsp;<br \/>&nbsp;<br \/>\ud83d\udcccA f\u0151szerepl\u0151 term\u00e9szete&nbsp;<br \/>&nbsp;<br \/>Introducing our proud collection named \u201cFrench Country Lodge\u201d you should not miss.&nbsp;<br \/>&nbsp;<br \/>The lodge would feature traditional French country architecture, with elements such as stone walls, timber beams, and steeply pitched roofs. The exterior might be adorned with climbing vines, flower boxes, and window shutters, adding to its rustic charm.&nbsp;<\/div>","protected":false},"excerpt":{"rendered":"<p>M\u00e1rka: WANGE<br \/>\nNem: Uniszex<br \/>\nKoroszt\u00e1ly: &gt; 6 \u00e9v<br \/>\nModel Number: 5311<br \/>\nBesorol\u00e1s: \u00d6sszeszerel\u00e9s<br \/>\nM\u0171anyag blokk forma: \u00f6nz\u00e1r\u00f3 t\u00e9gla<br \/>\nAnyaga: M\u0171anyag<br \/>\nM\u0171anyag t\u00edpus: ABS<br \/>\nBricks Blocks: 1298 +<br \/>\nEredeti doboza nincs<\/p>","protected":false},"featured_media":55047,"comment_status":"open","ping_status":"closed","template":"","meta":{"_acf_changed":false},"product_cat":[1365,1395,1502,390],"product_tag":[4883,12095,8452,11640,12734,392],"class_list":["product","first","instock","shipping-taxable","purchasable","product-type-simple"],"acf":[],"_links":{"self":[{"href":"https:\/\/mouldking.store\/hu\/wp-json\/wp\/v2\/product\/55048","targetHints":{"allow":["GET"]}}],"collection":[{"href":"https:\/\/mouldking.store\/hu\/wp-json\/wp\/v2\/product"}],"about":[{"href":"https:\/\/mouldking.store\/hu\/wp-json\/wp\/v2\/types\/product"}],"replies":[{"embeddable":true,"href":"https:\/\/mouldking.store\/hu\/wp-json\/wp\/v2\/comments?post=55048"}],"wp:featuredmedia":[{"embeddable":true,"href":"https:\/\/mouldking.store\/hu\/wp-json\/wp\/v2\/media\/55047"}],"wp:attachment":[{"href":"https:\/\/mouldking.store\/hu\/wp-json\/wp\/v2\/media?parent=55048"}],"wp:term":[{"taxonomy":"product_cat","embeddable":true,"href":"https:\/\/mouldking.store\/hu\/wp-json\/wp\/v2\/product_cat?post=55048"},{"taxonomy":"product_tag","embeddable":true,"href":"https:\/\/mouldking.store\/hu\/wp-json\/wp\/v2\/product_tag?post=55048"}],"curies":[{"name":"wp","href":"https:\/\/api.w.org\/{rel}","templated":true}]}}