{"id":55055,"date":"2024-02-06T18:29:33","date_gmt":"2024-02-06T11:29:33","guid":{"rendered":"https:\/\/mouldking.store\/shop\/wange-6230-santorini-with-1372-pieces\/"},"modified":"2024-02-06T18:29:38","modified_gmt":"2024-02-06T11:29:38","slug":"wange-6230-santorini-with-1372-pieces","status":"publish","type":"product","link":"https:\/\/mouldking.store\/hu\/shop\/wange-6230-santorini-with-1372-pieces\/","title":{"rendered":"WANGE 6230 Santorini with 1372 Pieces"},"content":{"rendered":"<div>\u2705 WANGE 6230 Santorini<br \/>&nbsp;<br \/>\u2705Santorini is a stunning Greek island located in the southern Aegean Sea. Renowned for its breathtaking landscapes, picturesque villages, and rich history, Santorini is a popular destination for travelers seeking beauty, romance, and adventure.&nbsp;<\/p>\n<p>\ud83d\udeab FONTOS!&nbsp;<br \/>&nbsp;<br \/>Product Name: Santorini<br \/>&nbsp;<br \/>Kateg\u00f3ria: Modul\u00e1ris \u00e9p\u00fclet<br \/>&nbsp;<br \/>This Kit Contains:&nbsp; WANGE 6230&nbsp;<br \/>&nbsp;<br \/>1372 pcs Good Quality Bricks&nbsp;<br \/>&nbsp;<br \/>Size: 34.2 \u00d7 33.5 \u00d7 27.5 cm<br \/>&nbsp;<br \/>K\u00e9zi utas\u00edt\u00e1sok&nbsp;<br \/>&nbsp;<br \/>\ud83d\udcccA f\u0151szerepl\u0151 term\u00e9szete&nbsp;<br \/>&nbsp;<br \/>Introducing our proud collection named \u201cSantorini\u201d you should not miss.&nbsp;<br \/>&nbsp;<br \/>Santorini is famous for its dramatic caldera, a large volcanic crater formed by a massive volcanic eruption thousands of years ago. The caldera is surrounded by steep cliffs that rise hundreds of meters above the sea, offering panoramic views of the sparkling blue waters below.<\/div>","protected":false},"excerpt":{"rendered":"<p>M\u00e1rka: WANGE<br \/>\nNem: Uniszex<br \/>\nKoroszt\u00e1ly: &gt; 6 \u00e9v<br \/>\nModel Number: 6230<br \/>\nBesorol\u00e1s: \u00d6sszeszerel\u00e9s<br \/>\nM\u0171anyag blokk forma: \u00f6nz\u00e1r\u00f3 t\u00e9gla<br \/>\nAnyaga: M\u0171anyag<br \/>\nM\u0171anyag t\u00edpus: ABS<br \/>\nBricks Blocks: 1372 +<br \/>\nEredeti doboza nincs<\/p>","protected":false},"featured_media":55054,"comment_status":"open","ping_status":"closed","template":"","meta":{"_acf_changed":false},"product_cat":[1365,1395,390],"product_tag":[8452,392],"class_list":["product","first","instock","shipping-taxable","purchasable","product-type-simple"],"acf":[],"_links":{"self":[{"href":"https:\/\/mouldking.store\/hu\/wp-json\/wp\/v2\/product\/55055","targetHints":{"allow":["GET"]}}],"collection":[{"href":"https:\/\/mouldking.store\/hu\/wp-json\/wp\/v2\/product"}],"about":[{"href":"https:\/\/mouldking.store\/hu\/wp-json\/wp\/v2\/types\/product"}],"replies":[{"embeddable":true,"href":"https:\/\/mouldking.store\/hu\/wp-json\/wp\/v2\/comments?post=55055"}],"wp:featuredmedia":[{"embeddable":true,"href":"https:\/\/mouldking.store\/hu\/wp-json\/wp\/v2\/media\/55054"}],"wp:attachment":[{"href":"https:\/\/mouldking.store\/hu\/wp-json\/wp\/v2\/media?parent=55055"}],"wp:term":[{"taxonomy":"product_cat","embeddable":true,"href":"https:\/\/mouldking.store\/hu\/wp-json\/wp\/v2\/product_cat?post=55055"},{"taxonomy":"product_tag","embeddable":true,"href":"https:\/\/mouldking.store\/hu\/wp-json\/wp\/v2\/product_tag?post=55055"}],"curies":[{"name":"wp","href":"https:\/\/api.w.org\/{rel}","templated":true}]}}