{"id":55067,"date":"2024-02-06T18:29:51","date_gmt":"2024-02-06T11:29:51","guid":{"rendered":"https:\/\/mouldking.store\/shop\/funwhole-f9023-newsstand-with-556-pieces\/"},"modified":"2024-02-06T18:29:57","modified_gmt":"2024-02-06T11:29:57","slug":"funwhole-f9023-newsstand-with-556-pieces","status":"publish","type":"product","link":"https:\/\/mouldking.store\/hu\/shop\/funwhole-f9023-newsstand-with-556-pieces\/","title":{"rendered":"FunWhole F9023 Newsstand with 556 Pieces"},"content":{"rendered":"<div>\u2705 FUNWHOLE F9023 Newsstand<br \/>&nbsp;<br \/>\u2705A newsstand is a small retail kiosk or stall that sells newspapers, magazines, books, snacks, beverages, and other convenience items.&nbsp;<br \/>&nbsp;<br \/>\ud83d\udeab FONTOS!&nbsp;<br \/>&nbsp;<br \/>Product Name: Newsstand<br \/>&nbsp;<br \/>Kateg\u00f3ria: Modul\u00e1ris \u00e9p\u00fclet<br \/>&nbsp;<br \/>This Kit Contains: FUNWHOLE F9023<br \/>&nbsp;<br \/>556 pcs Good Quality Bricks&nbsp;<br \/>&nbsp;<br \/>Size: 19.7 \u00d7 14.5 \u00d7 14.8 cm<br \/>&nbsp;<br \/>K\u00e9zi utas\u00edt\u00e1sok&nbsp;<br \/>&nbsp;<br \/>\ud83d\udcccA f\u0151szerepl\u0151 term\u00e9szete&nbsp;<br \/>&nbsp;<br \/>Introducing our proud collection named \u201cNewsstand\u201d you should not miss.&nbsp;<br \/>&nbsp;<br \/>Newsstands are often located in high-traffic areas such as busy street corners, transportation hubs (like subway stations or airports), shopping districts, or tourist attractions. Their convenient locations make them easily accessible to pedestrians and commuters.<\/div>","protected":false},"excerpt":{"rendered":"<p>M\u00e1rka: FunWhole<br \/>\nNem: Uniszex<br \/>\nKoroszt\u00e1ly: 8 \u00e9v felett<br \/>\nModel Number: F9023<br \/>\nBesorol\u00e1s: \u00d6sszeszerel\u00e9s<br \/>\nM\u0171anyag blokk forma: \u00f6nz\u00e1r\u00f3 t\u00e9gla<br \/>\nAnyaga: M\u0171anyag<br \/>\nM\u0171anyag t\u00edpus: ABS<br \/>\nBricks Blocks: 556 +<br \/>\nEredeti doboza nincs<\/p>","protected":false},"featured_media":55066,"comment_status":"open","ping_status":"closed","template":"","meta":{"_acf_changed":false},"product_cat":[1395,1502,390],"product_tag":[4883,392,13032],"class_list":["product","first","instock","shipping-taxable","purchasable","product-type-simple"],"acf":[],"_links":{"self":[{"href":"https:\/\/mouldking.store\/hu\/wp-json\/wp\/v2\/product\/55067","targetHints":{"allow":["GET"]}}],"collection":[{"href":"https:\/\/mouldking.store\/hu\/wp-json\/wp\/v2\/product"}],"about":[{"href":"https:\/\/mouldking.store\/hu\/wp-json\/wp\/v2\/types\/product"}],"replies":[{"embeddable":true,"href":"https:\/\/mouldking.store\/hu\/wp-json\/wp\/v2\/comments?post=55067"}],"wp:featuredmedia":[{"embeddable":true,"href":"https:\/\/mouldking.store\/hu\/wp-json\/wp\/v2\/media\/55066"}],"wp:attachment":[{"href":"https:\/\/mouldking.store\/hu\/wp-json\/wp\/v2\/media?parent=55067"}],"wp:term":[{"taxonomy":"product_cat","embeddable":true,"href":"https:\/\/mouldking.store\/hu\/wp-json\/wp\/v2\/product_cat?post=55067"},{"taxonomy":"product_tag","embeddable":true,"href":"https:\/\/mouldking.store\/hu\/wp-json\/wp\/v2\/product_tag?post=55067"}],"curies":[{"name":"wp","href":"https:\/\/api.w.org\/{rel}","templated":true}]}}