{"id":55078,"date":"2024-02-06T18:30:59","date_gmt":"2024-02-06T11:30:59","guid":{"rendered":"https:\/\/mouldking.store\/shop\/sembo-605036-fu-man-couplet-chinese-culture-with-376-pieces\/"},"modified":"2024-02-06T18:31:04","modified_gmt":"2024-02-06T11:31:04","slug":"sembo-605036-fu-man-couplet-chinese-culture-with-376-pieces","status":"publish","type":"product","link":"https:\/\/mouldking.store\/hu\/shop\/sembo-605036-fu-man-couplet-chinese-culture-with-376-pieces\/","title":{"rendered":"SEMBO 605036 Fu Man Couplet Chinese Culture with 376 Pieces"},"content":{"rendered":"<div>\u2705 SEMBO 605036 Fu Man Couplet Chinese Culture<br \/>&nbsp;<br \/>\u2705&#8221;Fu&#8221; being a Chinese character symbolizing blessings, happiness, and good fortune often seen during Chinese New Year celebrations, and &#8220;Man Couplet&#8221; likely referring to couplets, a form of Chinese poetry often displayed on doorways or walls during festivals and auspicious occasions.<br \/>&nbsp;<br \/>\ud83d\udeab FONTOS!&nbsp;<br \/>&nbsp;<br \/>Product Name: Fu Man Couplet Chinese Culture<br \/>&nbsp;<br \/>Kateg\u00f3ria: Alkot\u00f3&nbsp;<br \/>&nbsp;<br \/>This Kit Contains:&nbsp; SEMBO 605036<br \/>&nbsp;<br \/>376 pcs Good Quality Bricks&nbsp;<br \/>&nbsp;<br \/>Size: 27.6 \u00d7 4.2 \u00d7 66.6 cm<br \/>&nbsp;<br \/>K\u00e9zi utas\u00edt\u00e1sok&nbsp;<br \/>&nbsp;<br \/>\ud83d\udcccA f\u0151szerepl\u0151 term\u00e9szete&nbsp;<br \/>&nbsp;<br \/>Introducing our proud collection named \u201cFu Man Couplet Chinese Culture\u201d you should not miss.&nbsp;<br \/>&nbsp;<br \/>In Chinese culture, &#8220;Fu&#8221; is traditionally associated with prosperity, success, and happiness. It&#8217;s often depicted as a calligraphic artwork prominently displayed in homes during Lunar New Year to bring good luck for the coming year. Couplets, on the other hand, are a traditional poetic form consisting of two lines of verse, usually with a prescribed structure and rhyme scheme. They are commonly used to convey auspicious messages or express wishes for happiness, longevity, or prosperity.<\/div>","protected":false},"excerpt":{"rendered":"<p>M\u00e1rka: SEMBO<br \/>\nNem: Uniszex<br \/>\nKoroszt\u00e1ly: &gt; 6 \u00e9v<br \/>\nModel Number: 605036<br \/>\nBesorol\u00e1s: \u00d6sszeszerel\u00e9s<br \/>\nM\u0171anyag blokk forma: \u00f6nz\u00e1r\u00f3 t\u00e9gla<br \/>\nAnyaga: M\u0171anyag<br \/>\nM\u0171anyag t\u00edpus: ABS<br \/>\nT\u00e9gla blokkok: 376 +<br \/>\nEredeti doboza nincs<\/p>","protected":false},"featured_media":55076,"comment_status":"open","ping_status":"closed","template":"","meta":{"_acf_changed":false},"product_cat":[1365,371],"product_tag":[13038,6462,11072,8452,12282,12675,13037,11077],"class_list":["product","first","instock","shipping-taxable","purchasable","product-type-simple"],"acf":[],"_links":{"self":[{"href":"https:\/\/mouldking.store\/hu\/wp-json\/wp\/v2\/product\/55078","targetHints":{"allow":["GET"]}}],"collection":[{"href":"https:\/\/mouldking.store\/hu\/wp-json\/wp\/v2\/product"}],"about":[{"href":"https:\/\/mouldking.store\/hu\/wp-json\/wp\/v2\/types\/product"}],"replies":[{"embeddable":true,"href":"https:\/\/mouldking.store\/hu\/wp-json\/wp\/v2\/comments?post=55078"}],"wp:featuredmedia":[{"embeddable":true,"href":"https:\/\/mouldking.store\/hu\/wp-json\/wp\/v2\/media\/55076"}],"wp:attachment":[{"href":"https:\/\/mouldking.store\/hu\/wp-json\/wp\/v2\/media?parent=55078"}],"wp:term":[{"taxonomy":"product_cat","embeddable":true,"href":"https:\/\/mouldking.store\/hu\/wp-json\/wp\/v2\/product_cat?post=55078"},{"taxonomy":"product_tag","embeddable":true,"href":"https:\/\/mouldking.store\/hu\/wp-json\/wp\/v2\/product_tag?post=55078"}],"curies":[{"name":"wp","href":"https:\/\/api.w.org\/{rel}","templated":true}]}}