{"id":55087,"date":"2024-02-06T18:31:09","date_gmt":"2024-02-06T11:31:09","guid":{"rendered":"https:\/\/mouldking.store\/shop\/mork-033002-medieval-tavern-with-3451-pieces\/"},"modified":"2024-02-06T18:31:15","modified_gmt":"2024-02-06T11:31:15","slug":"mork-033002-medieval-tavern-with-3451-pieces","status":"publish","type":"product","link":"https:\/\/mouldking.store\/hu\/shop\/mork-033002-medieval-tavern-with-3451-pieces\/","title":{"rendered":"MORK 033002 Medieval Tavern with 3451 Pieces"},"content":{"rendered":"<div>\u2705 XMORK 033002 Medieval Tavern<br \/>&nbsp;<br \/>\u2705A medieval tavern conjures images of a rustic, dimly lit establishment where travelers, peasants, and nobles alike gather to eat, drink, and socialize.<br \/>&nbsp;<br \/>\ud83d\udeab FONTOS!&nbsp;<br \/>&nbsp;<br \/>Product Name: Medieval Tavern<br \/>&nbsp;<br \/>Kateg\u00f3ria: Modul\u00e1ris \u00e9p\u00fclet<br \/>&nbsp;<br \/>This Kit Contains: XMORK 033002&nbsp;<br \/>&nbsp;<br \/>3451 pcs Good Quality Bricks&nbsp;<br \/>&nbsp;<br \/>Size:&nbsp; 29 \u00d7 27 \u00d7 29.4 cm<br \/>&nbsp;<br \/>K\u00e9zi utas\u00edt\u00e1sok&nbsp;<br \/>&nbsp;<br \/>\ud83d\udcccA f\u0151szerepl\u0151 term\u00e9szete&nbsp;<br \/>&nbsp;<br \/>Introducing our proud collection named \u201cMedieval Tavern\u201d you should not miss.&nbsp;<br \/>&nbsp;<br \/>A medieval tavern is a vibrant and bustling place, where people from all walks of life come together to eat, drink, and be merry, forging bonds of camaraderie and community in an uncertain world.<\/div>","protected":false},"excerpt":{"rendered":"<p>Brand: MORK<br \/>\nNem: Uniszex<br \/>\nKoroszt\u00e1ly: &gt; 6 \u00e9v<br \/>\nModel Number: 033002<br \/>\nBesorol\u00e1s: \u00d6sszeszerel\u00e9s<br \/>\nM\u0171anyag blokk forma: \u00f6nz\u00e1r\u00f3 t\u00e9gla<br \/>\nAnyaga: M\u0171anyag<br \/>\nM\u0171anyag t\u00edpus: ABS<br \/>\nBricks Blocks: 3451 +<br \/>\nEredeti doboza nincs<\/p>","protected":false},"featured_media":55086,"comment_status":"open","ping_status":"closed","template":"","meta":{"_acf_changed":false},"product_cat":[1365,1395,371,390],"product_tag":[11072,8452,4996,392,11107],"class_list":["product","first","instock","shipping-taxable","purchasable","product-type-simple"],"acf":[],"_links":{"self":[{"href":"https:\/\/mouldking.store\/hu\/wp-json\/wp\/v2\/product\/55087","targetHints":{"allow":["GET"]}}],"collection":[{"href":"https:\/\/mouldking.store\/hu\/wp-json\/wp\/v2\/product"}],"about":[{"href":"https:\/\/mouldking.store\/hu\/wp-json\/wp\/v2\/types\/product"}],"replies":[{"embeddable":true,"href":"https:\/\/mouldking.store\/hu\/wp-json\/wp\/v2\/comments?post=55087"}],"wp:featuredmedia":[{"embeddable":true,"href":"https:\/\/mouldking.store\/hu\/wp-json\/wp\/v2\/media\/55086"}],"wp:attachment":[{"href":"https:\/\/mouldking.store\/hu\/wp-json\/wp\/v2\/media?parent=55087"}],"wp:term":[{"taxonomy":"product_cat","embeddable":true,"href":"https:\/\/mouldking.store\/hu\/wp-json\/wp\/v2\/product_cat?post=55087"},{"taxonomy":"product_tag","embeddable":true,"href":"https:\/\/mouldking.store\/hu\/wp-json\/wp\/v2\/product_tag?post=55087"}],"curies":[{"name":"wp","href":"https:\/\/api.w.org\/{rel}","templated":true}]}}