{"id":55104,"date":"2024-02-06T18:31:38","date_gmt":"2024-02-06T11:31:38","guid":{"rendered":"https:\/\/mouldking.store\/shop\/reobrix-66021-g2000-european-passenger-trains-with-1980-pieces\/"},"modified":"2024-02-06T18:31:43","modified_gmt":"2024-02-06T11:31:43","slug":"reobrix-66021-g2000-european-passenger-trains-with-1980-pieces","status":"publish","type":"product","link":"https:\/\/mouldking.store\/hu\/shop\/reobrix-66021-g2000-european-passenger-trains-with-1980-pieces\/","title":{"rendered":"REOBRIX 66021 G2000 European Passenger Trains with 1980 Pieces"},"content":{"rendered":"<div>\u2705 Reobrix 66021 G2000 European Passenger Trains<br \/>&nbsp;<br \/>\u2705For European passenger trains, various manufacturers produce models tailored to meet the specific needs of different railway operators and countries. Some well-known manufacturers of passenger trains in Europe include Siemens, Alstom, Bombardier (now part of Alstom), Stadler, and CAF.<br \/>&nbsp;<br \/>\ud83d\udeab FONTOS!&nbsp;<br \/>&nbsp;<br \/>Product Name: G2000 European Passenger Trains<br \/>&nbsp;<br \/>Kateg\u00f3ria: M\u0171szaki<\/p>\n<p>This kit contains:&nbsp; Reobrix 66021&nbsp;<br \/>&nbsp;<br \/>1980 pcs Good Quality Bricks&nbsp;<br \/>&nbsp;<br \/>Size: 51 \u00d7 20.4 \u00d7 22 cm<br \/>&nbsp;<br \/>K\u00e9zi utas\u00edt\u00e1sok&nbsp;<br \/>&nbsp;<br \/>\ud83d\udcccA f\u0151szerepl\u0151 term\u00e9szete&nbsp;<br \/>&nbsp;<br \/>Introducing our proud collection named \u201cG2000 European Passenger Trains\u201d you should not miss.&nbsp;<br \/>&nbsp;<br \/>European passenger trains encompass a wide range of models, from high-speed trains connecting major cities to regional and commuter trains serving smaller towns and rural areas.&nbsp;<\/div>","protected":false},"excerpt":{"rendered":"<p>M\u00e1rka: REOBRIX<br \/>\nNem: Uniszex<br \/>\nKorhat\u00e1r: 14 \u00e9v felett<br \/>\nModel Number: 66021<br \/>\nBesorol\u00e1s: \u00d6sszeszerel\u00e9s<br \/>\nM\u0171anyag blokk forma: \u00f6nz\u00e1r\u00f3 t\u00e9gla<br \/>\nAnyaga: M\u0171anyag<br \/>\nM\u0171anyag t\u00edpus: ABS<br \/>\nBricks Blocks: 1980 +<br \/>\nEredeti doboza nincs<\/p>","protected":false},"featured_media":55102,"comment_status":"open","ping_status":"closed","template":"","meta":{"_acf_changed":false},"product_cat":[1357,364],"product_tag":[6496,13041,11510,13040,389,11080,6736],"class_list":["product","first","instock","shipping-taxable","purchasable","product-type-simple"],"acf":[],"_links":{"self":[{"href":"https:\/\/mouldking.store\/hu\/wp-json\/wp\/v2\/product\/55104","targetHints":{"allow":["GET"]}}],"collection":[{"href":"https:\/\/mouldking.store\/hu\/wp-json\/wp\/v2\/product"}],"about":[{"href":"https:\/\/mouldking.store\/hu\/wp-json\/wp\/v2\/types\/product"}],"replies":[{"embeddable":true,"href":"https:\/\/mouldking.store\/hu\/wp-json\/wp\/v2\/comments?post=55104"}],"wp:featuredmedia":[{"embeddable":true,"href":"https:\/\/mouldking.store\/hu\/wp-json\/wp\/v2\/media\/55102"}],"wp:attachment":[{"href":"https:\/\/mouldking.store\/hu\/wp-json\/wp\/v2\/media?parent=55104"}],"wp:term":[{"taxonomy":"product_cat","embeddable":true,"href":"https:\/\/mouldking.store\/hu\/wp-json\/wp\/v2\/product_cat?post=55104"},{"taxonomy":"product_tag","embeddable":true,"href":"https:\/\/mouldking.store\/hu\/wp-json\/wp\/v2\/product_tag?post=55104"}],"curies":[{"name":"wp","href":"https:\/\/api.w.org\/{rel}","templated":true}]}}