{"id":55111,"date":"2024-02-06T18:31:57","date_gmt":"2024-02-06T11:31:57","guid":{"rendered":"https:\/\/mouldking.store\/shop\/reobrix-66020-taurus-european-electric-passenger-trains-with-1939-pieces\/"},"modified":"2024-02-06T18:32:02","modified_gmt":"2024-02-06T11:32:02","slug":"reobrix-66020-taurus-european-electric-passenger-trains-with-1939-pieces","status":"publish","type":"product","link":"https:\/\/mouldking.store\/hu\/shop\/reobrix-66020-taurus-european-electric-passenger-trains-with-1939-pieces\/","title":{"rendered":"REOBRIX 66020 Taurus European Electric Passenger Trains with 1939 Pieces"},"content":{"rendered":"<div>\u2705 Reobrix 66020 Taurus European Electric Passenger Trains<br \/>&nbsp;<br \/>\u2705The Taurus is a series of electric locomotives manufactured by Siemens Mobility, a division of Siemens AG. While primarily used for freight transport, Siemens has developed variants of the Taurus locomotive suitable for passenger service as well.<br \/>&nbsp;<br \/>\ud83d\udeab FONTOS!&nbsp;<br \/>&nbsp;<br \/>Product Name: Taurus European Electric Passenger Trains<br \/>&nbsp;<br \/>Kateg\u00f3ria: M\u0171szaki<br \/>&nbsp;<br \/>This Kit Contains:&nbsp; Reobrix 66020<br \/>&nbsp;<br \/>1939 pcs Good Quality Bricks&nbsp;<br \/>&nbsp;<br \/>Size:&nbsp; 51 \u00d7 19 \u00d7 18 cm<br \/>&nbsp;<br \/>K\u00e9zi utas\u00edt\u00e1sok&nbsp;<br \/>&nbsp;<br \/>\ud83d\udcccA f\u0151szerepl\u0151 term\u00e9szete&nbsp;<br \/>&nbsp;<br \/>Introducing our proud collection named \u201cTaurus European Electric Passenger Trains\u201d you should not miss.&nbsp;<br \/>&nbsp;<br \/>The Taurus locomotives are known for their versatility, reliability, and high-performance capabilities. They are designed to operate on various electrified railway systems across Europe, including both high-speed and conventional rail networks. The locomotives feature advanced technology for energy efficiency, traction, and braking systems, ensuring smooth and efficient operation in both passenger and freight applications.<\/div>","protected":false},"excerpt":{"rendered":"<p>M\u00e1rka: REOBRIX<br \/>\nNem: Uniszex<br \/>\nKorhat\u00e1r: 14 \u00e9v felett<br \/>\nModel Number: 66020<br \/>\nBesorol\u00e1s: \u00d6sszeszerel\u00e9s<br \/>\nM\u0171anyag blokk forma: \u00f6nz\u00e1r\u00f3 t\u00e9gla<br \/>\nAnyaga: M\u0171anyag<br \/>\nM\u0171anyag t\u00edpus: ABS<br \/>\nBricks Blocks: 1939 +<br \/>\nEredeti doboza nincs<\/p>","protected":false},"featured_media":55110,"comment_status":"open","ping_status":"closed","template":"","meta":{"_acf_changed":false},"product_cat":[1357,364],"product_tag":[9981,6496,11510,13040,12498,389,11080,6736],"class_list":["product","first","instock","shipping-taxable","purchasable","product-type-simple"],"acf":[],"_links":{"self":[{"href":"https:\/\/mouldking.store\/hu\/wp-json\/wp\/v2\/product\/55111","targetHints":{"allow":["GET"]}}],"collection":[{"href":"https:\/\/mouldking.store\/hu\/wp-json\/wp\/v2\/product"}],"about":[{"href":"https:\/\/mouldking.store\/hu\/wp-json\/wp\/v2\/types\/product"}],"replies":[{"embeddable":true,"href":"https:\/\/mouldking.store\/hu\/wp-json\/wp\/v2\/comments?post=55111"}],"wp:featuredmedia":[{"embeddable":true,"href":"https:\/\/mouldking.store\/hu\/wp-json\/wp\/v2\/media\/55110"}],"wp:attachment":[{"href":"https:\/\/mouldking.store\/hu\/wp-json\/wp\/v2\/media?parent=55111"}],"wp:term":[{"taxonomy":"product_cat","embeddable":true,"href":"https:\/\/mouldking.store\/hu\/wp-json\/wp\/v2\/product_cat?post=55111"},{"taxonomy":"product_tag","embeddable":true,"href":"https:\/\/mouldking.store\/hu\/wp-json\/wp\/v2\/product_tag?post=55111"}],"curies":[{"name":"wp","href":"https:\/\/api.w.org\/{rel}","templated":true}]}}