{"id":55214,"date":"2024-02-19T12:12:53","date_gmt":"2024-02-19T05:12:53","guid":{"rendered":"https:\/\/mouldking.store\/shop\/mork-022027-1-ford-gt-with-2828-pieces\/"},"modified":"2024-02-19T12:12:56","modified_gmt":"2024-02-19T05:12:56","slug":"mork-022027-1-ford-gt-with-2828-pieces","status":"publish","type":"product","link":"https:\/\/mouldking.store\/hu\/shop\/mork-022027-1-ford-gt-with-2828-pieces\/","title":{"rendered":"MORK 022027-1 Ford GT with 2828 Pieces"},"content":{"rendered":"<div>\u2705Mork 022027-1 Ford GT<br \/>&nbsp;<br \/>\u2705The Ford GT is a legendary supercar that&#8217;s celebrated for its performance, design, and racing heritage. Originally produced in the mid-1960s to win Le Mans, Ford revived the GT nameplate in the 21st century with a modern interpretation that pays homage to its predecessor while incorporating cutting-edge technology.<br \/>&nbsp;<br \/>\ud83d\udeab FONTOS!&nbsp;<br \/>&nbsp;<br \/>Product Name: Ford GT<br \/>&nbsp;<br \/>Kateg\u00f3ria: M\u0171szaki<br \/>&nbsp;<br \/>This Kit Contains: Mork 022027-1&nbsp;<br \/>&nbsp;<br \/>2828 pcs Good Quality Bricks&nbsp;<br \/>&nbsp;<br \/>Size: 49 \u00d7 21.5 \u00d7 13 cm<br \/>&nbsp;<br \/>K\u00e9zi utas\u00edt\u00e1sok&nbsp;<br \/>&nbsp;<br \/>\ud83d\udcccA f\u0151szerepl\u0151 term\u00e9szete&nbsp;<br \/>&nbsp;<br \/>Introducing our proud collection named \u201cFord GT\u201d you should not miss.&nbsp;<br \/>&nbsp;<br \/>The Ford GT boasts a stunning, aerodynamically sculpted body that&#8217;s as much about function as it is about form. Its low-slung profile, aggressive front splitter, flying buttresses, and active aerodynamics contribute to its striking appearance and exceptional performance. Powered by a potent twin-turbocharged EcoBoost V6 engine, the Ford GT delivers blistering acceleration and top speed. Its lightweight construction, advanced suspension system, and active aerodynamics enable razor-sharp handling and precise control, making it a formidable competitor on both road and track.<\/div>","protected":false},"excerpt":{"rendered":"<p>Brand: MORK<br \/>\nNem: Uniszex<br \/>\nKoroszt\u00e1ly: &gt; 6 \u00e9v<br \/>\nModel Number: 022027-1<br \/>\nBesorol\u00e1s: \u00d6sszeszerel\u00e9s<br \/>\nM\u0171anyag blokk forma: \u00f6nz\u00e1r\u00f3 t\u00e9gla<br \/>\nAnyaga: M\u0171anyag<br \/>\nM\u0171anyag t\u00edpus: ABS<br \/>\nBricks Blocks: 2828 +<br \/>\nEredeti doboza nincs<\/p>","protected":false},"featured_media":55213,"comment_status":"open","ping_status":"closed","template":"","meta":{"_acf_changed":false},"product_cat":[1360,1357,364,1875],"product_tag":[457,1747,588,389,11080],"class_list":["product","first","instock","shipping-taxable","purchasable","product-type-simple"],"acf":[],"_links":{"self":[{"href":"https:\/\/mouldking.store\/hu\/wp-json\/wp\/v2\/product\/55214","targetHints":{"allow":["GET"]}}],"collection":[{"href":"https:\/\/mouldking.store\/hu\/wp-json\/wp\/v2\/product"}],"about":[{"href":"https:\/\/mouldking.store\/hu\/wp-json\/wp\/v2\/types\/product"}],"replies":[{"embeddable":true,"href":"https:\/\/mouldking.store\/hu\/wp-json\/wp\/v2\/comments?post=55214"}],"wp:featuredmedia":[{"embeddable":true,"href":"https:\/\/mouldking.store\/hu\/wp-json\/wp\/v2\/media\/55213"}],"wp:attachment":[{"href":"https:\/\/mouldking.store\/hu\/wp-json\/wp\/v2\/media?parent=55214"}],"wp:term":[{"taxonomy":"product_cat","embeddable":true,"href":"https:\/\/mouldking.store\/hu\/wp-json\/wp\/v2\/product_cat?post=55214"},{"taxonomy":"product_tag","embeddable":true,"href":"https:\/\/mouldking.store\/hu\/wp-json\/wp\/v2\/product_tag?post=55214"}],"curies":[{"name":"wp","href":"https:\/\/api.w.org\/{rel}","templated":true}]}}