{"id":55218,"date":"2024-02-19T12:13:06","date_gmt":"2024-02-19T05:13:06","guid":{"rendered":"https:\/\/mouldking.store\/shop\/tuomu-t1006-thunderbolt-evo-supercar-with-1165-pieces\/"},"modified":"2024-02-19T12:13:08","modified_gmt":"2024-02-19T05:13:08","slug":"tuomu-t1006-thunderbolt-evo-supercar-with-1165-pieces","status":"publish","type":"product","link":"https:\/\/mouldking.store\/hu\/shop\/tuomu-t1006-thunderbolt-evo-supercar-with-1165-pieces\/","title":{"rendered":"TuoMu T1006 Thunderbolt Evo Supercar with 1165 Pieces"},"content":{"rendered":"<div>\u2705TUOMU T1006 Thunderbolt Evo Supercar<br \/>&nbsp;<br \/>\u2705The Thunderbolt Evo would likely feature an aggressive and futuristic design, with aerodynamic lines and sharp angles to maximize performance and visual impact. Expect features like a low-slung profile, large air intakes, and a prominent rear wing to enhance stability and downforce.<\/p>\n<p>\ud83d\udeab FONTOS!&nbsp;<br \/>&nbsp;<br \/>Product Name: Thunderbolt Evo Supercar<br \/>&nbsp;<br \/>Kateg\u00f3ria: M\u0171szaki<br \/>&nbsp;<br \/>This Kit Contains: TUOMU T1006<br \/>&nbsp;<br \/>1165 pcs Good Quality Bricks&nbsp;<br \/>&nbsp;<br \/>Size: 36 \u00d7 17 \u00d7 9.8 cm<br \/>&nbsp;<br \/>K\u00e9zi utas\u00edt\u00e1sok&nbsp;<br \/>&nbsp;<br \/>\ud83d\udcccA f\u0151szerepl\u0151 term\u00e9szete&nbsp;<br \/>&nbsp;<br \/>Introducing our proud collection named \u201c Thunderbolt Evo Supercar\u201d you should not miss.&nbsp;<br \/>&nbsp;<br \/>In terms of performance, the Thunderbolt Evo would aim to rival or surpass other supercars on the market. It might be powered by a high-output, turbocharged or hybrid powertrain, delivering lightning-fast acceleration and impressive top speeds. Advanced chassis technology, including active suspension and torque vectoring systems, would ensure exceptional handling and agility.<\/div>","protected":false},"excerpt":{"rendered":"<p>Brand: TuoMu<br \/>\nNem: Uniszex<br \/>\nKoroszt\u00e1ly: &gt; 6 \u00e9v<br \/>\nModel Number: T1006<br \/>\nBesorol\u00e1s: \u00d6sszeszerel\u00e9s<br \/>\nM\u0171anyag blokk forma: \u00f6nz\u00e1r\u00f3 t\u00e9gla<br \/>\nAnyaga: M\u0171anyag<br \/>\nM\u0171anyag t\u00edpus: ABS<br \/>\nBricks Blocks: 1165 +<br \/>\nEredeti doboza nincs<\/p>","protected":false},"featured_media":55217,"comment_status":"open","ping_status":"closed","template":"","meta":{"_acf_changed":false},"product_cat":[1357,364],"product_tag":[11862,588,389,11080,13042],"class_list":["product","first","instock","shipping-taxable","purchasable","product-type-simple"],"acf":[],"_links":{"self":[{"href":"https:\/\/mouldking.store\/hu\/wp-json\/wp\/v2\/product\/55218","targetHints":{"allow":["GET"]}}],"collection":[{"href":"https:\/\/mouldking.store\/hu\/wp-json\/wp\/v2\/product"}],"about":[{"href":"https:\/\/mouldking.store\/hu\/wp-json\/wp\/v2\/types\/product"}],"replies":[{"embeddable":true,"href":"https:\/\/mouldking.store\/hu\/wp-json\/wp\/v2\/comments?post=55218"}],"wp:featuredmedia":[{"embeddable":true,"href":"https:\/\/mouldking.store\/hu\/wp-json\/wp\/v2\/media\/55217"}],"wp:attachment":[{"href":"https:\/\/mouldking.store\/hu\/wp-json\/wp\/v2\/media?parent=55218"}],"wp:term":[{"taxonomy":"product_cat","embeddable":true,"href":"https:\/\/mouldking.store\/hu\/wp-json\/wp\/v2\/product_cat?post=55218"},{"taxonomy":"product_tag","embeddable":true,"href":"https:\/\/mouldking.store\/hu\/wp-json\/wp\/v2\/product_tag?post=55218"}],"curies":[{"name":"wp","href":"https:\/\/api.w.org\/{rel}","templated":true}]}}