{"id":55257,"date":"2024-02-20T19:03:52","date_gmt":"2024-02-20T12:03:52","guid":{"rendered":"https:\/\/mouldking.store\/shop\/wgc-66033-ninja-turtle-shell-with-1266-pieces\/"},"modified":"2024-02-20T19:04:00","modified_gmt":"2024-02-20T12:04:00","slug":"wgc-66033-ninja-turtle-shell-with-1266-pieces","status":"publish","type":"product","link":"https:\/\/mouldking.store\/hu\/shop\/wgc-66033-ninja-turtle-shell-with-1266-pieces\/","title":{"rendered":"WGC 66033 Ninja Turtle Shell with 1266 Pieces"},"content":{"rendered":"<div>\u2705WGC 66033 Ninja Turtle Shell<br \/>&nbsp;<br \/>\u2705The Ninja Turtle shell is an iconic part of the Teenage Mutant Ninja Turtles franchise, which originated as a comic book series in the 1980s and has since expanded into various forms of media, including cartoons, movies, toys, and video games.<br \/>&nbsp;<br \/>\ud83d\udeab FONTOS!&nbsp;<br \/>&nbsp;<br \/>Product Name: Ninja Turtle Shell<br \/>&nbsp;<br \/>Kateg\u00f3ria: Film<br \/>&nbsp;<br \/>This Kit Contains: WGC 66033&nbsp;<br \/>&nbsp;<br \/>1266 pcs Good Quality Bricks&nbsp;<br \/>&nbsp;<br \/>Size: 25 \u00d7 17.5 \u00d7 27.5 cm<br \/>&nbsp;<br \/>K\u00e9zi utas\u00edt\u00e1sok&nbsp;<br \/>&nbsp;<br \/>\ud83d\udcccA f\u0151szerepl\u0151 term\u00e9szete&nbsp;<br \/>&nbsp;<br \/>Introducing our proud collection named \u201cNinja Turtle Shell\u201d you should not miss.&nbsp;<br \/>&nbsp;<br \/>Each of the four Teenage Mutant Ninja Turtles\u2014Leonardo, Michelangelo, Donatello, and Raphael\u2014is known for wearing a different-colored bandana and wielding distinct weapons. Additionally, each turtle is characterized by their unique personality traits and fighting styles. The shell is a defining feature of the turtles&#8217; appearance, serving as both armor and protection in battle. It is typically depicted as a large, rounded carapace that covers the back of the turtle&#8217;s body. The shell is often shown as being resilient and durable, capable of withstanding attacks from enemies and providing a degree of defense against harm.<\/div>","protected":false},"excerpt":{"rendered":"<p>Brand: WGC<br \/>\nNem: Uniszex<br \/>\nKoroszt\u00e1ly: 8 \u00e9v felett<br \/>\nModel Number: 66033<br \/>\nBesorol\u00e1s: \u00d6sszeszerel\u00e9s<br \/>\nM\u0171anyag blokk forma: \u00f6nz\u00e1r\u00f3 t\u00e9gla<br \/>\nAnyaga: M\u0171anyag<br \/>\nM\u0171anyag t\u00edpus: ABS<br \/>\nBricks Blocks: 1266 +<br \/>\nEredeti doboza nincs<\/p>","protected":false},"featured_media":55256,"comment_status":"open","ping_status":"closed","template":"","meta":{"_acf_changed":false},"product_cat":[1365,371,581,1408],"product_tag":[11072,8452,434,8335,13050,13048,13049,13047,6812],"class_list":["product","first","instock","shipping-taxable","purchasable","product-type-simple"],"acf":[],"_links":{"self":[{"href":"https:\/\/mouldking.store\/hu\/wp-json\/wp\/v2\/product\/55257","targetHints":{"allow":["GET"]}}],"collection":[{"href":"https:\/\/mouldking.store\/hu\/wp-json\/wp\/v2\/product"}],"about":[{"href":"https:\/\/mouldking.store\/hu\/wp-json\/wp\/v2\/types\/product"}],"replies":[{"embeddable":true,"href":"https:\/\/mouldking.store\/hu\/wp-json\/wp\/v2\/comments?post=55257"}],"wp:featuredmedia":[{"embeddable":true,"href":"https:\/\/mouldking.store\/hu\/wp-json\/wp\/v2\/media\/55256"}],"wp:attachment":[{"href":"https:\/\/mouldking.store\/hu\/wp-json\/wp\/v2\/media?parent=55257"}],"wp:term":[{"taxonomy":"product_cat","embeddable":true,"href":"https:\/\/mouldking.store\/hu\/wp-json\/wp\/v2\/product_cat?post=55257"},{"taxonomy":"product_tag","embeddable":true,"href":"https:\/\/mouldking.store\/hu\/wp-json\/wp\/v2\/product_tag?post=55257"}],"curies":[{"name":"wp","href":"https:\/\/api.w.org\/{rel}","templated":true}]}}