{"id":55271,"date":"2024-02-20T19:04:29","date_gmt":"2024-02-20T12:04:29","guid":{"rendered":"https:\/\/mouldking.store\/shop\/taigaole-t5041-ferrari-suv-with-motor-with-3456-pieces\/"},"modified":"2024-02-20T19:04:37","modified_gmt":"2024-02-20T12:04:37","slug":"taigaole-t5041-ferrari-suv-with-motor-with-3456-pieces","status":"publish","type":"product","link":"https:\/\/mouldking.store\/hu\/shop\/taigaole-t5041-ferrari-suv-with-motor-with-3456-pieces\/","title":{"rendered":"TaiGaoLe T5041 Ferrari-SUV motorral, 3456 darabos"},"content":{"rendered":"<div>\u2705TAIGAOLE T5041 Ferrari-Suv With Motor<br \/>&nbsp;<br \/>\u2705Introducing the Ferrari FUV (Ferrari Utility Vehicle), a groundbreaking new addition to the prestigious Ferrari lineup that combines the exhilarating performance of a sports car with the versatility and comfort of an SUV. Designed to push the boundaries of automotive engineering, the Ferrari FUV represents a bold new chapter in Ferrari&#8217;s storied history.<br \/>&nbsp;<br \/>\ud83d\udeab FONTOS!&nbsp;<br \/>&nbsp;<br \/>Product Name: Ferrari-Suv With Motor<br \/>&nbsp;<br \/>Kateg\u00f3ria: M\u0171szaki<br \/>&nbsp;<br \/>This Kit Contains: TAIGAOLE T5041<br \/>&nbsp;<br \/>3456 pcs Good Quality Bricks&nbsp;<br \/>&nbsp;<br \/>Size: 52 \u00d7 17.6 \u00d7 24 cm<br \/>&nbsp;<br \/>K\u00e9zi utas\u00edt\u00e1sok&nbsp;<br \/>&nbsp;<br \/>\ud83d\udcccA f\u0151szerepl\u0151 term\u00e9szete&nbsp;<br \/>&nbsp;<br \/>Introducing our proud collection named \u201cFerrari-Suv With Motor\u201d you should not miss.&nbsp;<br \/>&nbsp;<br \/>At first glance, the Ferrari FUV retains the iconic styling and unmistakable design language that have made Ferrari cars legendary around the world. From its sculpted curves and aggressive stance to its signature grille and iconic prancing horse badge, every detail of the FUV exudes the essence of Ferrari&#8217;s racing heritage. But don&#8217;t let its sleek exterior fool you\u2014the Ferrari FUV is a powerhouse of performance and innovation. Beneath the hood lies a potent hybrid powertrain, combining a high-revving V8 engine with electric motors to deliver blistering acceleration and electrifying performance. With instant torque delivery and lightning-fast responsiveness, the FUV is capable of outpacing most sports cars on the road.<\/div>","protected":false},"excerpt":{"rendered":"<p>Brand: TaiGaoLe<br \/>\nNem: Uniszex<br \/>\nKoroszt\u00e1ly: 8 \u00e9v felett<br \/>\nModel Number: T5041<br \/>\nBesorol\u00e1s: \u00d6sszeszerel\u00e9s<br \/>\nM\u0171anyag blokk forma: \u00f6nz\u00e1r\u00f3 t\u00e9gla<br \/>\nAnyaga: M\u0171anyag<br \/>\nM\u0171anyag t\u00edpus: ABS<br \/>\nBricks Blocks: 3456 +<br \/>\nEredeti doboza nincs<\/p>","protected":false},"featured_media":55270,"comment_status":"open","ping_status":"closed","template":"","meta":{"_acf_changed":false},"product_cat":[1360,1357,364,1875],"product_tag":[457,1585,13052,389,11080],"class_list":["product","first","instock","shipping-taxable","purchasable","product-type-simple"],"acf":[],"_links":{"self":[{"href":"https:\/\/mouldking.store\/hu\/wp-json\/wp\/v2\/product\/55271","targetHints":{"allow":["GET"]}}],"collection":[{"href":"https:\/\/mouldking.store\/hu\/wp-json\/wp\/v2\/product"}],"about":[{"href":"https:\/\/mouldking.store\/hu\/wp-json\/wp\/v2\/types\/product"}],"replies":[{"embeddable":true,"href":"https:\/\/mouldking.store\/hu\/wp-json\/wp\/v2\/comments?post=55271"}],"wp:featuredmedia":[{"embeddable":true,"href":"https:\/\/mouldking.store\/hu\/wp-json\/wp\/v2\/media\/55270"}],"wp:attachment":[{"href":"https:\/\/mouldking.store\/hu\/wp-json\/wp\/v2\/media?parent=55271"}],"wp:term":[{"taxonomy":"product_cat","embeddable":true,"href":"https:\/\/mouldking.store\/hu\/wp-json\/wp\/v2\/product_cat?post=55271"},{"taxonomy":"product_tag","embeddable":true,"href":"https:\/\/mouldking.store\/hu\/wp-json\/wp\/v2\/product_tag?post=55271"}],"curies":[{"name":"wp","href":"https:\/\/api.w.org\/{rel}","templated":true}]}}