{"id":55290,"date":"2024-02-20T19:05:19","date_gmt":"2024-02-20T12:05:19","guid":{"rendered":"https:\/\/mouldking.store\/shop\/zhegao-982003-pirate-ship-skeleton-adventure-with-968-pieces\/"},"modified":"2024-02-20T19:05:22","modified_gmt":"2024-02-20T12:05:22","slug":"zhegao-982003-pirate-ship-skeleton-adventure-with-968-pieces","status":"publish","type":"product","link":"https:\/\/mouldking.store\/hu\/shop\/zhegao-982003-pirate-ship-skeleton-adventure-with-968-pieces\/","title":{"rendered":"ZHEGAO 982003 Pirate Ship Skeleton Adventure with 968 Pieces"},"content":{"rendered":"<div>\u2705ZHEGAO 982003 Pirate Ship Skeleton Adventure<br \/>&nbsp;<br \/>\u2705Welcome aboard the Pirate Ship Skeleton Adventure! Picture this: a decrepit ship, its timbers creaking in the moonlight as it sails through the misty seas. On deck, a crew of skeleton pirates, their bones clacking with every step, ready for adventure and plunder.<br \/>&nbsp;<br \/>\ud83d\udeab FONTOS!&nbsp;<br \/>&nbsp;<br \/>Product Name: Pirate Ship Skeleton Adventure<br \/>&nbsp;<br \/>Kateg\u00f3ria: M\u0171szaki<br \/>&nbsp;<br \/>This Kit Contains: ZHEGAO 982003<br \/>&nbsp;<br \/>968 pcs Good Quality Bricks&nbsp;<br \/>&nbsp;<br \/>K\u00e9zi utas\u00edt\u00e1sok&nbsp;<br \/>&nbsp;<br \/>\ud83d\udcccA f\u0151szerepl\u0151 term\u00e9szete&nbsp;<br \/>&nbsp;<br \/>Introducing our proud collection named \u201cPirate Ship Skeleton Adventure\u201d you should not miss.&nbsp;<br \/>&nbsp;<br \/>As you step aboard, you&#8217;re greeted by Captain Bones, the fearsome leader of this spectral crew. He offers you a place among his ranks, promising riches beyond your wildest dreams if you dare to join their quest. Together, you set sail across treacherous waters, navigating through haunted islands and ghostly storms. Along the way, you encounter challenges and puzzles, each more fiendish than the last. From deciphering ancient maps to battling sea monsters, every moment is filled with excitement and danger.<\/div>","protected":false},"excerpt":{"rendered":"<p>M\u00e1rka: ZHEGAO<br \/>\nNem: Uniszex<br \/>\nKoroszt\u00e1ly: &gt; 6 \u00e9v<br \/>\nModel Number: 982003<br \/>\nBesorol\u00e1s: \u00d6sszeszerel\u00e9s<br \/>\nM\u0171anyag blokk forma: \u00f6nz\u00e1r\u00f3 t\u00e9gla<br \/>\nAnyaga: M\u0171anyag<br \/>\nM\u0171anyag t\u00edpus: ABS<br \/>\nBricks Blocks: 968 +<br \/>\nEredeti doboza nincs<\/p>","protected":false},"featured_media":55289,"comment_status":"open","ping_status":"closed","template":"","meta":{"_acf_changed":false},"product_cat":[1357,364,1875],"product_tag":[6470,11216,8704,2429,9924,389,11080],"class_list":["product","first","instock","shipping-taxable","purchasable","product-type-simple"],"acf":[],"_links":{"self":[{"href":"https:\/\/mouldking.store\/hu\/wp-json\/wp\/v2\/product\/55290","targetHints":{"allow":["GET"]}}],"collection":[{"href":"https:\/\/mouldking.store\/hu\/wp-json\/wp\/v2\/product"}],"about":[{"href":"https:\/\/mouldking.store\/hu\/wp-json\/wp\/v2\/types\/product"}],"replies":[{"embeddable":true,"href":"https:\/\/mouldking.store\/hu\/wp-json\/wp\/v2\/comments?post=55290"}],"wp:featuredmedia":[{"embeddable":true,"href":"https:\/\/mouldking.store\/hu\/wp-json\/wp\/v2\/media\/55289"}],"wp:attachment":[{"href":"https:\/\/mouldking.store\/hu\/wp-json\/wp\/v2\/media?parent=55290"}],"wp:term":[{"taxonomy":"product_cat","embeddable":true,"href":"https:\/\/mouldking.store\/hu\/wp-json\/wp\/v2\/product_cat?post=55290"},{"taxonomy":"product_tag","embeddable":true,"href":"https:\/\/mouldking.store\/hu\/wp-json\/wp\/v2\/product_tag?post=55290"}],"curies":[{"name":"wp","href":"https:\/\/api.w.org\/{rel}","templated":true}]}}