{"id":55294,"date":"2024-02-20T19:05:33","date_gmt":"2024-02-20T12:05:33","guid":{"rendered":"https:\/\/mouldking.store\/shop\/zhegao-982004-pirate-ship-eternity-with-1330-pieces\/"},"modified":"2024-02-20T19:05:36","modified_gmt":"2024-02-20T12:05:36","slug":"zhegao-982004-pirate-ship-eternity-with-1330-pieces","status":"publish","type":"product","link":"https:\/\/mouldking.store\/hu\/shop\/zhegao-982004-pirate-ship-eternity-with-1330-pieces\/","title":{"rendered":"ZHEGAO 982004 Pirate Ship Eternity with 1330 Pieces"},"content":{"rendered":"<div>\u2705 ZHEGAO 982004 Pirate Ship Eternity<br \/>&nbsp;<br \/>\u2705Pirate Ship Eternity! A vessel shrouded in mystery and legend, sailing the endless seas of time itself. This is no ordinary ship; it&#8217;s said to be crewed by souls bound to roam the ocean for eternity, seeking redemption for their past deeds.<br \/>&nbsp;<br \/>\ud83d\udeab FONTOS!&nbsp;<br \/>&nbsp;<br \/>Product Name: Pirate Ship Eternity<br \/>&nbsp;<br \/>Kateg\u00f3ria: M\u0171szaki<br \/>&nbsp;<br \/>This Kit Contains: ZHEGAO 982004<br \/>&nbsp;<br \/>1330 pcs Good Quality Bricks&nbsp;<br \/>&nbsp;<br \/>K\u00e9zi utas\u00edt\u00e1sok&nbsp;<br \/>&nbsp;<br \/>\ud83d\udcccA f\u0151szerepl\u0151 term\u00e9szete&nbsp;<br \/>&nbsp;<br \/>Introducing our proud collection named \u201cPirate Ship Eternity\u201d you should not miss.&nbsp;<br \/>&nbsp;<br \/>As you step aboard, you&#8217;re enveloped by an eerie mist that seems to whisper tales of the ship&#8217;s cursed history. The deck beneath your feet feels alive with the echoes of countless footsteps that have tread there before.&nbsp; Guided by the enigmatic Captain Eternal, a figure cloaked in shadows and secrets, you embark on a journey unlike any other. Together with the spectral crew, you traverse through time and space, visiting distant lands and ancient civilizations long lost to history.<\/div>","protected":false},"excerpt":{"rendered":"<p>M\u00e1rka: ZHEGAO<br \/>\nNem: Uniszex<br \/>\nKoroszt\u00e1ly: &gt; 6 \u00e9v<br \/>\nModel Number: 982004<br \/>\nBesorol\u00e1s: \u00d6sszeszerel\u00e9s<br \/>\nM\u0171anyag blokk forma: \u00f6nz\u00e1r\u00f3 t\u00e9gla<br \/>\nAnyaga: M\u0171anyag<br \/>\nM\u0171anyag t\u00edpus: ABS<br \/>\nBricks Blocks: 1330 +<br \/>\nEredeti doboza nincs<\/p>","protected":false},"featured_media":55293,"comment_status":"open","ping_status":"closed","template":"","meta":{"_acf_changed":false},"product_cat":[1357,364,1875],"product_tag":[13054,11216,8704,2429,389,11080],"class_list":["product","first","instock","shipping-taxable","purchasable","product-type-simple"],"acf":[],"_links":{"self":[{"href":"https:\/\/mouldking.store\/hu\/wp-json\/wp\/v2\/product\/55294","targetHints":{"allow":["GET"]}}],"collection":[{"href":"https:\/\/mouldking.store\/hu\/wp-json\/wp\/v2\/product"}],"about":[{"href":"https:\/\/mouldking.store\/hu\/wp-json\/wp\/v2\/types\/product"}],"replies":[{"embeddable":true,"href":"https:\/\/mouldking.store\/hu\/wp-json\/wp\/v2\/comments?post=55294"}],"wp:featuredmedia":[{"embeddable":true,"href":"https:\/\/mouldking.store\/hu\/wp-json\/wp\/v2\/media\/55293"}],"wp:attachment":[{"href":"https:\/\/mouldking.store\/hu\/wp-json\/wp\/v2\/media?parent=55294"}],"wp:term":[{"taxonomy":"product_cat","embeddable":true,"href":"https:\/\/mouldking.store\/hu\/wp-json\/wp\/v2\/product_cat?post=55294"},{"taxonomy":"product_tag","embeddable":true,"href":"https:\/\/mouldking.store\/hu\/wp-json\/wp\/v2\/product_tag?post=55294"}],"curies":[{"name":"wp","href":"https:\/\/api.w.org\/{rel}","templated":true}]}}