{"id":55302,"date":"2024-02-20T19:05:57","date_gmt":"2024-02-20T12:05:57","guid":{"rendered":"https:\/\/mouldking.store\/shop\/zhegao-982006-pirate-ship-mobidi-with-1427-pieces\/"},"modified":"2024-02-20T19:06:00","modified_gmt":"2024-02-20T12:06:00","slug":"zhegao-982006-pirate-ship-mobidi-with-1427-pieces","status":"publish","type":"product","link":"https:\/\/mouldking.store\/hu\/shop\/zhegao-982006-pirate-ship-mobidi-with-1427-pieces\/","title":{"rendered":"ZHEGAO 982006 Pirate Ship Mobidi with 1427 Pieces"},"content":{"rendered":"<div>\u2705 ZHEGAO 982006 Pirate Ship Mobidi<br \/>&nbsp;<br \/>\u2705Welcome aboard the Pirate Ship Mobidi, a vessel unlike any other on the seven seas. The Mobidi is not your typical pirate ship\u2014it&#8217;s a marvel of engineering and magic, crafted by the most skilled shipwrights and sorcerers of the ancient world.<br \/>&nbsp;<br \/>\ud83d\udeab FONTOS!&nbsp;<br \/>&nbsp;<br \/>Product Name: Pirate Ship Mobidi<br \/>&nbsp;<br \/>Kateg\u00f3ria: M\u0171szaki<br \/>&nbsp;<br \/>This Kit Contains:&nbsp; ZHEGAO 982006<br \/>&nbsp;<br \/>1427 pcs Good Quality Bricks&nbsp;<br \/>&nbsp;<br \/>K\u00e9zi utas\u00edt\u00e1sok&nbsp;<br \/>&nbsp;<br \/>\ud83d\udcccA f\u0151szerepl\u0151 term\u00e9szete&nbsp;<br \/>&nbsp;<br \/>Introducing our proud collection named \u201cPirate Ship Mobidi\u201d you should not miss.&nbsp;<br \/>&nbsp;<br \/>As you step onto the deck of the Mobidi, you&#8217;re greeted by Captain Marisol, a fierce and cunning pirate with a heart of gold. Alongside her is a crew of misfits and adventurers, each with their own unique talents and quirks. But what truly sets the Mobidi apart is its enchanted sails, which harness the power of the winds themselves to propel the ship at incredible speeds. With the wind at your back, there&#8217;s no limit to where the Mobidi can take you.<\/div>","protected":false},"excerpt":{"rendered":"<p>M\u00e1rka: ZHEGAO<br \/>\nNem: Uniszex<br \/>\nKoroszt\u00e1ly: &gt; 6 \u00e9v<br \/>\nModel Number: 982006<br \/>\nBesorol\u00e1s: \u00d6sszeszerel\u00e9s<br \/>\nM\u0171anyag blokk forma: \u00f6nz\u00e1r\u00f3 t\u00e9gla<br \/>\nAnyaga: M\u0171anyag<br \/>\nM\u0171anyag t\u00edpus: ABS<br \/>\nBricks Blocks: 1427 +<br \/>\nEredeti doboza nincs<\/p>","protected":false},"featured_media":55301,"comment_status":"open","ping_status":"closed","template":"","meta":{"_acf_changed":false},"product_cat":[1357,364,1875],"product_tag":[11216,13055,8704,2429,389,11080],"class_list":["product","first","instock","shipping-taxable","purchasable","product-type-simple"],"acf":[],"_links":{"self":[{"href":"https:\/\/mouldking.store\/hu\/wp-json\/wp\/v2\/product\/55302","targetHints":{"allow":["GET"]}}],"collection":[{"href":"https:\/\/mouldking.store\/hu\/wp-json\/wp\/v2\/product"}],"about":[{"href":"https:\/\/mouldking.store\/hu\/wp-json\/wp\/v2\/types\/product"}],"replies":[{"embeddable":true,"href":"https:\/\/mouldking.store\/hu\/wp-json\/wp\/v2\/comments?post=55302"}],"wp:featuredmedia":[{"embeddable":true,"href":"https:\/\/mouldking.store\/hu\/wp-json\/wp\/v2\/media\/55301"}],"wp:attachment":[{"href":"https:\/\/mouldking.store\/hu\/wp-json\/wp\/v2\/media?parent=55302"}],"wp:term":[{"taxonomy":"product_cat","embeddable":true,"href":"https:\/\/mouldking.store\/hu\/wp-json\/wp\/v2\/product_cat?post=55302"},{"taxonomy":"product_tag","embeddable":true,"href":"https:\/\/mouldking.store\/hu\/wp-json\/wp\/v2\/product_tag?post=55302"}],"curies":[{"name":"wp","href":"https:\/\/api.w.org\/{rel}","templated":true}]}}