{"id":55692,"date":"2024-03-05T13:05:25","date_gmt":"2024-03-05T06:05:25","guid":{"rendered":"https:\/\/mouldking.store\/shop\/moc-factory-89173-stranger-things-demogorchid-with-407-pieces\/"},"modified":"2025-12-16T20:59:14","modified_gmt":"2025-12-16T13:59:14","slug":"moc-factory-89173-stranger-things-demogorchid-with-407-pieces","status":"publish","type":"product","link":"https:\/\/mouldking.store\/hu\/shop\/moc-factory-89173-stranger-things-demogorchid-with-407-pieces\/","title":{"rendered":"MOC Factory 89173 Stranger Things Demogorchid 407 darabos"},"content":{"rendered":"<div>\u2705 MOC-89173 Stranger Things Demogorchid<\/p>\n<p>\u2705The &#8220;Stranger Things Demogorchid&#8221; is a monstrous aberration that combines the predatory instincts of the Demogorgon with the eerie botanical features of the Mind Flayer&#8217;s influence. It appears as a grotesque fusion of flesh and flora, with tentacle-like vines and petal-like appendages sprouting from its twisted form.<\/p>\n<p>\ud83d\udeab FONTOS!<\/p>\n<p>Product Name: Stranger Things Demogorchid<\/p>\n<p>Kateg\u00f3ria: Film<\/p>\n<p>This Kit Contains: F-C9119<\/p>\n<p>407 db J\u00f3 min\u0151s\u00e9g\u0171 t\u00e9gla<\/p>\n<p>S\u00faly: 0,3 kg<\/p>\n<p>PDF \u00datmutat\u00f3<\/p>\n<p>\ud83d\udcccA f\u0151szerepl\u0151 term\u00e9szete<\/p>\n<p>Introducing our proud collection named \u201cStranger Things Demogorchid\u201d you should not miss.<\/p>\n<p>This abomination stalks the darkened corridors of the Upside Down, blending seamlessly with the eerie vegetation that thrives in that hostile realm. It preys upon any unfortunate creatures that wander too close, using its razor-sharp tendrils to ensnare and consume its victims. The Demogorchid serves as a manifestation of the interconnectedness between the predatory nature of the Demogorgon and the insidious influence of the Mind Flayer&#8217;s control over the Upside Down. It represents a new level of terror, combining the physical prowess of the Demogorgon with the strategic cunning of the Mind Flayer&#8217;s sinister intelligence.<\/p><\/div>","protected":false},"excerpt":{"rendered":"<p>M\u00e1rka: MOC Factory<br \/>\nNem: Uniszex<br \/>\nKoroszt\u00e1ly: &gt; 6 \u00e9v<br \/>\nModel Number: 89173<br \/>\nBesorol\u00e1s: \u00d6sszeszerel\u00e9s<br \/>\nM\u0171anyag blokk forma: \u00f6nz\u00e1r\u00f3 t\u00e9gla<br \/>\nAnyaga: M\u0171anyag<br \/>\nM\u0171anyag t\u00edpus: ABS<br \/>\nT\u00e9gla T\u00e9gla: 407 +<\/p>","protected":false},"featured_media":55691,"comment_status":"open","ping_status":"closed","template":"","meta":{"_acf_changed":false},"product_cat":[1365,371,581,1408],"product_tag":[11072,8452,6780,434,5944],"class_list":["product","first","outofstock","shipping-taxable","purchasable","product-type-simple"],"acf":[],"_links":{"self":[{"href":"https:\/\/mouldking.store\/hu\/wp-json\/wp\/v2\/product\/55692","targetHints":{"allow":["GET"]}}],"collection":[{"href":"https:\/\/mouldking.store\/hu\/wp-json\/wp\/v2\/product"}],"about":[{"href":"https:\/\/mouldking.store\/hu\/wp-json\/wp\/v2\/types\/product"}],"replies":[{"embeddable":true,"href":"https:\/\/mouldking.store\/hu\/wp-json\/wp\/v2\/comments?post=55692"}],"wp:featuredmedia":[{"embeddable":true,"href":"https:\/\/mouldking.store\/hu\/wp-json\/wp\/v2\/media\/55691"}],"wp:attachment":[{"href":"https:\/\/mouldking.store\/hu\/wp-json\/wp\/v2\/media?parent=55692"}],"wp:term":[{"taxonomy":"product_cat","embeddable":true,"href":"https:\/\/mouldking.store\/hu\/wp-json\/wp\/v2\/product_cat?post=55692"},{"taxonomy":"product_tag","embeddable":true,"href":"https:\/\/mouldking.store\/hu\/wp-json\/wp\/v2\/product_tag?post=55692"}],"curies":[{"name":"wp","href":"https:\/\/api.w.org\/{rel}","templated":true}]}}