{"id":55696,"date":"2024-03-05T13:05:31","date_gmt":"2024-03-05T06:05:31","guid":{"rendered":"https:\/\/mouldking.store\/shop\/moc-factory-89170-titan-with-528-pieces\/"},"modified":"2025-12-16T20:59:14","modified_gmt":"2025-12-16T13:59:14","slug":"moc-factory-89170-titan-with-528-pieces","status":"publish","type":"product","link":"https:\/\/mouldking.store\/hu\/shop\/moc-factory-89170-titan-with-528-pieces\/","title":{"rendered":"MOC Factory 89170 Titan with 528 Pieces"},"content":{"rendered":"<div>\u2705 MOC-89170 Titan<\/p>\n<p>\u2705 In video games, &#8220;Titan&#8221; may refer to various things, such as the Titanfall series, where Titans are giant mechs used in combat, or in the context of massively multiplayer online games (MMOs) like World of Warcraft, where Titans are ancient god-like beings who shaped the universe.<\/p>\n<p>\ud83d\udeab FONTOS!<\/p>\n<p>Product Name: Titan<\/p>\n<p>Kateg\u00f3ria: Film<\/p>\n<p>This Kit Contains: F-C9403<\/p>\n<p>528 pcs Good Quality Bricks<\/p>\n<p>Weight: 0.44 kg<\/p>\n<p>PDF \u00datmutat\u00f3<\/p>\n<p>\ud83d\udcccA f\u0151szerepl\u0151 term\u00e9szete<\/p>\n<p>Introducing our proud collection named \u201cTitan\u201d you should not miss.<\/p>\n<p>&#8220;Titanfall&#8221;: This is a first-person shooter video game franchise where players control pilots who can command powerful mech suits called Titans in fast-paced multiplayer battles.<\/p><\/div>","protected":false},"excerpt":{"rendered":"<p>M\u00e1rka: MOC Factory<br \/>\nNem: Uniszex<br \/>\nKoroszt\u00e1ly: &gt; 6 \u00e9v<br \/>\nModel Number: 89170<br \/>\nBesorol\u00e1s: \u00d6sszeszerel\u00e9s<br \/>\nM\u0171anyag blokk forma: \u00f6nz\u00e1r\u00f3 t\u00e9gla<br \/>\nAnyaga: M\u0171anyag<br \/>\nM\u0171anyag t\u00edpus: ABS<br \/>\nBricks Blocks: 528 +<\/p>","protected":false},"featured_media":55695,"comment_status":"open","ping_status":"closed","template":"","meta":{"_acf_changed":false},"product_cat":[1365,371,581,1408],"product_tag":[11072,8452,434,590,8220],"class_list":["product","first","instock","shipping-taxable","purchasable","product-type-simple"],"acf":[],"_links":{"self":[{"href":"https:\/\/mouldking.store\/hu\/wp-json\/wp\/v2\/product\/55696","targetHints":{"allow":["GET"]}}],"collection":[{"href":"https:\/\/mouldking.store\/hu\/wp-json\/wp\/v2\/product"}],"about":[{"href":"https:\/\/mouldking.store\/hu\/wp-json\/wp\/v2\/types\/product"}],"replies":[{"embeddable":true,"href":"https:\/\/mouldking.store\/hu\/wp-json\/wp\/v2\/comments?post=55696"}],"wp:featuredmedia":[{"embeddable":true,"href":"https:\/\/mouldking.store\/hu\/wp-json\/wp\/v2\/media\/55695"}],"wp:attachment":[{"href":"https:\/\/mouldking.store\/hu\/wp-json\/wp\/v2\/media?parent=55696"}],"wp:term":[{"taxonomy":"product_cat","embeddable":true,"href":"https:\/\/mouldking.store\/hu\/wp-json\/wp\/v2\/product_cat?post=55696"},{"taxonomy":"product_tag","embeddable":true,"href":"https:\/\/mouldking.store\/hu\/wp-json\/wp\/v2\/product_tag?post=55696"}],"curies":[{"name":"wp","href":"https:\/\/api.w.org\/{rel}","templated":true}]}}