{"id":55729,"date":"2024-03-05T13:06:37","date_gmt":"2024-03-05T06:06:37","guid":{"rendered":"https:\/\/mouldking.store\/shop\/moc-factory-89166-insect-house-with-472-pieces\/"},"modified":"2025-12-16T20:59:14","modified_gmt":"2025-12-16T13:59:14","slug":"moc-factory-89166-insect-house-with-472-pieces","status":"publish","type":"product","link":"https:\/\/mouldking.store\/hu\/shop\/moc-factory-89166-insect-house-with-472-pieces\/","title":{"rendered":"MOC Factory 89166 Rovarh\u00e1z 472 darabbal"},"content":{"rendered":"<div>\u2705 MOC-89166 Rovarh\u00e1z<\/p>\n<p>\u2705A rovarh\u00e1z, m\u00e1s n\u00e9ven rovarhotel vagy poloskahotel, egy mesters\u00e9ges \u00e9p\u00edtm\u00e9ny, amelynek c\u00e9lja, hogy mened\u00e9ket \u00e9s f\u00e9szkel\u0151helyet biztos\u00edtson k\u00fcl\u00f6nf\u00e9le hasznos rovarok sz\u00e1m\u00e1ra.&nbsp;<\/p>\n<p>\ud83d\udeab FONTOS!<\/p>\n<p>Term\u00e9k neve: Rovarh\u00e1z<\/p>\n<p>Kateg\u00f3ria: Alkot\u00f3<\/p>\n<p>A k\u00e9szlet tartalma: F-C9646<\/p>\n<p>472 db j\u00f3 min\u0151s\u00e9g\u0171 t\u00e9gla<\/p>\n<p>S\u00faly: 0,73 kg<\/p>\n<p>PDF \u00datmutat\u00f3<\/p>\n<p>\ud83d\udcccA f\u0151szerepl\u0151 term\u00e9szete<\/p>\n<p>Bemutatjuk b\u00fcszke kollekci\u00f3nkat, az \u201eInsect House\u201d-t, amelyet nem szabad kihagynia.<\/p>\n<p>A rovarh\u00e1zak sokf\u00e9le form\u00e1ban, m\u00e9retben \u00e9s kivitelben kaphat\u00f3k, az egyszer\u0171 fal\u00e1d\u00e1kt\u00f3l a bonyolult, t\u00f6bbszintes szerkezetekig. Term\u00e9szetes anyagokat, p\u00e9ld\u00e1ul f\u00e1t, bambuszt, szalm\u00e1t, feny\u0151tobozokat \u00e9s agyagot is tartalmazhatnak, \u00edgy v\u00e1ltozatos \u00e9l\u0151helyeket biztos\u00edtva a k\u00fcl\u00f6nb\u00f6z\u0151 rovarfajok vonz\u00e1s\u00e1ra. A rovarh\u00e1z c\u00e9lja, hogy olyan \u00e9l\u0151helyet hozzon l\u00e9tre, amely ut\u00e1nozza azt a term\u00e9szetes k\u00f6rnyezetet, ahol a rovarok jellemz\u0151en mened\u00e9ket keresnek. A rovarh\u00e1zon bel\u00fcli k\u00fcl\u00f6nb\u00f6z\u0151 rekeszek a k\u00fcl\u00f6nf\u00e9le rovarok, k\u00f6zt\u00fck a mag\u00e1nyos m\u00e9hek, katicabogarak, f\u00e1tyolk\u00e1k, lepk\u00e9k \u00e9s bogarak sokf\u00e9le ig\u00e9ny\u00e9t el\u00e9g\u00edtik ki.<\/p><\/div>","protected":false},"excerpt":{"rendered":"<p>M\u00e1rka: MOC Factory<br \/>\nNem: Uniszex<br \/>\nKoroszt\u00e1ly: &gt; 6 \u00e9v<br \/>\nModellsz\u00e1m: 89166<br \/>\nBesorol\u00e1s: \u00d6sszeszerel\u00e9s<br \/>\nM\u0171anyag blokk forma: \u00f6nz\u00e1r\u00f3 t\u00e9gla<br \/>\nAnyaga: M\u0171anyag<br \/>\nM\u0171anyag t\u00edpus: ABS<br \/>\nT\u00e9gl\u00e1k Blokkok: 472 +<br \/>\nEredeti doboza nincs<\/p>","protected":false},"featured_media":55728,"comment_status":"open","ping_status":"closed","template":"","meta":{"_acf_changed":false},"product_cat":[1365,371],"product_tag":[11072,8452,2318,11130],"class_list":["product","first","instock","shipping-taxable","purchasable","product-type-simple"],"acf":[],"_links":{"self":[{"href":"https:\/\/mouldking.store\/hu\/wp-json\/wp\/v2\/product\/55729","targetHints":{"allow":["GET"]}}],"collection":[{"href":"https:\/\/mouldking.store\/hu\/wp-json\/wp\/v2\/product"}],"about":[{"href":"https:\/\/mouldking.store\/hu\/wp-json\/wp\/v2\/types\/product"}],"replies":[{"embeddable":true,"href":"https:\/\/mouldking.store\/hu\/wp-json\/wp\/v2\/comments?post=55729"}],"wp:featuredmedia":[{"embeddable":true,"href":"https:\/\/mouldking.store\/hu\/wp-json\/wp\/v2\/media\/55728"}],"wp:attachment":[{"href":"https:\/\/mouldking.store\/hu\/wp-json\/wp\/v2\/media?parent=55729"}],"wp:term":[{"taxonomy":"product_cat","embeddable":true,"href":"https:\/\/mouldking.store\/hu\/wp-json\/wp\/v2\/product_cat?post=55729"},{"taxonomy":"product_tag","embeddable":true,"href":"https:\/\/mouldking.store\/hu\/wp-json\/wp\/v2\/product_tag?post=55729"}],"curies":[{"name":"wp","href":"https:\/\/api.w.org\/{rel}","templated":true}]}}