{"id":55738,"date":"2024-03-05T13:06:58","date_gmt":"2024-03-05T06:06:58","guid":{"rendered":"https:\/\/mouldking.store\/shop\/moc-factory-89165-brown-bear-combination-with-400-pieces\/"},"modified":"2025-12-16T20:59:13","modified_gmt":"2025-12-16T13:59:13","slug":"moc-factory-89165-brown-bear-combination-with-400-pieces","status":"publish","type":"product","link":"https:\/\/mouldking.store\/hu\/shop\/moc-factory-89165-brown-bear-combination-with-400-pieces\/","title":{"rendered":"MOC Factory 89165 Barna medve kombin\u00e1ci\u00f3 400 darabbal"},"content":{"rendered":"<div>\u2705 MOC-89165 Brown Bear Combination<\/p>\n<p>\u2705A brown bear combination might simply refer to a brown bear, which is a large bear species found in various habitats across North America, Europe, and Asia. Brown bears are known for their distinctive brown fur and can vary in size depending on their geographic location and subspecies. They are omnivorous, feeding on a diet that includes fish, berries, grasses, and small mammals.<\/p>\n<p>\ud83d\udeab FONTOS!<\/p>\n<p>Product Name: Brown Bear Combination<\/p>\n<p>Kateg\u00f3ria: Alkot\u00f3<\/p>\n<p>This Kit Contains: F-C9684<\/p>\n<p>400 db j\u00f3 min\u0151s\u00e9g\u0171 t\u00e9gla<\/p>\n<p>S\u00faly: 0,43 kg<\/p>\n<p>PDF \u00datmutat\u00f3<\/p>\n<p>\ud83d\udcccA f\u0151szerepl\u0151 term\u00e9szete<\/p>\n<p>Introducing our proud collection named \u201cBrown Bear Combination\u201d you should not miss.<\/p>\n<p>Brown bears are impressive creatures, with their large size, powerful build, and distinctive brown fur. Many people find them beautiful and awe-inspiring to observe in their natural habitat. Brown bears hold symbolic meaning in various cultures around the world. They may represent strength, courage, wisdom, or other qualities that people admire.&nbsp;<\/p><\/div>","protected":false},"excerpt":{"rendered":"<p>M\u00e1rka: MOC Factory<br \/>\nNem: Uniszex<br \/>\nKoroszt\u00e1ly: &gt; 6 \u00e9v<br \/>\nModel Number: 89165<br \/>\nBesorol\u00e1s: \u00d6sszeszerel\u00e9s<br \/>\nM\u0171anyag blokk forma: \u00f6nz\u00e1r\u00f3 t\u00e9gla<br \/>\nAnyaga: M\u0171anyag<br \/>\nM\u0171anyag t\u00edpus: ABS<br \/>\nT\u00e9gla T\u00e9gla: 400+<br \/>\nEredeti doboza nincs<\/p>","protected":false},"featured_media":55737,"comment_status":"open","ping_status":"closed","template":"","meta":{"_acf_changed":false},"product_cat":[1365,371],"product_tag":[8055,13079,11745,11072,8452],"class_list":["product","first","instock","shipping-taxable","purchasable","product-type-simple"],"acf":[],"_links":{"self":[{"href":"https:\/\/mouldking.store\/hu\/wp-json\/wp\/v2\/product\/55738","targetHints":{"allow":["GET"]}}],"collection":[{"href":"https:\/\/mouldking.store\/hu\/wp-json\/wp\/v2\/product"}],"about":[{"href":"https:\/\/mouldking.store\/hu\/wp-json\/wp\/v2\/types\/product"}],"replies":[{"embeddable":true,"href":"https:\/\/mouldking.store\/hu\/wp-json\/wp\/v2\/comments?post=55738"}],"wp:featuredmedia":[{"embeddable":true,"href":"https:\/\/mouldking.store\/hu\/wp-json\/wp\/v2\/media\/55737"}],"wp:attachment":[{"href":"https:\/\/mouldking.store\/hu\/wp-json\/wp\/v2\/media?parent=55738"}],"wp:term":[{"taxonomy":"product_cat","embeddable":true,"href":"https:\/\/mouldking.store\/hu\/wp-json\/wp\/v2\/product_cat?post=55738"},{"taxonomy":"product_tag","embeddable":true,"href":"https:\/\/mouldking.store\/hu\/wp-json\/wp\/v2\/product_tag?post=55738"}],"curies":[{"name":"wp","href":"https:\/\/api.w.org\/{rel}","templated":true}]}}