{"id":55902,"date":"2024-03-06T10:05:56","date_gmt":"2024-03-06T03:05:56","guid":{"rendered":"https:\/\/mouldking.store\/shop\/moc-factory-166965-kamen-rider-series-buffa-with-1287-pieces\/"},"modified":"2025-12-16T20:59:13","modified_gmt":"2025-12-16T13:59:13","slug":"moc-factory-166965-kamen-rider-series-buffa-with-1287-pieces","status":"publish","type":"product","link":"https:\/\/mouldking.store\/hu\/shop\/moc-factory-166965-kamen-rider-series-buffa-with-1287-pieces\/","title":{"rendered":"MOC Factory 166965 Kamen Rider Series Buffa with 1287 Pieces"},"content":{"rendered":"<div>\u2705 MOC-166965 Kamen Rider Series Buffa<\/p>\n<p>\u2705When Buffa brute-forces his transformation with his broken Core ID, his left eye becomes cracked, and the Buffa Muleta on his right leg is blackened out with a torn and tattered appearance. Additionally, blue electricity constantly bursts from the driver, temporarily paralyzing him mid-battle.<\/p>\n<p>\ud83d\udeab FONTOS!<\/p>\n<p>Product Name: Kamen Rider Series Buffa<\/p>\n<p>Kateg\u00f3ria: Film<\/p>\n<p>This Kit Contains: C9957<\/p>\n<p>1287 db J\u00f3 min\u0151s\u00e9g\u0171 t\u00e9gla<\/p>\n<p>Size: 16 x 25 x 30 cm<\/p>\n<p>Weight: 0.52 kg<\/p>\n<p>PDF \u00datmutat\u00f3<\/p>\n<p>\ud83d\udcccA f\u0151szerepl\u0151 term\u00e9szete<\/p>\n<p>Introducing our proud collection named \u201cKamen Rider Series Buffa\u201d you should not miss.<\/p>\n<p>Buffa&#8217;s head-mounted device. It expands the player&#8217;s head functions and protects the head with lightweight yet extremely strong composite armor. With a shape that symbolizes the Rider&#8217;s crest on the ID Core, it also functions as a visual aid to increase Buffa&#8217;s visibility. Buffa&#8217;s horns. The super-hard horns increase psychological intimidation of the target as well as fighting ability, making them the most distinctive feature of Buffa, whose specialty is close combat. Buffa&#8217;s compound eyes. The visual information obtained here is transmitted via an internal display, protecting the player&#8217;s eyes from intense light such as explosions that suddenly occur during a game.<\/p><\/div>","protected":false},"excerpt":{"rendered":"<p>M\u00e1rka: MOC Factory<br \/>\nNem: Uniszex<br \/>\nKoroszt\u00e1ly: &gt; 6 \u00e9v<br \/>\nModel Number: 166965<br \/>\nBesorol\u00e1s: \u00d6sszeszerel\u00e9s<br \/>\nM\u0171anyag blokk forma: \u00f6nz\u00e1r\u00f3 t\u00e9gla<br \/>\nAnyaga: M\u0171anyag<br \/>\nM\u0171anyag t\u00edpus: ABS<br \/>\nT\u00e9gla T\u00e9gla: 1287 +<br \/>\nEredeti doboza nincs<\/p>","protected":false},"featured_media":55901,"comment_status":"open","ping_status":"closed","template":"","meta":{"_acf_changed":false},"product_cat":[1365,371,581,1408],"product_tag":[13058,11072,8452,13056,13057,434,13013],"class_list":["product","first","instock","shipping-taxable","purchasable","product-type-simple"],"acf":[],"_links":{"self":[{"href":"https:\/\/mouldking.store\/hu\/wp-json\/wp\/v2\/product\/55902","targetHints":{"allow":["GET"]}}],"collection":[{"href":"https:\/\/mouldking.store\/hu\/wp-json\/wp\/v2\/product"}],"about":[{"href":"https:\/\/mouldking.store\/hu\/wp-json\/wp\/v2\/types\/product"}],"replies":[{"embeddable":true,"href":"https:\/\/mouldking.store\/hu\/wp-json\/wp\/v2\/comments?post=55902"}],"wp:featuredmedia":[{"embeddable":true,"href":"https:\/\/mouldking.store\/hu\/wp-json\/wp\/v2\/media\/55901"}],"wp:attachment":[{"href":"https:\/\/mouldking.store\/hu\/wp-json\/wp\/v2\/media?parent=55902"}],"wp:term":[{"taxonomy":"product_cat","embeddable":true,"href":"https:\/\/mouldking.store\/hu\/wp-json\/wp\/v2\/product_cat?post=55902"},{"taxonomy":"product_tag","embeddable":true,"href":"https:\/\/mouldking.store\/hu\/wp-json\/wp\/v2\/product_tag?post=55902"}],"curies":[{"name":"wp","href":"https:\/\/api.w.org\/{rel}","templated":true}]}}