{"id":55941,"date":"2024-03-06T10:25:32","date_gmt":"2024-03-06T03:25:32","guid":{"rendered":"https:\/\/mouldking.store\/shop\/moc-factory-89143-75362-stand-with-87-pieces\/"},"modified":"2025-12-16T20:59:13","modified_gmt":"2025-12-16T13:59:13","slug":"moc-factory-89143-75362-stand-with-87-pieces","status":"publish","type":"product","link":"https:\/\/mouldking.store\/hu\/shop\/moc-factory-89143-75362-stand-with-87-pieces\/","title":{"rendered":"MOC Factory 89143 75362 \u00c1llv\u00e1ny 87 darabbal"},"content":{"rendered":"<div>\u2705 MOC-89143 75362 Stand<\/p>\n<p>\u2705The brick Imperial Shuttle set allows you to build a detailed replica of the iconic Imperial Shuttle from the Star Wars universe. This set includes mini-figures of Darth Vader, Luke Skywalker, and an Imperial Officer, as well as various accessories and weapons.<\/p>\n<p>\ud83d\udeab FONTOS!<\/p>\n<p>Product Name: 75362 Stand<\/p>\n<p>Kateg\u00f3ria: Alkot\u00f3<\/p>\n<p>This Kit Contains: F-C9687<\/p>\n<p>87 pcs Good Quality Bricks<\/p>\n<p>Weight: 0.17 kg<\/p>\n<p>PDF \u00datmutat\u00f3<\/p>\n<p>\ud83d\udcccA f\u0151szerepl\u0151 term\u00e9szete<\/p>\n<p>Introducing our proud collection named \u201c75362 Stand\u201d you should not miss.<\/p>\n<p>75362 offers Star Wars fans the opportunity to build and play with an iconic vehicle from the saga, along with mini-figures of key characters. It&#8217;s a must-have for collectors and enthusiasts of the brick Star Wars series.<\/p><\/div>","protected":false},"excerpt":{"rendered":"<p>M\u00e1rka: MOC Factory<br \/>\nNem: Uniszex<br \/>\nKoroszt\u00e1ly: &gt; 6 \u00e9v<br \/>\nModel Number: 89143<br \/>\nBesorol\u00e1s: \u00d6sszeszerel\u00e9s<br \/>\nM\u0171anyag blokk forma: \u00f6nz\u00e1r\u00f3 t\u00e9gla<br \/>\nAnyaga: M\u0171anyag<br \/>\nM\u0171anyag t\u00edpus: ABS<br \/>\nBricks Blocks: 87 +<br \/>\nEredeti doboza nincs<\/p>","protected":false},"featured_media":55940,"comment_status":"open","ping_status":"closed","template":"","meta":{"_acf_changed":false},"product_cat":[1365,371,415],"product_tag":[11072,8452,9946,436],"class_list":["product","first","instock","shipping-taxable","purchasable","product-type-simple"],"acf":[],"_links":{"self":[{"href":"https:\/\/mouldking.store\/hu\/wp-json\/wp\/v2\/product\/55941","targetHints":{"allow":["GET"]}}],"collection":[{"href":"https:\/\/mouldking.store\/hu\/wp-json\/wp\/v2\/product"}],"about":[{"href":"https:\/\/mouldking.store\/hu\/wp-json\/wp\/v2\/types\/product"}],"replies":[{"embeddable":true,"href":"https:\/\/mouldking.store\/hu\/wp-json\/wp\/v2\/comments?post=55941"}],"wp:featuredmedia":[{"embeddable":true,"href":"https:\/\/mouldking.store\/hu\/wp-json\/wp\/v2\/media\/55940"}],"wp:attachment":[{"href":"https:\/\/mouldking.store\/hu\/wp-json\/wp\/v2\/media?parent=55941"}],"wp:term":[{"taxonomy":"product_cat","embeddable":true,"href":"https:\/\/mouldking.store\/hu\/wp-json\/wp\/v2\/product_cat?post=55941"},{"taxonomy":"product_tag","embeddable":true,"href":"https:\/\/mouldking.store\/hu\/wp-json\/wp\/v2\/product_tag?post=55941"}],"curies":[{"name":"wp","href":"https:\/\/api.w.org\/{rel}","templated":true}]}}