{"id":55973,"date":"2024-03-06T10:40:44","date_gmt":"2024-03-06T03:40:44","guid":{"rendered":"https:\/\/mouldking.store\/shop\/jiestar-61055-strategic-bomber-with-886-pieces\/"},"modified":"2024-03-06T10:40:46","modified_gmt":"2024-03-06T03:40:46","slug":"jiestar-61055-strategic-bomber-with-886-pieces","status":"publish","type":"product","link":"https:\/\/mouldking.store\/hu\/shop\/jiestar-61055-strategic-bomber-with-886-pieces\/","title":{"rendered":"JIESTAR 61055 Strat\u00e9giai bomb\u00e1z\u00f3 886 darabos"},"content":{"rendered":"<div>\u2705JIESTAR 61055 Strategic Bomber<\/p>\n<p>\u2705A strategic bomber is a powerful military aircraft designed primarily to penetrate enemy airspace and deliver large payloads of bombs to strategic targets deep within enemy territory.<\/p>\n<p>\ud83d\udeab FONTOS!<\/p>\n<p>Product Name: Strategic Bomber<\/p>\n<p>Kateg\u00f3ria: Katonai<\/p>\n<p>This Kit Contains: JIESTAR 61055<\/p>\n<p>886 pcs Good Quality Bricks<\/p>\n<p>Size: 39.7 \u00d7 16.2 cm<\/p>\n<p>K\u00e9zi utas\u00edt\u00e1sok<\/p>\n<p>\ud83d\udcccA f\u0151szerepl\u0151 term\u00e9szete<\/p>\n<p>Introducing our proud collection named \u201cStrategic Bomber\u201d you should not miss.<\/p>\n<p>Strategic bombers are capable of flying long distances without refueling, allowing them to reach targets far from their home bases. This enables them to strike deep into enemy territory, even if it&#8217;s well-defended. They can carry a significant payload of bombs, missiles, or other munitions, including both conventional and nuclear weapons. This makes them effective for attacking key infrastructure, military installations, or strategic targets such as command centers or industrial complexes.<\/p><\/div>","protected":false},"excerpt":{"rendered":"<p>M\u00e1rka: JIESTAR<br \/>\nNem: Uniszex<br \/>\nKoroszt\u00e1ly: 8 \u00e9v felett<br \/>\nModel Number: 61055<br \/>\nBesorol\u00e1s: \u00d6sszeszerel\u00e9s<br \/>\nM\u0171anyag blokk forma: \u00f6nz\u00e1r\u00f3 t\u00e9gla<br \/>\nAnyaga: M\u0171anyag<br \/>\nM\u0171anyag t\u00edpus: ABS<br \/>\nBricks Blocks: 886 +<br \/>\nEredeti doboza nincs<\/p>","protected":false},"featured_media":55972,"comment_status":"open","ping_status":"closed","template":"","meta":{"_acf_changed":false},"product_cat":[1350,1357,372,364],"product_tag":[5533,374,12714,389],"class_list":["product","first","instock","shipping-taxable","purchasable","product-type-simple"],"acf":[],"_links":{"self":[{"href":"https:\/\/mouldking.store\/hu\/wp-json\/wp\/v2\/product\/55973","targetHints":{"allow":["GET"]}}],"collection":[{"href":"https:\/\/mouldking.store\/hu\/wp-json\/wp\/v2\/product"}],"about":[{"href":"https:\/\/mouldking.store\/hu\/wp-json\/wp\/v2\/types\/product"}],"replies":[{"embeddable":true,"href":"https:\/\/mouldking.store\/hu\/wp-json\/wp\/v2\/comments?post=55973"}],"wp:featuredmedia":[{"embeddable":true,"href":"https:\/\/mouldking.store\/hu\/wp-json\/wp\/v2\/media\/55972"}],"wp:attachment":[{"href":"https:\/\/mouldking.store\/hu\/wp-json\/wp\/v2\/media?parent=55973"}],"wp:term":[{"taxonomy":"product_cat","embeddable":true,"href":"https:\/\/mouldking.store\/hu\/wp-json\/wp\/v2\/product_cat?post=55973"},{"taxonomy":"product_tag","embeddable":true,"href":"https:\/\/mouldking.store\/hu\/wp-json\/wp\/v2\/product_tag?post=55973"}],"curies":[{"name":"wp","href":"https:\/\/api.w.org\/{rel}","templated":true}]}}