{"id":55976,"date":"2024-03-06T10:42:02","date_gmt":"2024-03-06T03:42:02","guid":{"rendered":"https:\/\/mouldking.store\/shop\/jiestar-61054-long-range-bombers-with-788-pieces\/"},"modified":"2024-03-06T10:42:04","modified_gmt":"2024-03-06T03:42:04","slug":"jiestar-61054-long-range-bombers-with-788-pieces","status":"publish","type":"product","link":"https:\/\/mouldking.store\/hu\/shop\/jiestar-61054-long-range-bombers-with-788-pieces\/","title":{"rendered":"JIESTAR 61054 Nagy hat\u00f3t\u00e1vols\u00e1g\u00fa bomb\u00e1z\u00f3k 788 darabbal"},"content":{"rendered":"<div>\u2705JIESTAR 61054 Long-range Bombers<\/p>\n<p>\u2705Long-range bombers are a subset of strategic bombers designed to have extended operational ranges, enabling them to reach distant targets without the need for refueling or with minimal refueling.&nbsp;<\/p>\n<p>\ud83d\udeab FONTOS!<\/p>\n<p>Product Name: Long-range Bombers&nbsp;<\/p>\n<p>Kateg\u00f3ria: Katonai<\/p>\n<p>This Kit Contains: JIESTAR 61054<\/p>\n<p>788 pcs Good Quality Bricks<\/p>\n<p>Size: 32.5 \u00d7 9.7 cm<\/p>\n<p>K\u00e9zi utas\u00edt\u00e1sok<\/p>\n<p>\ud83d\udcccA f\u0151szerepl\u0151 term\u00e9szete<\/p>\n<p>Introducing our proud collection named \u201c Long-range Bombers \u201d you should not miss.<\/p>\n<p>Long-range bombers are capable of flying thousands of miles without refueling, allowing them to project power over vast distances and reach targets deep within enemy territory. This extended range is achieved through efficient fuel systems, aerodynamic design, and advanced engine technology. Like other strategic bombers, long-range bombers can carry significant payloads of bombs, missiles, or other munitions. This allows them to strike multiple targets or deliver massive amounts of firepower to a single target, making them effective tools for strategic bombing campaigns.<\/p><\/div>","protected":false},"excerpt":{"rendered":"<p>M\u00e1rka: JIESTAR<br \/>\nNem: Uniszex<br \/>\nKoroszt\u00e1ly: 8 \u00e9v felett<br \/>\nModel Number: 61054<br \/>\nBesorol\u00e1s: \u00d6sszeszerel\u00e9s<br \/>\nM\u0171anyag blokk forma: \u00f6nz\u00e1r\u00f3 t\u00e9gla<br \/>\nAnyaga: M\u0171anyag<br \/>\nM\u0171anyag t\u00edpus: ABS<br \/>\nBricks Blocks: 788 +<br \/>\nEredeti doboza nincs<\/p>","protected":false},"featured_media":55975,"comment_status":"open","ping_status":"closed","template":"","meta":{"_acf_changed":false},"product_cat":[1350,1357,372,364],"product_tag":[5533,11917,374,11531,389],"class_list":["product","first","instock","shipping-taxable","purchasable","product-type-simple"],"acf":[],"_links":{"self":[{"href":"https:\/\/mouldking.store\/hu\/wp-json\/wp\/v2\/product\/55976","targetHints":{"allow":["GET"]}}],"collection":[{"href":"https:\/\/mouldking.store\/hu\/wp-json\/wp\/v2\/product"}],"about":[{"href":"https:\/\/mouldking.store\/hu\/wp-json\/wp\/v2\/types\/product"}],"replies":[{"embeddable":true,"href":"https:\/\/mouldking.store\/hu\/wp-json\/wp\/v2\/comments?post=55976"}],"wp:featuredmedia":[{"embeddable":true,"href":"https:\/\/mouldking.store\/hu\/wp-json\/wp\/v2\/media\/55975"}],"wp:attachment":[{"href":"https:\/\/mouldking.store\/hu\/wp-json\/wp\/v2\/media?parent=55976"}],"wp:term":[{"taxonomy":"product_cat","embeddable":true,"href":"https:\/\/mouldking.store\/hu\/wp-json\/wp\/v2\/product_cat?post=55976"},{"taxonomy":"product_tag","embeddable":true,"href":"https:\/\/mouldking.store\/hu\/wp-json\/wp\/v2\/product_tag?post=55976"}],"curies":[{"name":"wp","href":"https:\/\/api.w.org\/{rel}","templated":true}]}}